{"id":707973,"date":"2025-08-27T16:10:40","date_gmt":"2025-08-27T13:10:40","guid":{"rendered":"https:\/\/roveyayinevi.com.tr\/index.php\/urun\/okult-cadilik-ve-buyu-resimli-tarih\/"},"modified":"2026-02-03T02:28:07","modified_gmt":"2026-02-02T23:28:07","slug":"okult-cadilik-ve-buyu-resimli-tarih","status":"publish","type":"product","link":"https:\/\/roveyayinevi.com.tr\/index.php\/urun\/okult-cadilik-ve-buyu-resimli-tarih\/","title":{"rendered":"Ok\u00fclt Cad\u0131l\u0131k ve B\u00fcy\u00fc Resimli Tarih"},"content":{"rendered":"<p>Ta\u015f Devri \u015eamanlar\u0131ndan Mezopotamya astrolojisi, H\u00fcrmasonluk ve modern d\u00fcnyada b\u00fcy\u00fcc\u00fcl\u00fc\u011fe uzanan muhte\u015fem bir ezoterik bilgiler tarih\u00e7esi: \u201cOk\u00fclt, Cad\u0131l\u0131k ve B\u00fcy\u00fc\u201d \u0130nsano\u011flu tarih boyunca \u015fu veya bu \u015fekilde b\u00fcy\u00fcye inanm\u0131\u015ft\u0131r. Rasyonel d\u00fc\u015f\u00fcnce ve bilimin giderek daha da a\u011f\u0131rl\u0131k kazand\u0131\u011f\u0131 bir d\u00fcnyada ok\u00fclt ya da gizli bilgilerin, bizden sakl\u0131 ba\u015fka bir ger\u00e7ekli\u011fe eri\u015fim sunaca\u011f\u0131 d\u00fc\u015f\u00fcncesi h\u00e2l\u00e2 yayg\u0131nd\u0131r. Ok\u00fclt, Cad\u0131l\u0131k ve B\u00fcy\u00fc, Yontma Ta\u015f Devri\u2019nde bir ma\u011faran\u0131n kasvetli ortam\u0131ndaki b\u00fcy\u00fc inanc\u0131n\u0131n varl\u0131\u011f\u0131na dair kan\u0131tlardan, i\u00e7inde bulundu\u011fumuz parlak dijital \u00e7a\u011fa ve bu \u00e7a\u011fda yeniden canlanan paganizm ilgisine kadar b\u00fct\u00fcn \u015fifreli, mistik ve uhrevi yakla\u015f\u0131mlar\u0131n canl\u0131 ve s\u00fcr\u00fckleyici bir tarihini sunuyor. K\u00fclt\u00fcrleraras\u0131 temalar\u0131n ve b\u00fcy\u00fcc\u00fcl\u00fck tarihinin \u00f6nde gelen fig\u00fcrlerinin nadir ve az bilinen kaynaklardan al\u0131nma y\u00fczlerce resim e\u015fli\u011finde yak\u0131ndan incelendi\u011fi bu kitap b\u00fcy\u00fc merakl\u0131lar\u0131n\u0131n oldu\u011fu kadar \u015f\u00fcphecilerin de ilgisini \u00e7ekecek b\u00fcy\u00fcleyici ve kar\u015f\u0131 koyulmas\u0131 zor bir ezoterik d\u00fc\u015f\u00fcnce kayna\u011f\u0131. 400\u2019den fazla resim e\u015fli\u011finde <\/p>\n","protected":false},"excerpt":{"rendered":"<p>Ta\u015f Devri \u015eamanlar\u0131ndan Mezopotamya astrolojisi, H\u00fcrmasonluk ve modern d\u00fcnyada b\u00fcy\u00fcc\u00fcl\u00fc\u011fe uzanan muhte\u015fem bir ezoterik bilgiler tarih\u00e7esi: \u201cOk\u00fclt, Cad\u0131l\u0131k ve B\u00fcy\u00fc\u201d \u0130nsano\u011flu tarih boyunca \u015fu veya bu<span class=\"excerpt-hellip\"> [\u2026]<\/span><\/p>\n","protected":false},"featured_media":0,"template":"","meta":{"_monsterinsights_skip_tracking":false,"_monsterinsights_sitenote_active":false,"_monsterinsights_sitenote_note":"","_monsterinsights_sitenote_category":0},"product_brand":[],"product_cat":[12718,12858],"product_tag":[],"class_list":{"0":"post-707973","1":"product","2":"type-product","3":"status-publish","5":"product_cat-din","6":"product_cat-mitolojiler","7":"pa_cilt-ciltsiz","8":"pa_tur-kitap","9":"pa_yayinevi-yapi-kredi-yayinlari","10":"pa_yazar-christopher-dell","12":"first","13":"instock","14":"sale","15":"shipping-taxable","16":"purchasable","17":"product-type-simple"},"_links":{"self":[{"href":"https:\/\/roveyayinevi.com.tr\/index.php\/wp-json\/wp\/v2\/product\/707973","targetHints":{"allow":["GET"]}}],"collection":[{"href":"https:\/\/roveyayinevi.com.tr\/index.php\/wp-json\/wp\/v2\/product"}],"about":[{"href":"https:\/\/roveyayinevi.com.tr\/index.php\/wp-json\/wp\/v2\/types\/product"}],"wp:attachment":[{"href":"https:\/\/roveyayinevi.com.tr\/index.php\/wp-json\/wp\/v2\/media?parent=707973"}],"wp:term":[{"taxonomy":"product_brand","embeddable":true,"href":"https:\/\/roveyayinevi.com.tr\/index.php\/wp-json\/wp\/v2\/product_brand?post=707973"},{"taxonomy":"product_cat","embeddable":true,"href":"https:\/\/roveyayinevi.com.tr\/index.php\/wp-json\/wp\/v2\/product_cat?post=707973"},{"taxonomy":"product_tag","embeddable":true,"href":"https:\/\/roveyayinevi.com.tr\/index.php\/wp-json\/wp\/v2\/product_tag?post=707973"}],"curies":[{"name":"wp","href":"https:\/\/api.w.org\/{rel}","templated":true}]}}