{"id":707969,"date":"2025-08-27T16:10:38","date_gmt":"2025-08-27T13:10:38","guid":{"rendered":"https:\/\/roveyayinevi.com.tr\/index.php\/urun\/ejder-cocuk-2\/"},"modified":"2026-04-16T02:16:44","modified_gmt":"2026-04-15T23:16:44","slug":"ejder-cocuk-2","status":"publish","type":"product","link":"https:\/\/roveyayinevi.com.tr\/index.php\/urun\/ejder-cocuk-2\/","title":{"rendered":"Ejder \u00c7ocuk"},"content":{"rendered":"<p>Maks\u2019\u0131n tek bir amac\u0131 vard\u0131r: G\u00f6r\u00fcnmez olmak. Bunun i\u00e7in kendince nedenleri vard\u0131r.Maks\u2019\u0131n kendi sorunlar\u0131, s\u0131k\u0131c\u0131 dersler ve zorba arkada\u015flar\u0131 y\u00fcz\u00fcnden kabusa d\u00f6nen okul g\u00fcnleri \u00f6\u011fretmenler odas\u0131ndaki \u00e7\u00f6p\u00fcn i\u00e7inde Ejder \u00c7ocuk \u00e7izgi roman\u0131n\u0131 bulmas\u0131yla renklenir. Bu inan\u0131lmaz, nefes kesici, b\u00fct\u00fcn zorluklar\u0131n \u00fcstesinden gelebilen ejderha maskeli s\u00fcper g\u00fc\u00e7lere sahip s\u00fcper kahraman\u0131n yarat\u0131c\u0131s\u0131 kimdir? \u00dcstelik maceralar\u0131n devam\u0131 da gelir. Birisi ona bir mesaj m\u0131 vermeye \u00e7al\u0131\u015f\u0131yordur? Maks bu gizemi \u00e7\u00f6zmeye kararl\u0131d\u0131r.Guido Sgardoli\u2019nin e\u011flenceli kaleminden cesaret ve hayal g\u00fcc\u00fc \u00fczerine s\u00fcr\u00fckleyici, d\u00fc\u015f\u00fcnd\u00fcr\u00fcc\u00fc e\u011flenceli, harika bir roman. Maks\u2019\u0131n ya\u015fad\u0131\u011f\u0131 zorluklar\u0131n \u00fcstesinden gelme hikayesi ilham veriyor, h\u00fcz\u00fcnlendiriyor ama g\u00fcld\u00fcr\u00fcyor da. <\/p>\n","protected":false},"excerpt":{"rendered":"<p>Maks\u2019\u0131n tek bir amac\u0131 vard\u0131r: G\u00f6r\u00fcnmez olmak. Bunun i\u00e7in kendince nedenleri vard\u0131r.Maks\u2019\u0131n kendi sorunlar\u0131, s\u0131k\u0131c\u0131 dersler ve zorba arkada\u015flar\u0131 y\u00fcz\u00fcnden kabusa d\u00f6nen okul g\u00fcnleri \u00f6\u011fretmenler odas\u0131ndaki<span class=\"excerpt-hellip\"> [\u2026]<\/span><\/p>\n","protected":false},"featured_media":0,"template":"","meta":{"_monsterinsights_skip_tracking":false,"_monsterinsights_sitenote_active":false,"_monsterinsights_sitenote_note":"","_monsterinsights_sitenote_category":0},"product_brand":[],"product_cat":[12274,12284],"product_tag":[],"class_list":{"0":"post-707969","1":"product","2":"type-product","3":"status-publish","5":"product_cat-cocuk-ve-genclik-kitaplari","6":"product_cat-hikayeler","7":"pa_cilt-ciltsiz","8":"pa_tur-kitap","9":"pa_yayinevi-yapi-kredi-yayinlari","10":"pa_yazar-guido-sgardoli","12":"first","13":"instock","14":"sale","15":"shipping-taxable","16":"purchasable","17":"product-type-simple"},"_links":{"self":[{"href":"https:\/\/roveyayinevi.com.tr\/index.php\/wp-json\/wp\/v2\/product\/707969","targetHints":{"allow":["GET"]}}],"collection":[{"href":"https:\/\/roveyayinevi.com.tr\/index.php\/wp-json\/wp\/v2\/product"}],"about":[{"href":"https:\/\/roveyayinevi.com.tr\/index.php\/wp-json\/wp\/v2\/types\/product"}],"wp:attachment":[{"href":"https:\/\/roveyayinevi.com.tr\/index.php\/wp-json\/wp\/v2\/media?parent=707969"}],"wp:term":[{"taxonomy":"product_brand","embeddable":true,"href":"https:\/\/roveyayinevi.com.tr\/index.php\/wp-json\/wp\/v2\/product_brand?post=707969"},{"taxonomy":"product_cat","embeddable":true,"href":"https:\/\/roveyayinevi.com.tr\/index.php\/wp-json\/wp\/v2\/product_cat?post=707969"},{"taxonomy":"product_tag","embeddable":true,"href":"https:\/\/roveyayinevi.com.tr\/index.php\/wp-json\/wp\/v2\/product_tag?post=707969"}],"curies":[{"name":"wp","href":"https:\/\/api.w.org\/{rel}","templated":true}]}}