{"id":707967,"date":"2025-08-27T16:10:37","date_gmt":"2025-08-27T13:10:37","guid":{"rendered":"https:\/\/roveyayinevi.com.tr\/index.php\/urun\/justice-league-cilt-4-grid\/"},"modified":"2026-04-16T02:16:43","modified_gmt":"2026-04-15T23:16:43","slug":"justice-league-cilt-4-grid","status":"publish","type":"product","link":"https:\/\/roveyayinevi.com.tr\/index.php\/urun\/justice-league-cilt-4-grid\/","title":{"rendered":"Justice League Cilt 4 &#8211; Grid"},"content":{"rendered":"<p>Justice League \u0130\u00e7ten \u00c7\u00f6kertiliyor!Justice League&#8217;i olu\u015fturan kahramanlar bile b\u00fct\u00fcn gezegeni korumak i\u00e7in yeterli olam\u0131yorlard\u0131. Superman, Batman, Wonder Woman, Flash, Cyborg ve Aquaman yeni tak\u0131m arkada\u015flar\u0131 almak i\u00e7in de\u011ferlendirme toplant\u0131lar\u0131 yapmaya ba\u015flad\u0131klar\u0131nda D\u00fcnya \u00fczerindeki en g\u00fc\u00e7l\u00fc ki\u015filer bunun i\u00e7in geldiler. Ama onlardan bir tanesi ekibe kat\u0131lmak i\u00e7in de\u011fil, onlar\u0131 yok etmek i\u00e7in oradayd\u0131!Y\u0131llar boyunca Justice League&#8217;i par\u00e7alamak i\u00e7in planlar yap\u0131lm\u0131\u015ft\u0131. \u00dcstelik en g\u00fc\u00e7l\u00fc d\u00fc\u015fmanlar\u0131ndan biri Justice League&#8217;in merkezine sald\u0131rd\u0131\u011f\u0131nda Superman, Batman ve Wonder Woman&#8217;\u0131 birbirine d\u00fc\u015f\u00fcrecek zincirleme reaksiyon ba\u015flayacak, onlar\u0131n ad\u0131n\u0131 kullanan di\u011fer iki tak\u0131mla sava\u015flar\u0131n\u0131n ba\u015flang\u0131c\u0131 olacakt\u0131: Justice League of America ve Justice League Dark!Ama kahramanlar birbiriyle sava\u015ft\u0131\u011f\u0131nda, kazananlar en b\u00fcy\u00fck d\u00fc\u015fmanlar\u0131 olacakt\u0131r!Justice League bu felaketten kurtulabilecek mi?S\u00fcperstar yarat\u0131c\u0131lar Geoff Johns ve \u0130van Reis, Justice League: Gird ile Justice League&#8217;i kaybedecekleri bir sava\u015fa g\u00f6nderiyor! <\/p>\n","protected":false},"excerpt":{"rendered":"<p>Justice League \u0130\u00e7ten \u00c7\u00f6kertiliyor!Justice League&#8217;i olu\u015fturan kahramanlar bile b\u00fct\u00fcn gezegeni korumak i\u00e7in yeterli olam\u0131yorlard\u0131. Superman, Batman, Wonder Woman, Flash, Cyborg ve Aquaman yeni tak\u0131m arkada\u015flar\u0131 almak<span class=\"excerpt-hellip\"> [\u2026]<\/span><\/p>\n","protected":false},"featured_media":0,"template":"","meta":{"_monsterinsights_skip_tracking":false,"_monsterinsights_sitenote_active":false,"_monsterinsights_sitenote_note":"","_monsterinsights_sitenote_category":0},"product_brand":[],"product_cat":[12689,12274],"product_tag":[],"class_list":{"0":"post-707967","1":"product","2":"type-product","3":"status-publish","5":"product_cat-cizgi-roman-cocuk-ve-genclik-kitaplari","6":"product_cat-cocuk-ve-genclik-kitaplari","7":"pa_cilt-ciltsiz","8":"pa_tur-kitap","9":"pa_yayinevi-yapi-kredi-yayinlari","10":"pa_yazar-geoff-johns-ivan-reis-joe-prado","12":"first","13":"instock","14":"sale","15":"shipping-taxable","16":"purchasable","17":"product-type-simple"},"_links":{"self":[{"href":"https:\/\/roveyayinevi.com.tr\/index.php\/wp-json\/wp\/v2\/product\/707967","targetHints":{"allow":["GET"]}}],"collection":[{"href":"https:\/\/roveyayinevi.com.tr\/index.php\/wp-json\/wp\/v2\/product"}],"about":[{"href":"https:\/\/roveyayinevi.com.tr\/index.php\/wp-json\/wp\/v2\/types\/product"}],"wp:attachment":[{"href":"https:\/\/roveyayinevi.com.tr\/index.php\/wp-json\/wp\/v2\/media?parent=707967"}],"wp:term":[{"taxonomy":"product_brand","embeddable":true,"href":"https:\/\/roveyayinevi.com.tr\/index.php\/wp-json\/wp\/v2\/product_brand?post=707967"},{"taxonomy":"product_cat","embeddable":true,"href":"https:\/\/roveyayinevi.com.tr\/index.php\/wp-json\/wp\/v2\/product_cat?post=707967"},{"taxonomy":"product_tag","embeddable":true,"href":"https:\/\/roveyayinevi.com.tr\/index.php\/wp-json\/wp\/v2\/product_tag?post=707967"}],"curies":[{"name":"wp","href":"https:\/\/api.w.org\/{rel}","templated":true}]}}