{"id":707965,"date":"2025-08-27T16:10:36","date_gmt":"2025-08-27T13:10:36","guid":{"rendered":"https:\/\/roveyayinevi.com.tr\/index.php\/urun\/devletin-basi\/"},"modified":"2026-04-08T02:21:59","modified_gmt":"2026-04-07T23:21:59","slug":"devletin-basi","status":"publish","type":"product","link":"https:\/\/roveyayinevi.com.tr\/index.php\/urun\/devletin-basi\/","title":{"rendered":"Devletin Ba\u015f\u0131"},"content":{"rendered":"<p>Machiavelli\u2019yi bile mezar\u0131nda ters d\u00f6nd\u00fcrecek t\u00fcrden, son derece g\u00f6z\u00fc pek bir komplo, Brexit hakk\u0131nda yaz\u0131lm\u0131\u015f ilk gerilim roman\u0131.Halk oylamas\u0131na \u00fc\u00e7 g\u00fcn kala, Birle\u015fik Krall\u0131k\u2019\u0131n Avrupa\u2019daki gelece\u011fi sallant\u0131dad\u0131r. Perde arkas\u0131nda \u00e7al\u0131\u015fan son derece kararl\u0131 bir grup, sonucun kendi lehlerine \u00e7\u0131kmas\u0131n\u0131 garantilemek i\u00e7in her \u015feyi g\u00f6ze alm\u0131\u015ft\u0131r \u2013 cinayet dahil!Sahip oldu\u011fu \u00f6zel bilgileri son derece yerinde kullanan Andrew Marr\u2019\u0131n zekice yaz\u0131lm\u0131\u015f bu heyecanl\u0131 roman\u0131, iktidar\u0131n koridorlar\u0131nda keyifle dolanan bir entrika&#8230;\u201cKaranl\u0131k ve komik bir polisiye gerilim.\u201d &#8211; The Daily Mail\u201cS\u00fcr\u00fckleyici.\u201d &#8211; Sunday Times<\/p>\n","protected":false},"excerpt":{"rendered":"<p>Machiavelli\u2019yi bile mezar\u0131nda ters d\u00f6nd\u00fcrecek t\u00fcrden, son derece g\u00f6z\u00fc pek bir komplo, Brexit hakk\u0131nda yaz\u0131lm\u0131\u015f ilk gerilim roman\u0131.Halk oylamas\u0131na \u00fc\u00e7 g\u00fcn kala, Birle\u015fik Krall\u0131k\u2019\u0131n Avrupa\u2019daki gelece\u011fi<span class=\"excerpt-hellip\"> [\u2026]<\/span><\/p>\n","protected":false},"featured_media":0,"template":"","meta":{"_monsterinsights_skip_tracking":false,"_monsterinsights_sitenote_active":false,"_monsterinsights_sitenote_note":"","_monsterinsights_sitenote_category":0},"product_brand":[],"product_cat":[12291,12711],"product_tag":[],"class_list":{"0":"post-707965","1":"product","2":"type-product","3":"status-publish","5":"product_cat-edebiyat","6":"product_cat-roman-oyku","7":"pa_cilt-ciltsiz","8":"pa_tur-kitap","9":"pa_yayinevi-yapi-kredi-yayinlari","10":"pa_yazar-andrew-marr","12":"first","13":"instock","14":"sale","15":"shipping-taxable","16":"purchasable","17":"product-type-simple"},"_links":{"self":[{"href":"https:\/\/roveyayinevi.com.tr\/index.php\/wp-json\/wp\/v2\/product\/707965","targetHints":{"allow":["GET"]}}],"collection":[{"href":"https:\/\/roveyayinevi.com.tr\/index.php\/wp-json\/wp\/v2\/product"}],"about":[{"href":"https:\/\/roveyayinevi.com.tr\/index.php\/wp-json\/wp\/v2\/types\/product"}],"wp:attachment":[{"href":"https:\/\/roveyayinevi.com.tr\/index.php\/wp-json\/wp\/v2\/media?parent=707965"}],"wp:term":[{"taxonomy":"product_brand","embeddable":true,"href":"https:\/\/roveyayinevi.com.tr\/index.php\/wp-json\/wp\/v2\/product_brand?post=707965"},{"taxonomy":"product_cat","embeddable":true,"href":"https:\/\/roveyayinevi.com.tr\/index.php\/wp-json\/wp\/v2\/product_cat?post=707965"},{"taxonomy":"product_tag","embeddable":true,"href":"https:\/\/roveyayinevi.com.tr\/index.php\/wp-json\/wp\/v2\/product_tag?post=707965"}],"curies":[{"name":"wp","href":"https:\/\/api.w.org\/{rel}","templated":true}]}}