{"id":707963,"date":"2025-08-27T16:10:35","date_gmt":"2025-08-27T13:10:35","guid":{"rendered":"https:\/\/roveyayinevi.com.tr\/index.php\/urun\/milli-tarih-nedir\/"},"modified":"2026-04-16T02:16:43","modified_gmt":"2026-04-15T23:16:43","slug":"milli-tarih-nedir","status":"publish","type":"product","link":"https:\/\/roveyayinevi.com.tr\/index.php\/urun\/milli-tarih-nedir\/","title":{"rendered":"Milli Tarih Nedir?"},"content":{"rendered":"<p>Milli tarih kavram\u0131 bir taraf\u0131yla ulus devlet tart\u0131\u015fmas\u0131n\u0131, bir taraf\u0131yla da tarihin neli\u011fi tart\u0131\u015fmas\u0131n\u0131 i\u00e7inde bar\u0131nd\u0131r\u0131r. Ulus devletlerin in\u015fas\u0131, beraberinde milli tarihlerinin de in\u015fas\u0131 anlam\u0131n\u0131 ta\u015f\u0131maktad\u0131r. Bu durum ayn\u0131 zamanda ulusun homojenli\u011fine ve milli k\u00fclt\u00fcre yap\u0131lan vurgu ile ulusun ge\u00e7mi\u015fteki ortak k\u00fclt\u00fcr etraf\u0131nda tanzim edilme s\u00fcrecidir. Bu s\u00fcrecin ele\u015ftiriye u\u011framas\u0131, ulus in\u015fas\u0131n\u0131n bir arac\u0131 olarak milli tarihe dair tart\u0131\u015fmalar\u0131n ortaya \u00e7\u0131k\u0131\u015f\u0131na kar\u015f\u0131l\u0131k gelir.Kavram olarak milli tarih bug\u00fcnde \u00fcretilir ve in\u015fa edilir. Milli tarihle kar\u015f\u0131la\u015fan \u00f6znenin d\u0131\u015f\u0131nda bu in\u015fa s\u00fcrecinin \u00f6znesi ise tarihi in\u015fa eden tarih\u00e7iler ve in\u015fa edilen milli tarihi yayg\u0131nla\u015ft\u0131ran tarih e\u011fitimcilerinden ba\u015fkas\u0131 de\u011fildir. Ba\u015fka bir ifadeyle bug\u00fcn de milli tarih bir taraf\u0131yla \u00f6znenin milli tarihe y\u00fckledi\u011fi anlamlarken di\u011fer taraftan tarih\u00e7ilerin in\u015fa etti\u011fi tarihler ve tarih e\u011fitimcisinin milli tarihi yayg\u0131nla\u015ft\u0131rma s\u00fcrecidir.Ahmet Vurgun, bug\u00fcne kadar yap\u0131lan milli tarih tart\u0131\u015fmalar\u0131n\u0131n \u0131\u015f\u0131\u011f\u0131nda milli tarihi hem in\u015fa edenlerin hem de \u00f6\u011fretenlerin g\u00f6z\u00fcyle incelemektedir. Yazar, \u00fclkenin d\u00f6rt bir taraf\u0131nda i\u015f ya\u015fant\u0131lar\u0131n\u0131 s\u00fcrd\u00fcren tarih\u00e7iler ve tarih e\u011fitimcileriyle yapt\u0131\u011f\u0131 g\u00f6r\u00fc\u015fmeler neticesinde bug\u00fcnk\u00fc milli tarihin neli\u011fini tart\u0131\u015f\u0131yor; milli tarihle, tarih \u00f6\u011fretimiyle ilgilenenler ve ulus devletin ideolojik ayg\u0131tlar\u0131 \u00fczerine d\u00fc\u015f\u00fcnen ve yazanlar i\u00e7in yeni ufuklar a\u00e7\u0131yor.<\/p>\n","protected":false},"excerpt":{"rendered":"<p>Milli tarih kavram\u0131 bir taraf\u0131yla ulus devlet tart\u0131\u015fmas\u0131n\u0131, bir taraf\u0131yla da tarihin neli\u011fi tart\u0131\u015fmas\u0131n\u0131 i\u00e7inde bar\u0131nd\u0131r\u0131r. Ulus devletlerin in\u015fas\u0131, beraberinde milli tarihlerinin de in\u015fas\u0131 anlam\u0131n\u0131 ta\u015f\u0131maktad\u0131r.<span class=\"excerpt-hellip\"> [\u2026]<\/span><\/p>\n","protected":false},"featured_media":0,"template":"","meta":{"_monsterinsights_skip_tracking":false,"_monsterinsights_sitenote_active":false,"_monsterinsights_sitenote_note":"","_monsterinsights_sitenote_category":0},"product_brand":[],"product_cat":[12370,12304],"product_tag":[],"class_list":{"0":"post-707963","1":"product","2":"type-product","3":"status-publish","5":"product_cat-arastirma-inceleme","6":"product_cat-tarih","7":"pa_cilt-ciltsiz","8":"pa_tur-kitap","9":"pa_yayinevi-yeni-insan-yayinlari","10":"pa_yazar-ahmet-vurgun","12":"first","13":"instock","14":"sale","15":"shipping-taxable","16":"purchasable","17":"product-type-simple"},"_links":{"self":[{"href":"https:\/\/roveyayinevi.com.tr\/index.php\/wp-json\/wp\/v2\/product\/707963","targetHints":{"allow":["GET"]}}],"collection":[{"href":"https:\/\/roveyayinevi.com.tr\/index.php\/wp-json\/wp\/v2\/product"}],"about":[{"href":"https:\/\/roveyayinevi.com.tr\/index.php\/wp-json\/wp\/v2\/types\/product"}],"wp:attachment":[{"href":"https:\/\/roveyayinevi.com.tr\/index.php\/wp-json\/wp\/v2\/media?parent=707963"}],"wp:term":[{"taxonomy":"product_brand","embeddable":true,"href":"https:\/\/roveyayinevi.com.tr\/index.php\/wp-json\/wp\/v2\/product_brand?post=707963"},{"taxonomy":"product_cat","embeddable":true,"href":"https:\/\/roveyayinevi.com.tr\/index.php\/wp-json\/wp\/v2\/product_cat?post=707963"},{"taxonomy":"product_tag","embeddable":true,"href":"https:\/\/roveyayinevi.com.tr\/index.php\/wp-json\/wp\/v2\/product_tag?post=707963"}],"curies":[{"name":"wp","href":"https:\/\/api.w.org\/{rel}","templated":true}]}}