{"id":707962,"date":"2025-08-27T16:10:35","date_gmt":"2025-08-27T13:10:35","guid":{"rendered":"https:\/\/roveyayinevi.com.tr\/index.php\/urun\/su-acayip-surungenler\/"},"modified":"2026-04-16T02:16:43","modified_gmt":"2026-04-15T23:16:43","slug":"su-acayip-surungenler","status":"publish","type":"product","link":"https:\/\/roveyayinevi.com.tr\/index.php\/urun\/su-acayip-surungenler\/","title":{"rendered":"\u015eu Acayip S\u00fcr\u00fcngenler"},"content":{"rendered":"<p>Okul programlar\u0131nda ya da kitap fuarlar\u0131nda kar\u015f\u0131la\u015ft\u0131\u011f\u0131m okuyucular\u0131ma, \u201cAcaba bir sonraki acayip \u015feyler kitab\u0131 ne ile ilgili olsun?\u201d diye sordu\u011fumda, en \u00e7ok kar\u015f\u0131la\u015ft\u0131\u011f\u0131m teklifin \u201c\u015eu Acayip Dinozorlar\u201d olmas\u0131 beni olduk\u00e7a \u015fa\u015f\u0131rt\u0131yor.Neden mi? \u00c7\u00fcnk\u00fc yery\u00fcz\u00fcnde art\u0131k tek bir dinozor bile ya\u015fam\u0131yor da ondan! Fakat dinozor severleri de k\u0131rmak istemedi\u011fim i\u00e7in, hi\u00e7 de\u011filse, h\u00e2len ayn\u0131 yerkabu\u011funu payla\u015f\u0131p, ayn\u0131 atmosferin alt\u0131nda \u00e7ekirdek \u00e7\u0131tlatt\u0131\u011f\u0131m\u0131z s\u00fcr\u00fcngenleri yazay\u0131m dedim. Belki dinozorlar kadar iri k\u0131y\u0131m yarat\u0131klar de\u011filler ama en az\u0131ndan b\u00fct\u00fcn acayiplikleriyle birlikte capcanl\u0131lar. \u00dcstelik tarih \u00f6ncesinin dev yarat\u0131klar\u0131yla yak\u0131n akraba olduklar\u0131 da s\u00f6ylenebilir. Mesela bir komodo ejderini b\u00fcy\u00fctsen b\u00fcy\u00fctsen ve biraz daha b\u00fcy\u00fctsen lo\u015f \u0131\u015f\u0131kta T-REX olarak yutturabilirsiniz rahatl\u0131kla&#8230; Timsahlar ise zaten \u015fu halleriyle bile, dinozor severleri heyecanland\u0131r\u0131yor olmal\u0131lar.\u0130guanalar, dikenli \u00e7\u00f6l kertenkeleleri, bukalemunlar, y\u0131lanlar ve tabii kaplumba\u011falarla dolu bir acayip \u015feyler ser\u00fcveni i\u00e7in \u00f6nden buyrun l\u00fctfen! Merak etmeyin y\u0131lanlar\u0131 en sona koydum. \u0130lk s\u0131rada kaplumba\u011falar var\u2026<\/p>\n","protected":false},"excerpt":{"rendered":"<p>Okul programlar\u0131nda ya da kitap fuarlar\u0131nda kar\u015f\u0131la\u015ft\u0131\u011f\u0131m okuyucular\u0131ma, \u201cAcaba bir sonraki acayip \u015feyler kitab\u0131 ne ile ilgili olsun?\u201d diye sordu\u011fumda, en \u00e7ok kar\u015f\u0131la\u015ft\u0131\u011f\u0131m teklifin \u201c\u015eu Acayip<span class=\"excerpt-hellip\"> [\u2026]<\/span><\/p>\n","protected":false},"featured_media":0,"template":"","meta":{"_monsterinsights_skip_tracking":false,"_monsterinsights_sitenote_active":false,"_monsterinsights_sitenote_note":"","_monsterinsights_sitenote_category":0},"product_brand":[],"product_cat":[13829,12274],"product_tag":[],"class_list":{"0":"post-707962","1":"product","2":"type-product","3":"status-publish","5":"product_cat-bilimsel-kitaplar","6":"product_cat-cocuk-ve-genclik-kitaplari","7":"pa_cilt-ciltsiz","8":"pa_tur-kitap","9":"pa_yayinevi-ugurbocegi-yayinlari","10":"pa_yazar-tarik-uslu","12":"first","13":"instock","14":"sale","15":"shipping-taxable","16":"purchasable","17":"product-type-simple"},"_links":{"self":[{"href":"https:\/\/roveyayinevi.com.tr\/index.php\/wp-json\/wp\/v2\/product\/707962","targetHints":{"allow":["GET"]}}],"collection":[{"href":"https:\/\/roveyayinevi.com.tr\/index.php\/wp-json\/wp\/v2\/product"}],"about":[{"href":"https:\/\/roveyayinevi.com.tr\/index.php\/wp-json\/wp\/v2\/types\/product"}],"wp:attachment":[{"href":"https:\/\/roveyayinevi.com.tr\/index.php\/wp-json\/wp\/v2\/media?parent=707962"}],"wp:term":[{"taxonomy":"product_brand","embeddable":true,"href":"https:\/\/roveyayinevi.com.tr\/index.php\/wp-json\/wp\/v2\/product_brand?post=707962"},{"taxonomy":"product_cat","embeddable":true,"href":"https:\/\/roveyayinevi.com.tr\/index.php\/wp-json\/wp\/v2\/product_cat?post=707962"},{"taxonomy":"product_tag","embeddable":true,"href":"https:\/\/roveyayinevi.com.tr\/index.php\/wp-json\/wp\/v2\/product_tag?post=707962"}],"curies":[{"name":"wp","href":"https:\/\/api.w.org\/{rel}","templated":true}]}}