{"id":707958,"date":"2025-08-27T16:10:33","date_gmt":"2025-08-27T13:10:33","guid":{"rendered":"https:\/\/roveyayinevi.com.tr\/index.php\/urun\/beyaz-pantolon\/"},"modified":"2026-04-16T02:16:43","modified_gmt":"2026-04-15T23:16:43","slug":"beyaz-pantolon","status":"publish","type":"product","link":"https:\/\/roveyayinevi.com.tr\/index.php\/urun\/beyaz-pantolon\/","title":{"rendered":"Beyaz Pantolon"},"content":{"rendered":"<p>B\u00fcy\u00fcmek dedi\u011fin\u2026Ya\u015far Kemal bize b\u00fct\u00fcn eserlerinde yoksullar\u0131, ezilenleri, zulme u\u011frayanlar\u0131, emek\u00e7ileri, memleket insan\u0131n\u0131, \u00e7ocuklar\u0131 anlatt\u0131\u2026 Bunca yoksullu\u011fa, yoksunlu\u011fa, ac\u0131ya ra\u011fmen, hayat\u0131n bu cehennem k\u0131y\u0131s\u0131n\u0131 anlat\u0131rken bile kelimelerini hep umuda kilitledi.\u201cBeyaz Pantolon\u201d hik\u00e2yesinde, ayakkab\u0131 tamircisi Mustafa\u2019n\u0131n bir beyaz pantolon alabilmek u\u011fruna tu\u011fla oca\u011f\u0131nda \u00f6l\u00fcm\u00fcne verdi\u011fi m\u00fccadele, yazar\u0131n Sar\u0131 S\u0131cak kitab\u0131nda yer al\u0131yordu.\u015eimdi ise, Sedat Girgin\u2019in resimleriyle ba\u011f\u0131ms\u0131z bir kitap olarak okurlarla bulu\u015fuyor. <\/p>\n","protected":false},"excerpt":{"rendered":"<p>B\u00fcy\u00fcmek dedi\u011fin\u2026Ya\u015far Kemal bize b\u00fct\u00fcn eserlerinde yoksullar\u0131, ezilenleri, zulme u\u011frayanlar\u0131, emek\u00e7ileri, memleket insan\u0131n\u0131, \u00e7ocuklar\u0131 anlatt\u0131\u2026 Bunca yoksullu\u011fa, yoksunlu\u011fa, ac\u0131ya ra\u011fmen, hayat\u0131n bu cehennem k\u0131y\u0131s\u0131n\u0131 anlat\u0131rken bile<span class=\"excerpt-hellip\"> [\u2026]<\/span><\/p>\n","protected":false},"featured_media":0,"template":"","meta":{"_monsterinsights_skip_tracking":false,"_monsterinsights_sitenote_active":false,"_monsterinsights_sitenote_note":"","_monsterinsights_sitenote_category":0},"product_brand":[],"product_cat":[12274,12284],"product_tag":[],"class_list":{"0":"post-707958","1":"product","2":"type-product","3":"status-publish","5":"product_cat-cocuk-ve-genclik-kitaplari","6":"product_cat-hikayeler","7":"pa_cilt-ciltsiz","8":"pa_tur-kitap","9":"pa_yayinevi-yapi-kredi-yayinlari","10":"pa_yazar-yasar-kemal","12":"first","13":"instock","14":"sale","15":"shipping-taxable","16":"purchasable","17":"product-type-simple"},"_links":{"self":[{"href":"https:\/\/roveyayinevi.com.tr\/index.php\/wp-json\/wp\/v2\/product\/707958","targetHints":{"allow":["GET"]}}],"collection":[{"href":"https:\/\/roveyayinevi.com.tr\/index.php\/wp-json\/wp\/v2\/product"}],"about":[{"href":"https:\/\/roveyayinevi.com.tr\/index.php\/wp-json\/wp\/v2\/types\/product"}],"wp:attachment":[{"href":"https:\/\/roveyayinevi.com.tr\/index.php\/wp-json\/wp\/v2\/media?parent=707958"}],"wp:term":[{"taxonomy":"product_brand","embeddable":true,"href":"https:\/\/roveyayinevi.com.tr\/index.php\/wp-json\/wp\/v2\/product_brand?post=707958"},{"taxonomy":"product_cat","embeddable":true,"href":"https:\/\/roveyayinevi.com.tr\/index.php\/wp-json\/wp\/v2\/product_cat?post=707958"},{"taxonomy":"product_tag","embeddable":true,"href":"https:\/\/roveyayinevi.com.tr\/index.php\/wp-json\/wp\/v2\/product_tag?post=707958"}],"curies":[{"name":"wp","href":"https:\/\/api.w.org\/{rel}","templated":true}]}}