{"id":707957,"date":"2025-08-27T16:10:32","date_gmt":"2025-08-27T13:10:32","guid":{"rendered":"https:\/\/roveyayinevi.com.tr\/index.php\/urun\/firtina-cocuklari\/"},"modified":"2026-04-16T02:16:43","modified_gmt":"2026-04-15T23:16:43","slug":"firtina-cocuklari","status":"publish","type":"product","link":"https:\/\/roveyayinevi.com.tr\/index.php\/urun\/firtina-cocuklari\/","title":{"rendered":"F\u0131rt\u0131na \u00c7ocuklar\u0131"},"content":{"rendered":"<p>Rus-Sovyet ger\u00e7ek\u00e7i yaz\u0131n\u0131nda \u00f6zel bir yeri olan Nikolay Ostrovski, 32 y\u0131ll\u0131k k\u0131sa ya\u015fam\u0131nda iki \u00f6nemli yap\u0131ta imza atm\u0131\u015ft\u0131r. Sovyetler Birli\u011fi d\u00f6neminde K\u0131z\u0131l Ordu safl ar\u0131nda sava\u015f\u0131p yaralanan, ard\u0131ndan fel\u00e7 ge\u00e7irip yata\u011fa ba\u011fl\u0131 h\u00e2le gelen ve k\u00f6r olan yazar, hayat\u0131n\u0131n bu zorlu d\u00f6neminde yazmaya sar\u0131lm\u0131\u015f, bu ko\u015fullarda kaleme ald\u0131\u011f\u0131 romanlardan ilki, Ve \u00c7eli\u011fe Su Verildi ona d\u00fcnyaca \u00fcn kazand\u0131rm\u0131\u015ft\u0131r.\u0130kinci roman\u0131, F\u0131rt\u0131na \u00c7ocuklar\u0131 ise hem ilk romandaki \u00f6zya\u015famsal \u00f6geleri tamamlar niteliktedir, hem de \u201c1918-1919 y\u0131llar\u0131nda Polonya ve Ukrayna\u2019da ge\u00e7en olaylar\u0131n b\u00fcy\u00fck bir tarih\u00ee freskini ortaya koymaya\u201d d\u00f6n\u00fck kapsaml\u0131 bir giri\u015fimdir.Ostrovski, \u00fc\u00e7 cilt olarak planlad\u0131\u011f\u0131 bu uzun soluklu roman\u0131n\u0131n ilk cildini tamamlad\u0131ktan sonra, maalesef hayat\u0131n\u0131 kaybetmi\u015ftir. Kahramanlar\u0131ndan s\u00f6z ederken, \u201cBu bana yak\u0131n ve de\u011ferli varl\u0131klar hi\u00e7 akl\u0131mdan \u00e7\u0131km\u0131yor\u201d diyen Ostrovski, bu anlamda hayat\u0131n\u0131n son d\u00f6nemini ve g\u00fcnlerini hep F\u0131rt\u0131na \u00c7ocuklar\u0131 ile ge\u00e7irmi\u015ftir. Bize kalan sayfalar, yazar\u0131n sonuna kadar g\u00f6t\u00fcrme f\u0131rsat\u0131 bulamad\u0131\u011f\u0131 bunca geni\u015f ve g\u00fc\u00e7l\u00fc yap\u0131t\u0131n\u0131n de\u011ferine tan\u0131kl\u0131k ederken, F\u0131rt\u0131na \u00c7ocuklar\u0131 yirminci y\u00fczy\u0131l\u0131n en kritik d\u00f6nemlerinden birini \u015fa\u015f\u0131rt\u0131c\u0131 bir canl\u0131l\u0131kta ortaya koymaktad\u0131r.\u201cOstrovski\u2019nin, ger\u00e7ek yan\u0131 a\u011f\u0131r basan, do\u011fru ve b\u00fcy\u00fck m\u00fccadelenin tutku ve cesaretiyle dolu kitaplar\u0131 bir\u00e7ok Sovyet ve yabanc\u0131 ulus ku\u015fa\u011f\u0131n\u0131 kendisine ba\u011flayacak; onun sava\u015f\u00e7\u0131 ve h\u00fcmanist ki\u015fili\u011fi, ilerici insanl\u0131\u011f\u0131n belle\u011findeki canl\u0131, etkili ve de\u011ferli yerini her zaman koruyacakt\u0131r.\u201d Anna Karavayeva <\/p>\n","protected":false},"excerpt":{"rendered":"<p>Rus-Sovyet ger\u00e7ek\u00e7i yaz\u0131n\u0131nda \u00f6zel bir yeri olan Nikolay Ostrovski, 32 y\u0131ll\u0131k k\u0131sa ya\u015fam\u0131nda iki \u00f6nemli yap\u0131ta imza atm\u0131\u015ft\u0131r. Sovyetler Birli\u011fi d\u00f6neminde K\u0131z\u0131l Ordu safl ar\u0131nda sava\u015f\u0131p<span class=\"excerpt-hellip\"> [\u2026]<\/span><\/p>\n","protected":false},"featured_media":0,"template":"","meta":{"_monsterinsights_skip_tracking":false,"_monsterinsights_sitenote_active":false,"_monsterinsights_sitenote_note":"","_monsterinsights_sitenote_category":0},"product_brand":[],"product_cat":[12291,13570],"product_tag":[],"class_list":{"0":"post-707957","1":"product","2":"type-product","3":"status-publish","5":"product_cat-edebiyat","6":"product_cat-rus-edebiyati","7":"pa_cilt-ciltsiz","8":"pa_tur-kitap","9":"pa_yayinevi-yordam-kitap","10":"pa_yazar-nikolay-ostrovski","12":"first","13":"instock","14":"sale","15":"shipping-taxable","16":"purchasable","17":"product-type-simple"},"_links":{"self":[{"href":"https:\/\/roveyayinevi.com.tr\/index.php\/wp-json\/wp\/v2\/product\/707957","targetHints":{"allow":["GET"]}}],"collection":[{"href":"https:\/\/roveyayinevi.com.tr\/index.php\/wp-json\/wp\/v2\/product"}],"about":[{"href":"https:\/\/roveyayinevi.com.tr\/index.php\/wp-json\/wp\/v2\/types\/product"}],"wp:attachment":[{"href":"https:\/\/roveyayinevi.com.tr\/index.php\/wp-json\/wp\/v2\/media?parent=707957"}],"wp:term":[{"taxonomy":"product_brand","embeddable":true,"href":"https:\/\/roveyayinevi.com.tr\/index.php\/wp-json\/wp\/v2\/product_brand?post=707957"},{"taxonomy":"product_cat","embeddable":true,"href":"https:\/\/roveyayinevi.com.tr\/index.php\/wp-json\/wp\/v2\/product_cat?post=707957"},{"taxonomy":"product_tag","embeddable":true,"href":"https:\/\/roveyayinevi.com.tr\/index.php\/wp-json\/wp\/v2\/product_tag?post=707957"}],"curies":[{"name":"wp","href":"https:\/\/api.w.org\/{rel}","templated":true}]}}