{"id":707956,"date":"2025-08-27T16:10:32","date_gmt":"2025-08-27T13:10:32","guid":{"rendered":"https:\/\/roveyayinevi.com.tr\/index.php\/urun\/1902-dogumlular\/"},"modified":"2026-04-16T02:16:43","modified_gmt":"2026-04-15T23:16:43","slug":"1902-dogumlular","status":"publish","type":"product","link":"https:\/\/roveyayinevi.com.tr\/index.php\/urun\/1902-dogumlular\/","title":{"rendered":"1902 Do\u011fumlular"},"content":{"rendered":"<p>Yirminci y\u00fczy\u0131l\u0131n ilk yar\u0131s\u0131nda d\u00fcnyam\u0131z\u0131 alt\u00fcst eden iki b\u00fcy\u00fck sava\u015f \u2013ya\u015fanan derin \u00fcz\u00fcnt\u00fc ve ac\u0131lar bir tarafa\u2013 d\u00fcnya edebiyat\u0131na, bar\u0131\u015ftan, karde\u015flikten ve insanc\u0131ll\u0131ktan yana \u00e7ok g\u00fc\u00e7l\u00fc bir soluk katt\u0131. Alman yazar Ernst Glaeser ve onun ba\u015fyap\u0131t\u0131 1902 Do\u011fumlular, karanl\u0131klar ortas\u0131ndaki bu \u201cumutlu hava\u201dn\u0131n bir par\u00e7as\u0131. Sava\u015f ko\u015fullar\u0131n\u0131, sava\u015fa giden yollar\u0131 ve sava\u015f\u0131n ta kendisini \u00e7ocuklar\u0131n bak\u0131\u015f a\u00e7\u0131s\u0131yla anlatmak ise bu \u201cumutlu hava\u201dya ayr\u0131 bir renk katt\u0131.Sahiden de \u00e7ocuklar\u0131n g\u00f6z\u00fcyle anlat\u0131lan olaylar\u0131n, apayr\u0131 bir etkisi var: Ger\u00e7ekle ba\u015fka t\u00fcrl\u00fc kurulan ba\u011flant\u0131lar, hayal g\u00fcc\u00fcn\u00fcn daha \u00e7ok devreye girmesi, b\u00fcy\u00fcklerin ve cinselli\u011fin d\u00fcnyas\u0131na d\u00f6n\u00fck \u00f6zel ke\u015fifl er, abart\u0131lar, \u00e7ocuklar\u0131 gen\u00e7 ya\u015fta olgunla\u015ft\u0131rabilen deneyimlere ra\u011fmen korunan masumiyet\u2026Sava\u015f\u0131n ve zorlu ko\u015fullar\u0131n, \u00e7ocuklar\u0131n g\u00f6z\u00fcnden anlat\u0131lmas\u0131 1902 Do\u011fumlular\u2019a da farkl\u0131 bir g\u00fc\u00e7 ve hava kat\u0131yor\u2026 1902 senesinde do\u011fup, 1. D\u00fcnya Sava\u015f\u0131\u2019n\u0131 12-16 ya\u015flar\u0131nda kar\u015f\u0131layan ve ya\u015fayan \u00e7ocuklar\u0131n g\u00f6zleri, insanl\u0131\u011fa dair \u00e7ok \u015fey anlat\u0131yor. 1902 Do\u011fumlular, \u00f6zg\u00fcn anlat\u0131m tarz\u0131 ve hem melankolik hem de mizahi \u00f6geler bar\u0131nd\u0131ran diliyle; neredeyse bir \u201claboratuvar\u201d \u00f6zelli\u011fi sunan k\u00fc\u00e7\u00fck bir Alman kasabas\u0131ndaki gen\u00e7lerin siyasi ve cinsel uyan\u0131\u015flar\u0131n\u0131, sosyal demokrat siyasetin enternasyonalizm ile milliyet\u00e7ilik aras\u0131nda s\u0131k\u0131\u015fmas\u0131n\u0131, a\u00e7l\u0131k ve ekmek kavgas\u0131n\u0131 \u00e7ok canl\u0131 bir bi\u00e7imde anlat\u0131yor.Sonu\u00e7ta kar\u015f\u0131m\u0131za, Ernest Hemingway\u2019in s\u00f6zleriyle \u201cOla\u011fan\u00fcst\u00fc g\u00fczel bir roman\u201d \u00e7\u0131k\u0131yor\u2026 <\/p>\n","protected":false},"excerpt":{"rendered":"<p>Yirminci y\u00fczy\u0131l\u0131n ilk yar\u0131s\u0131nda d\u00fcnyam\u0131z\u0131 alt\u00fcst eden iki b\u00fcy\u00fck sava\u015f \u2013ya\u015fanan derin \u00fcz\u00fcnt\u00fc ve ac\u0131lar bir tarafa\u2013 d\u00fcnya edebiyat\u0131na, bar\u0131\u015ftan, karde\u015flikten ve insanc\u0131ll\u0131ktan yana \u00e7ok g\u00fc\u00e7l\u00fc<span class=\"excerpt-hellip\"> [\u2026]<\/span><\/p>\n","protected":false},"featured_media":0,"template":"","meta":{"_monsterinsights_skip_tracking":false,"_monsterinsights_sitenote_active":false,"_monsterinsights_sitenote_note":"","_monsterinsights_sitenote_category":0},"product_brand":[],"product_cat":[12782,12291],"product_tag":[],"class_list":{"0":"post-707956","1":"product","2":"type-product","3":"status-publish","5":"product_cat-alman-edebiyati","6":"product_cat-edebiyat","7":"pa_cilt-ciltsiz","8":"pa_tur-kitap","9":"pa_yayinevi-yordam-kitap","10":"pa_yazar-ernst-glaeser","12":"first","13":"instock","14":"sale","15":"shipping-taxable","16":"purchasable","17":"product-type-simple"},"_links":{"self":[{"href":"https:\/\/roveyayinevi.com.tr\/index.php\/wp-json\/wp\/v2\/product\/707956","targetHints":{"allow":["GET"]}}],"collection":[{"href":"https:\/\/roveyayinevi.com.tr\/index.php\/wp-json\/wp\/v2\/product"}],"about":[{"href":"https:\/\/roveyayinevi.com.tr\/index.php\/wp-json\/wp\/v2\/types\/product"}],"wp:attachment":[{"href":"https:\/\/roveyayinevi.com.tr\/index.php\/wp-json\/wp\/v2\/media?parent=707956"}],"wp:term":[{"taxonomy":"product_brand","embeddable":true,"href":"https:\/\/roveyayinevi.com.tr\/index.php\/wp-json\/wp\/v2\/product_brand?post=707956"},{"taxonomy":"product_cat","embeddable":true,"href":"https:\/\/roveyayinevi.com.tr\/index.php\/wp-json\/wp\/v2\/product_cat?post=707956"},{"taxonomy":"product_tag","embeddable":true,"href":"https:\/\/roveyayinevi.com.tr\/index.php\/wp-json\/wp\/v2\/product_tag?post=707956"}],"curies":[{"name":"wp","href":"https:\/\/api.w.org\/{rel}","templated":true}]}}