{"id":707955,"date":"2025-08-27T16:10:31","date_gmt":"2025-08-27T13:10:31","guid":{"rendered":"https:\/\/roveyayinevi.com.tr\/index.php\/urun\/elcilik-kenti\/"},"modified":"2026-04-16T02:16:43","modified_gmt":"2026-04-15T23:16:43","slug":"elcilik-kenti","status":"publish","type":"product","link":"https:\/\/roveyayinevi.com.tr\/index.php\/urun\/elcilik-kenti\/","title":{"rendered":"El\u00e7ilik Kenti"},"content":{"rendered":"<p>Bilim kurgu ve fantastik edebiyat\u0131n \u201cNobel\u201di say\u0131lan Arthur C. Clarke \u00d6d\u00fcl\u00fc\u2019n\u00fc \u00fc\u00e7 kez kazanan tek yazar China Mi\u00e9ville\u2019in El\u00e7ilik Kenti; dilbilim ile politikan\u0131n i\u00e7 i\u00e7e ge\u00e7ti\u011fi bir tuhaf b\u00f6lge, yazar\u0131n d\u00fc\u015f\u00fcnsel, kurgusal ve bi\u00e7imsel yetkinli\u011finin zirveye ula\u015ft\u0131\u011f\u0131 bir sanat yap\u0131t\u0131. Kitap 2012 y\u0131l\u0131nda En \u0130yi Bilim Kurgu Roman\u0131 se\u00e7ilerek Locus \u00d6d\u00fcl\u00fc\u2019n\u00fc kazand\u0131.Bazen\u2019in k\u0131y\u0131s\u0131nda Herzaman\u2019\u0131n i\u00e7inde bir d\u00fcnyay\u0131 merkezine alan El\u00e7ilik Kenti, okuyucular\u0131n\u0131 zaman ve uzamda benzersiz bir dal\u0131\u015f maceras\u0131na davet ediyor. Roman, insanlar\u0131n, egzotlar\u0131n ve kendine \u00f6zg\u00fc bir t\u00fcr olan Ev Sahipleri\u2019nin birlikte ya\u015fad\u0131\u011f\u0131 Arieka gezegeninde ge\u00e7iyor. Arieka\u2019da ya\u015fayan bu farkl\u0131 t\u00fcrlerin ileti\u015fiminin yeg\u00e2ne y\u00fcr\u00fct\u00fcc\u00fcs\u00fc ise birer genetik m\u00fchendislik \u00fcr\u00fcn\u00fc olan El\u00e7iler; ta ki beklenmedik bir ba\u015fka El\u00e7inin oraya geli\u015fine dek\u2026Kitab\u0131n ba\u015f karakteri dalg\u0131\u00e7 Avice Benner Cho, D\u0131\u015far\u0131\u2019da ya\u015fad\u0131\u011f\u0131 maceralar ve edindi\u011fi deneyimlerden sonra d\u00f6nd\u00fc\u011f\u00fc Arieka kadar karma\u015f\u0131k ve gizemli. Ariekal\u0131lar i\u00e7inse bir \u201cbenzetme\u201d. Mi\u00e9ville\u2019in, oda\u011f\u0131na dilin g\u00fcc\u00fcn\u00fc ve dilin sonsuza a\u00e7\u0131lan ihtimallerini koydu\u011fu bu roman\u0131nda, incelikli bir diplomasiye, yeni el\u00e7inin var\u0131\u015f\u0131yla beraber farkl\u0131l\u0131klar\u0131 bir arada tutan hassas dengelerin bozulu\u015funa; bir yandan da yeni bir dengenin do\u011fum sanc\u0131lar\u0131na tan\u0131k oluyoruz. Art\u0131k ne g\u00fcvenebilece\u011fi bir a\u015fk\u0131 ne de kendini g\u00fcvende hissedebilece\u011fi bir evi olan, t\u00fcm ihtimallerle birlikte kaygan bir zeminde s\u00fcr\u00fcklenen Avice ile birlikte\u2026\u201cBu gen\u00e7 yazar\u0131n kendisini g\u00f6stermesini ve bilim kurgu sanat\u0131n\u0131, son zamanlarda \u2018g\u00fcvenli\u2019 okuyuculu\u011fa yat\u0131r\u0131m yapan yay\u0131nc\u0131l\u0131\u011f\u0131n gerileticili\u011fi ile postmodernizmin b\u00fct\u00fcn formlar ve formsuzluklarla ortaya koydu\u011fu hayret verici de\u011fi\u015fim ve geli\u015fim vaatleri aras\u0131nda s\u0131k\u0131\u015ft\u0131ran ataletin d\u0131\u015f\u0131na \u00e7\u0131kard\u0131\u011f\u0131n\u0131 g\u00f6rmek bir sevin\u00e7 kayna\u011f\u0131. El\u00e7ilik Kenti tam anlam\u0131yla yetkin bir sanat eseri.\u201d Ursula K. Le Guin <\/p>\n","protected":false},"excerpt":{"rendered":"<p>Bilim kurgu ve fantastik edebiyat\u0131n \u201cNobel\u201di say\u0131lan Arthur C. Clarke \u00d6d\u00fcl\u00fc\u2019n\u00fc \u00fc\u00e7 kez kazanan tek yazar China Mi\u00e9ville\u2019in El\u00e7ilik Kenti; dilbilim ile politikan\u0131n i\u00e7 i\u00e7e ge\u00e7ti\u011fi<span class=\"excerpt-hellip\"> [\u2026]<\/span><\/p>\n","protected":false},"featured_media":0,"template":"","meta":{"_monsterinsights_skip_tracking":false,"_monsterinsights_sitenote_active":false,"_monsterinsights_sitenote_note":"","_monsterinsights_sitenote_category":0},"product_brand":[],"product_cat":[12540,12291],"product_tag":[],"class_list":{"0":"post-707955","1":"product","2":"type-product","3":"status-publish","5":"product_cat-bilim-kurgu","6":"product_cat-edebiyat","7":"pa_cilt-ciltsiz","8":"pa_tur-kitap","9":"pa_yayinevi-yordam-kitap","10":"pa_yazar-china-mieville","12":"first","13":"instock","14":"sale","15":"shipping-taxable","16":"purchasable","17":"product-type-simple"},"_links":{"self":[{"href":"https:\/\/roveyayinevi.com.tr\/index.php\/wp-json\/wp\/v2\/product\/707955","targetHints":{"allow":["GET"]}}],"collection":[{"href":"https:\/\/roveyayinevi.com.tr\/index.php\/wp-json\/wp\/v2\/product"}],"about":[{"href":"https:\/\/roveyayinevi.com.tr\/index.php\/wp-json\/wp\/v2\/types\/product"}],"wp:attachment":[{"href":"https:\/\/roveyayinevi.com.tr\/index.php\/wp-json\/wp\/v2\/media?parent=707955"}],"wp:term":[{"taxonomy":"product_brand","embeddable":true,"href":"https:\/\/roveyayinevi.com.tr\/index.php\/wp-json\/wp\/v2\/product_brand?post=707955"},{"taxonomy":"product_cat","embeddable":true,"href":"https:\/\/roveyayinevi.com.tr\/index.php\/wp-json\/wp\/v2\/product_cat?post=707955"},{"taxonomy":"product_tag","embeddable":true,"href":"https:\/\/roveyayinevi.com.tr\/index.php\/wp-json\/wp\/v2\/product_tag?post=707955"}],"curies":[{"name":"wp","href":"https:\/\/api.w.org\/{rel}","templated":true}]}}