{"id":707954,"date":"2025-08-27T16:10:31","date_gmt":"2025-08-27T13:10:31","guid":{"rendered":"https:\/\/roveyayinevi.com.tr\/index.php\/urun\/medyum-2\/"},"modified":"2026-04-16T02:16:43","modified_gmt":"2026-04-15T23:16:43","slug":"medyum-2","status":"publish","type":"product","link":"https:\/\/roveyayinevi.com.tr\/index.php\/urun\/medyum-2\/","title":{"rendered":"Medyum"},"content":{"rendered":"<p>Sadece \u00e7a\u011fda\u015f Frans\u0131z edebiyat\u0131nda de\u011fil, \u00e7a\u011fda\u015f d\u00fcnya edebiyat\u0131nda da tart\u0131\u015f\u0131lmaz ve ayk\u0131r\u0131 bir yere sahip olan Philippe Sollers\u2019ten d\u00fcnyan\u0131n vasatl\u0131\u011f\u0131na kar\u015f\u0131 tokat gibi bir cevap: Medyum.Paris\u2019teki i\u015flerinden kurtulur kurtulmaz solu\u011fu Venedik\u2019te alan \u2018\u2018Professore\u2019\u2019nin i\u00e7inde ya\u015fad\u0131\u011f\u0131m\u0131z \u00e7a\u011f\u0131n tak\u0131nt\u0131 ve deliliklerine ili\u015fkin say\u0131klamalar\u0131, keskin g\u00f6zlemlerle \u00f6r\u00fcl\u00fc felsefi \u00e7\u0131kar\u0131mlar\u0131 ve kar\u015f\u0131-delilik egzersizleri tam anlam\u0131yla bir ba\u015fyap\u0131ta d\u00f6n\u00fc\u015f\u00fcyor.\u2018\u2018Dikkat, bilgiler de\u011fi\u015febilir. \u2018\u2018Voltaire\u201d giri\u015fini al\u0131n mesela. Daha d\u00fcne kadar bu evrensel fig\u00fcr, \u00d6zg\u00fcrl\u00fck ve \u0130nsan Haklar\u0131\u2019n\u0131n ate\u015fli bir savunucusu olarak kutlan\u0131yor, zaman\u0131n\u0131n karanl\u0131k\u00e7\u0131 zihniyetini alt etti\u011fi i\u00e7in g\u00f6klere \u00e7\u0131kar\u0131l\u0131yordu. Bug\u00fcn, bir silgi darbesi: kar\u015f\u0131ma \u201cVoltaire, kad\u0131n d\u00fc\u015fman\u0131, e\u015fcinsellik kar\u015f\u0131t\u0131 ve antisemit\u201d \u00e7\u0131k\u0131yor. Arkas\u0131ndan s\u0131rt\u0131n\u0131z\u0131 buz kestiren al\u0131nt\u0131lar geliyor. E\u011fer, o andan itibaren Voltaire\u2019le ilgilenmeye ve a\u015f\u0131r\u0131 hassasiyet kazanan konularda (kad\u0131nlar, e\u015fcinseller, Yahudiler) yazd\u0131klar\u0131n\u0131 okumaya devam edersem, ben de an\u0131nda tehlikeli bir sap\u0131k, fa\u015fist ve potansiyel ter\u00f6rist olarak fi\u015flenece\u011fim. Sak\u0131n bir \u015fey sormay\u0131n, ek bilgi istedi\u011finizi dile getirmeyin, yoksa delilik sizi te\u015fhis eder.\u2019\u2019 <\/p>\n","protected":false},"excerpt":{"rendered":"<p>Sadece \u00e7a\u011fda\u015f Frans\u0131z edebiyat\u0131nda de\u011fil, \u00e7a\u011fda\u015f d\u00fcnya edebiyat\u0131nda da tart\u0131\u015f\u0131lmaz ve ayk\u0131r\u0131 bir yere sahip olan Philippe Sollers\u2019ten d\u00fcnyan\u0131n vasatl\u0131\u011f\u0131na kar\u015f\u0131 tokat gibi bir cevap: Medyum.Paris\u2019teki<span class=\"excerpt-hellip\"> [\u2026]<\/span><\/p>\n","protected":false},"featured_media":0,"template":"","meta":{"_monsterinsights_skip_tracking":false,"_monsterinsights_sitenote_active":false,"_monsterinsights_sitenote_note":"","_monsterinsights_sitenote_category":0},"product_brand":[],"product_cat":[12291,12711],"product_tag":[],"class_list":{"0":"post-707954","1":"product","2":"type-product","3":"status-publish","5":"product_cat-edebiyat","6":"product_cat-roman-oyku","7":"pa_cilt-ciltsiz","8":"pa_tur-kitap","9":"pa_yayinevi-yapi-kredi-yayinlari","10":"pa_yazar-philippe-sollers","12":"first","13":"instock","14":"sale","15":"shipping-taxable","16":"purchasable","17":"product-type-simple"},"_links":{"self":[{"href":"https:\/\/roveyayinevi.com.tr\/index.php\/wp-json\/wp\/v2\/product\/707954","targetHints":{"allow":["GET"]}}],"collection":[{"href":"https:\/\/roveyayinevi.com.tr\/index.php\/wp-json\/wp\/v2\/product"}],"about":[{"href":"https:\/\/roveyayinevi.com.tr\/index.php\/wp-json\/wp\/v2\/types\/product"}],"wp:attachment":[{"href":"https:\/\/roveyayinevi.com.tr\/index.php\/wp-json\/wp\/v2\/media?parent=707954"}],"wp:term":[{"taxonomy":"product_brand","embeddable":true,"href":"https:\/\/roveyayinevi.com.tr\/index.php\/wp-json\/wp\/v2\/product_brand?post=707954"},{"taxonomy":"product_cat","embeddable":true,"href":"https:\/\/roveyayinevi.com.tr\/index.php\/wp-json\/wp\/v2\/product_cat?post=707954"},{"taxonomy":"product_tag","embeddable":true,"href":"https:\/\/roveyayinevi.com.tr\/index.php\/wp-json\/wp\/v2\/product_tag?post=707954"}],"curies":[{"name":"wp","href":"https:\/\/api.w.org\/{rel}","templated":true}]}}