{"id":707952,"date":"2025-08-27T16:10:30","date_gmt":"2025-08-27T13:10:30","guid":{"rendered":"https:\/\/roveyayinevi.com.tr\/index.php\/urun\/yarin-savasta-beni-dusun\/"},"modified":"2026-04-16T02:16:43","modified_gmt":"2026-04-15T23:16:43","slug":"yarin-savasta-beni-dusun","status":"publish","type":"product","link":"https:\/\/roveyayinevi.com.tr\/index.php\/urun\/yarin-savasta-beni-dusun\/","title":{"rendered":"Yar\u0131n Sava\u015fta Beni D\u00fc\u015f\u00fcn"},"content":{"rendered":"<p>\u201cHi\u00e7 kimse bir g\u00fcn kollar\u0131nda, y\u00fcz\u00fcn\u00fc bir daha asla g\u00f6remeyece\u011fi fakat ad\u0131n\u0131 hi\u00e7 unutmayaca\u011f\u0131 bir kad\u0131n\u0131n cesedini tutaca\u011f\u0131n\u0131 akl\u0131ndan ge\u00e7irmez.\u201dD\u00fcnyaca \u00fcnl\u00fc \u0130spanyol yazar Javier Mar\u00edas\u2019\u0131n en \u00e7ok \u00f6vg\u00fc alan romanlar\u0131ndan biri olan Yar\u0131n Sava\u015fta Beni D\u00fc\u015f\u00fcn bu c\u00fcmleyle ba\u015fl\u0131yor&#8230; V\u00edctor, yeni tan\u0131\u015ft\u0131\u011f\u0131 evli bir kad\u0131n olan Marta\u2019n\u0131n ak\u015fam yeme\u011fi davetini kabul edip kocas\u0131 yokken evine gider. Ancak kad\u0131n bir anda rahats\u0131zlan\u0131r ve V\u00edctor\u2019un kollar\u0131nda can verir. Her \u015feyi unutup ortadan yok olmaya katlanamayan V\u00edctor, kad\u0131n ve ailesi hakk\u0131nda daha \u00e7ok \u015fey \u00f6\u011frenmek i\u00e7in ara\u015ft\u0131rmalara giri\u015fir.Yar\u0131n Sava\u015fta Beni D\u00fc\u015f\u00fcn, ya\u015fayan en usta romanc\u0131lardan birinden s\u0131rlar, yalanlar ve ger\u00e7ekler \u00fczerine nefis bir roman.\u201cMar\u00edas muazzam bir yetenek\u2026 Her kitab\u0131 soluksuz okunuyor.\u201d The New York Times\u201cB\u00fcy\u00fck bir yazar.\u201d -Salman Rushdie <\/p>\n","protected":false},"excerpt":{"rendered":"<p>\u201cHi\u00e7 kimse bir g\u00fcn kollar\u0131nda, y\u00fcz\u00fcn\u00fc bir daha asla g\u00f6remeyece\u011fi fakat ad\u0131n\u0131 hi\u00e7 unutmayaca\u011f\u0131 bir kad\u0131n\u0131n cesedini tutaca\u011f\u0131n\u0131 akl\u0131ndan ge\u00e7irmez.\u201dD\u00fcnyaca \u00fcnl\u00fc \u0130spanyol yazar Javier Mar\u00edas\u2019\u0131n en<span class=\"excerpt-hellip\"> [\u2026]<\/span><\/p>\n","protected":false},"featured_media":0,"template":"","meta":{"_monsterinsights_skip_tracking":false,"_monsterinsights_sitenote_active":false,"_monsterinsights_sitenote_note":"","_monsterinsights_sitenote_category":0},"product_brand":[],"product_cat":[12291,13113],"product_tag":[],"class_list":{"0":"post-707952","1":"product","2":"type-product","3":"status-publish","5":"product_cat-edebiyat","6":"product_cat-ispanyol-edebiyati","7":"pa_cilt-ciltsiz","8":"pa_tur-kitap","9":"pa_yayinevi-yapi-kredi-yayinlari","10":"pa_yazar-javier-marias","12":"first","13":"instock","14":"sale","15":"shipping-taxable","16":"purchasable","17":"product-type-simple"},"_links":{"self":[{"href":"https:\/\/roveyayinevi.com.tr\/index.php\/wp-json\/wp\/v2\/product\/707952","targetHints":{"allow":["GET"]}}],"collection":[{"href":"https:\/\/roveyayinevi.com.tr\/index.php\/wp-json\/wp\/v2\/product"}],"about":[{"href":"https:\/\/roveyayinevi.com.tr\/index.php\/wp-json\/wp\/v2\/types\/product"}],"wp:attachment":[{"href":"https:\/\/roveyayinevi.com.tr\/index.php\/wp-json\/wp\/v2\/media?parent=707952"}],"wp:term":[{"taxonomy":"product_brand","embeddable":true,"href":"https:\/\/roveyayinevi.com.tr\/index.php\/wp-json\/wp\/v2\/product_brand?post=707952"},{"taxonomy":"product_cat","embeddable":true,"href":"https:\/\/roveyayinevi.com.tr\/index.php\/wp-json\/wp\/v2\/product_cat?post=707952"},{"taxonomy":"product_tag","embeddable":true,"href":"https:\/\/roveyayinevi.com.tr\/index.php\/wp-json\/wp\/v2\/product_tag?post=707952"}],"curies":[{"name":"wp","href":"https:\/\/api.w.org\/{rel}","templated":true}]}}