{"id":707951,"date":"2025-08-27T16:10:29","date_gmt":"2025-08-27T13:10:29","guid":{"rendered":"https:\/\/roveyayinevi.com.tr\/index.php\/urun\/orta-sinif-efsanesi\/"},"modified":"2026-04-16T02:16:43","modified_gmt":"2026-04-15T23:16:43","slug":"orta-sinif-efsanesi","status":"publish","type":"product","link":"https:\/\/roveyayinevi.com.tr\/index.php\/urun\/orta-sinif-efsanesi\/","title":{"rendered":"Orta S\u0131n\u0131f Efsanesi"},"content":{"rendered":"<p>Elinizdeki kitab\u0131n amac\u0131, \u201corta s\u0131n\u0131f\u201d konusunu bir efsane, bir mit olmaktan \u00e7\u0131karmakt\u0131r.\u201cS\u0131n\u0131f\u201d, ideolojik m\u00fccadelenin en \u00f6nemli kavramlar\u0131ndan biridir. Orta s\u0131n\u0131f ideolojisi, s\u0131n\u0131fs\u0131zl\u0131k ideolojisidir. Bu nedenle yaln\u0131zca\u201cs\u0131n\u0131f\u201d terimi \u00fczerine yap\u0131lacak bir m\u00fccadele bile \u00f6zel bir de\u011fer ta\u015f\u0131maktad\u0131r. Bu kitap, bu m\u00fccadeleye g\u00fc\u00e7 katmak i\u00e7in yaz\u0131lm\u0131\u015ft\u0131r.Bu kitapta orta s\u0131n\u0131f k\u00fc\u00e7\u00fck burjuvazi yaln\u0131z teorik de\u011fil, ayn\u0131 zamanda tarihsel bir ba\u011flama yerle\u015ftiriliyor. Birinci b\u00f6l\u00fcmde, kitab\u0131n teorik temeli at\u0131l\u0131rken, bir yandan da burjuva toplumunun kapitalist topluma, burjuvazinin kapitalist s\u0131n\u0131fa evrili\u015finin, bu s\u00fcrecin sonunda k\u00fc\u00e7\u00fck burjuvazinin \u201corta s\u0131n\u0131f\u201d konumunu al\u0131\u015f\u0131n\u0131n\u00f6yk\u00fcs\u00fc anlat\u0131l\u0131yor.Kitab\u0131n omurgas\u0131n\u0131, g\u00fcncel kapitalizmde s\u0131n\u0131flar\u0131, \u00f6zellikle proletarya ile orta s\u0131n\u0131f k\u00fc\u00e7\u00fck burjuvazi aras\u0131ndaki tart\u0131\u015fmal\u0131 s\u0131n\u0131r b\u00f6lgesinin sorunlar\u0131n\u0131 inceleyen \u201cG\u00fcncel Kapitalizmde E\u011filimler ve S\u0131n\u0131flar\u201d b\u00f6l\u00fcm\u00fc olu\u015fturuyor.Son b\u00f6l\u00fcmde ise gelenekseli ve yenisiyle k\u00fc\u00e7\u00fck burjuvazi orta s\u0131n\u0131f, \u00fcretim ili\u015fkilerindeki yeri, \u201cyeni\u201d orta s\u0131n\u0131f teorileri, orta s\u0131n\u0131f\u0131n ideolojik olu\u015fumu ve etkisi ba\u011flam\u0131nda ele al\u0131n\u0131yor. Ayn\u0131 b\u00f6l\u00fcmde orta s\u0131n\u0131f k\u00fc\u00e7\u00fck burjuvaziye kar\u015f\u0131 al\u0131nmas\u0131 gereken ideolojik siyasal tutuma ili\u015fkin \u00f6neriler geli\u015ftiriliyor. <\/p>\n","protected":false},"excerpt":{"rendered":"<p>Elinizdeki kitab\u0131n amac\u0131, \u201corta s\u0131n\u0131f\u201d konusunu bir efsane, bir mit olmaktan \u00e7\u0131karmakt\u0131r.\u201cS\u0131n\u0131f\u201d, ideolojik m\u00fccadelenin en \u00f6nemli kavramlar\u0131ndan biridir. Orta s\u0131n\u0131f ideolojisi, s\u0131n\u0131fs\u0131zl\u0131k ideolojisidir. Bu nedenle yaln\u0131zca\u201cs\u0131n\u0131f\u201d<span class=\"excerpt-hellip\"> [\u2026]<\/span><\/p>\n","protected":false},"featured_media":0,"template":"","meta":{"_monsterinsights_skip_tracking":false,"_monsterinsights_sitenote_active":false,"_monsterinsights_sitenote_note":"","_monsterinsights_sitenote_category":0},"product_brand":[],"product_cat":[12312,12304],"product_tag":[],"class_list":{"0":"post-707951","1":"product","2":"type-product","3":"status-publish","5":"product_cat-diger","6":"product_cat-tarih","7":"pa_cilt-ciltsiz","8":"pa_tur-kitap","9":"pa_yayinevi-yordam-kitap","10":"pa_yazar-haluk-yurtsever","12":"first","13":"instock","14":"sale","15":"shipping-taxable","16":"purchasable","17":"product-type-simple"},"_links":{"self":[{"href":"https:\/\/roveyayinevi.com.tr\/index.php\/wp-json\/wp\/v2\/product\/707951","targetHints":{"allow":["GET"]}}],"collection":[{"href":"https:\/\/roveyayinevi.com.tr\/index.php\/wp-json\/wp\/v2\/product"}],"about":[{"href":"https:\/\/roveyayinevi.com.tr\/index.php\/wp-json\/wp\/v2\/types\/product"}],"wp:attachment":[{"href":"https:\/\/roveyayinevi.com.tr\/index.php\/wp-json\/wp\/v2\/media?parent=707951"}],"wp:term":[{"taxonomy":"product_brand","embeddable":true,"href":"https:\/\/roveyayinevi.com.tr\/index.php\/wp-json\/wp\/v2\/product_brand?post=707951"},{"taxonomy":"product_cat","embeddable":true,"href":"https:\/\/roveyayinevi.com.tr\/index.php\/wp-json\/wp\/v2\/product_cat?post=707951"},{"taxonomy":"product_tag","embeddable":true,"href":"https:\/\/roveyayinevi.com.tr\/index.php\/wp-json\/wp\/v2\/product_tag?post=707951"}],"curies":[{"name":"wp","href":"https:\/\/api.w.org\/{rel}","templated":true}]}}