{"id":707950,"date":"2025-08-27T16:10:29","date_gmt":"2025-08-27T13:10:29","guid":{"rendered":"https:\/\/roveyayinevi.com.tr\/index.php\/urun\/cizgilerle-ekonomi\/"},"modified":"2026-04-16T02:16:43","modified_gmt":"2026-04-15T23:16:43","slug":"cizgilerle-ekonomi","status":"publish","type":"product","link":"https:\/\/roveyayinevi.com.tr\/index.php\/urun\/cizgilerle-ekonomi\/","title":{"rendered":"\u00c7izgilerle Ekonomi"},"content":{"rendered":"<p>Meksikal\u0131 Marksist \u00e7izer Rius, y\u00fcz\u00fc a\u015fk\u0131n kitab\u0131nda onlarca konuyu \u00e7izgilerin diliyle anlatt\u0131. \u00c7izgilerle Ekonomi, asl\u0131nda \u00e7izerin iki kitab\u0131n\u0131 i\u00e7eriyor: \u0130nsanl\u0131k tarihinde iktisad\u0131n rol\u00fcn\u00fc anlatan \u201cYeni Ba\u015flayanlar \u0130\u00e7in Ekonomi\u201d ile en yayg\u0131n iktisat terimlerinin yaz\u0131l\u0131 \u00e7izili tan\u0131mlar\u0131n\u0131 i\u00e7eren \u201cEkonomi Terimleri S\u00f6zl\u00fc\u011f\u00fc\u201d. B\u00f6ylece kapsam\u0131 geni\u015fleyen kitapta ekonomiye ili\u015fkin bir\u00e7ok soru yan\u0131tlan\u0131yor.\u0130nsan ne \u00fcretir, nas\u0131l \u00fcretir? \u0130nsan ne t\u00fcketir, nas\u0131l t\u00fcketir? Ve t\u00fcm bunlar\u0131 nas\u0131l elde eder? Zenginlik ve yoksulluk neden vard\u0131r? \u0130nsanl\u0131k hangi \u00fcretim tarzlar\u0131ndan ge\u00e7mi\u015ftir?\u0130\u00e7inde bulundu\u011fumuz kapitalist toplumda ihtiya\u00e7lar nas\u0131l kar\u015f\u0131lan\u0131r ve \u00fcretilir? Sermayenin yo\u011funla\u015fmas\u0131, mali a\u00e7\u0131k, kredit\u00f6r, aktif&#8230; nedir? IMF ve \u201cChicago Boys\u201d kimlerden olu\u015fmaktad\u0131r, Stahanov kimdir?Bunlar\u0131n ve bunlar gibi onlarca sorunun cevab\u0131 Rius\u2019un s\u0131cak \u00e7izgileri ve mizah\u0131yla bu \u00e7al\u0131\u015fmada. \u00c7izerin \u00e7al\u0131\u015fmalar\u0131ndan daha \u00f6nce \u00c7izgilerle Lenin, \u00c7izgilerle Felsefe, \u00c7izgilerle Kapitalizmin Korkun\u00e7 Tarihi ve \u00c7izgilerle Ateistin El Kitab\u0131 ciltlerini yay\u0131nlam\u0131\u015ft\u0131k. Bir kez daha, yeni Rius\u2019larda bulu\u015fmak \u00fczere!.. <\/p>\n","protected":false},"excerpt":{"rendered":"<p>Meksikal\u0131 Marksist \u00e7izer Rius, y\u00fcz\u00fc a\u015fk\u0131n kitab\u0131nda onlarca konuyu \u00e7izgilerin diliyle anlatt\u0131. \u00c7izgilerle Ekonomi, asl\u0131nda \u00e7izerin iki kitab\u0131n\u0131 i\u00e7eriyor: \u0130nsanl\u0131k tarihinde iktisad\u0131n rol\u00fcn\u00fc anlatan \u201cYeni Ba\u015flayanlar<span class=\"excerpt-hellip\"> [\u2026]<\/span><\/p>\n","protected":false},"featured_media":0,"template":"","meta":{"_monsterinsights_skip_tracking":false,"_monsterinsights_sitenote_active":false,"_monsterinsights_sitenote_note":"","_monsterinsights_sitenote_category":0},"product_brand":[],"product_cat":[12689,12274],"product_tag":[],"class_list":{"0":"post-707950","1":"product","2":"type-product","3":"status-publish","5":"product_cat-cizgi-roman-cocuk-ve-genclik-kitaplari","6":"product_cat-cocuk-ve-genclik-kitaplari","7":"pa_cilt-ciltsiz","8":"pa_tur-kitap","9":"pa_yayinevi-yordam-kitap","10":"pa_yazar-rius","12":"first","13":"instock","14":"sale","15":"shipping-taxable","16":"purchasable","17":"product-type-simple"},"_links":{"self":[{"href":"https:\/\/roveyayinevi.com.tr\/index.php\/wp-json\/wp\/v2\/product\/707950","targetHints":{"allow":["GET"]}}],"collection":[{"href":"https:\/\/roveyayinevi.com.tr\/index.php\/wp-json\/wp\/v2\/product"}],"about":[{"href":"https:\/\/roveyayinevi.com.tr\/index.php\/wp-json\/wp\/v2\/types\/product"}],"wp:attachment":[{"href":"https:\/\/roveyayinevi.com.tr\/index.php\/wp-json\/wp\/v2\/media?parent=707950"}],"wp:term":[{"taxonomy":"product_brand","embeddable":true,"href":"https:\/\/roveyayinevi.com.tr\/index.php\/wp-json\/wp\/v2\/product_brand?post=707950"},{"taxonomy":"product_cat","embeddable":true,"href":"https:\/\/roveyayinevi.com.tr\/index.php\/wp-json\/wp\/v2\/product_cat?post=707950"},{"taxonomy":"product_tag","embeddable":true,"href":"https:\/\/roveyayinevi.com.tr\/index.php\/wp-json\/wp\/v2\/product_tag?post=707950"}],"curies":[{"name":"wp","href":"https:\/\/api.w.org\/{rel}","templated":true}]}}