{"id":707949,"date":"2025-08-27T16:10:29","date_gmt":"2025-08-27T13:10:29","guid":{"rendered":"https:\/\/roveyayinevi.com.tr\/index.php\/urun\/kapitalizm-sonrasi\/"},"modified":"2026-04-16T02:16:43","modified_gmt":"2026-04-15T23:16:43","slug":"kapitalizm-sonrasi","status":"publish","type":"product","link":"https:\/\/roveyayinevi.com.tr\/index.php\/urun\/kapitalizm-sonrasi\/","title":{"rendered":"Kapitalizm Sonras\u0131"},"content":{"rendered":"<p>Kapitalizm, son 200 y\u0131lda ge\u00e7irdi\u011fi de\u011fi\u015fimler boyunca h\u0131zl\u0131 b\u00fcy\u00fcmeden \u00e7\u00f6k\u00fcnt\u00fcye savrulan farkl\u0131 ekonomik devreler ya\u015fad\u0131. Bunlardan her zaman d\u00f6n\u00fc\u015f\u00fcme u\u011frayarak ve g\u00fc\u00e7lenerek \u00e7\u0131kmas\u0131n\u0131 bildi. Paul Mason, Gelece\u011fimiz \u0130cin Bir K\u0131lavuz altba\u015fl\u0131\u011f\u0131n\u0131 ta\u015f\u0131yan Kapitalizm Sonras\u0131\u2019nda,bug\u00fcn de \u00e7ok b\u00fcy\u00fck ve \u00e7ok derin bir de\u011fi\u015fimin e\u015fi\u011finde oldu\u011fu s\u00f6ylenen kapitalizmin, s\u0131n\u0131rlar\u0131na dayan\u0131p yeni bir \u015feye d\u00f6n\u00fc\u015f\u00fcp d\u00f6n\u00fc\u015fmedi\u011fini inceliyor.Mason\u2019a g\u00f6re, de\u011fi\u015fimin merkezinde bilgi teknolojileri var ve \u00e7al\u0131\u015fma, \u00fcretim, de\u011fer gibi alanlardaki mevcut anlay\u0131\u015flar\u0131 t\u00fcm\u00fcyle yeniden \u015fekillendiriyor. Peki bu de\u011fi\u015fimin piyasay\u0131 ve \u00f6zel m\u00fclkiyeti y\u0131kmaya d\u00f6n\u00fck devrimci bir potansiyeli de var m\u0131? Sistemin kuytular\u0131nda ve oyuklar\u0131nda hi\u00e7 fark ettirmeden ne gibi d\u00f6n\u00fc\u015f\u00fcmler ya\u015fan\u0131yor? Paralel para birimleri,zaman bankalar\u0131, kooperatifl er ya da \u00f6zy\u00f6netimli \u00e7evrimi\u00e7i alanlar,neoliberalizmin buyruklar\u0131na yan\u0131t vermeyen mallar ve hizmetler olarak de\u011ferlendirilebilir mi? Sistemin i\u00e7inden yeni m\u00fclkiyet, bor\u00e7lanma ve i\u015f yapma tarzlar\u0131 m\u0131 do\u011fuyor?Yeni tart\u0131\u015fmalar yaratan kitab\u0131nda Mason, bu sorulara yan\u0131t ararken, son finansal krizin k\u00fcllerinden, daha sosyal adaletli ve s\u00fcrd\u00fcr\u00fclebilir bir k\u00fcresel ekonomi yaratma \u015fans\u0131na sahip oldu\u011fumuzu da s\u00f6yl\u00fcyor. Kapitalizmin \u00f6tesine ge\u00e7menin art\u0131k \u00fctopik bir d\u00fc\u015f olmad\u0131\u011f\u0131n\u0131 iddia ediyor.\u201cBu kitapta, ac\u0131k secik bir alternatifi n oldu\u011funu, bunun kuresel olabilece\u011fini, yirmi birinci yuzy\u0131l ortas\u0131na gelindi\u011finde kapitalizmin sunaca\u011f\u0131ndan cok daha iyi bir gelecek sunabilece\u011fini savunuyorum\u2026\u201d Paul Mason\u201cGercek alternatifl er konusunda ozgun, surukleyici ve inand\u0131r\u0131c\u0131 bicimde geli\u015ftirilmi\u015f bir perspektif. Bircok hararetli tart\u0131\u015fmay\u0131 ate\u015fleyece\u011fine ku\u015fku yok. Ve bunlar, kesinlikle hepimizin ihtiyac duydu\u011fu tart\u0131\u015fmalar\u2026\u201d Naomi Klein <\/p>\n","protected":false},"excerpt":{"rendered":"<p>Kapitalizm, son 200 y\u0131lda ge\u00e7irdi\u011fi de\u011fi\u015fimler boyunca h\u0131zl\u0131 b\u00fcy\u00fcmeden \u00e7\u00f6k\u00fcnt\u00fcye savrulan farkl\u0131 ekonomik devreler ya\u015fad\u0131. Bunlardan her zaman d\u00f6n\u00fc\u015f\u00fcme u\u011frayarak ve g\u00fc\u00e7lenerek \u00e7\u0131kmas\u0131n\u0131 bildi. Paul Mason,<span class=\"excerpt-hellip\"> [\u2026]<\/span><\/p>\n","protected":false},"featured_media":0,"template":"","meta":{"_monsterinsights_skip_tracking":false,"_monsterinsights_sitenote_active":false,"_monsterinsights_sitenote_note":"","_monsterinsights_sitenote_category":0},"product_brand":[],"product_cat":[13044,13043],"product_tag":[],"class_list":{"0":"post-707949","1":"product","2":"type-product","3":"status-publish","5":"product_cat-dunya-ekonomisi","6":"product_cat-ekonomi","7":"pa_cilt-ciltsiz","8":"pa_tur-kitap","9":"pa_yayinevi-yordam-kitap","10":"pa_yazar-paul-mason","12":"first","13":"instock","14":"sale","15":"shipping-taxable","16":"purchasable","17":"product-type-simple"},"_links":{"self":[{"href":"https:\/\/roveyayinevi.com.tr\/index.php\/wp-json\/wp\/v2\/product\/707949","targetHints":{"allow":["GET"]}}],"collection":[{"href":"https:\/\/roveyayinevi.com.tr\/index.php\/wp-json\/wp\/v2\/product"}],"about":[{"href":"https:\/\/roveyayinevi.com.tr\/index.php\/wp-json\/wp\/v2\/types\/product"}],"wp:attachment":[{"href":"https:\/\/roveyayinevi.com.tr\/index.php\/wp-json\/wp\/v2\/media?parent=707949"}],"wp:term":[{"taxonomy":"product_brand","embeddable":true,"href":"https:\/\/roveyayinevi.com.tr\/index.php\/wp-json\/wp\/v2\/product_brand?post=707949"},{"taxonomy":"product_cat","embeddable":true,"href":"https:\/\/roveyayinevi.com.tr\/index.php\/wp-json\/wp\/v2\/product_cat?post=707949"},{"taxonomy":"product_tag","embeddable":true,"href":"https:\/\/roveyayinevi.com.tr\/index.php\/wp-json\/wp\/v2\/product_tag?post=707949"}],"curies":[{"name":"wp","href":"https:\/\/api.w.org\/{rel}","templated":true}]}}