{"id":707948,"date":"2025-08-27T16:10:28","date_gmt":"2025-08-27T13:10:28","guid":{"rendered":"https:\/\/roveyayinevi.com.tr\/index.php\/urun\/kacak\/"},"modified":"2026-01-29T02:30:03","modified_gmt":"2026-01-28T23:30:03","slug":"kacak","status":"publish","type":"product","link":"https:\/\/roveyayinevi.com.tr\/index.php\/urun\/kacak\/","title":{"rendered":"Ka\u00e7ak"},"content":{"rendered":"<p>Sonra k\u0131y\u0131da, Barbaros Hayrettin \u0130skelesi\u2019nin yak\u0131n\u0131nda, bir limon a\u011fac\u0131n\u0131n korudu\u011fu banka kendi eliyle kaz\u0131d\u0131\u011f\u0131 kalbi ve i\u00e7indeki harfleri g\u00f6sterdi. \u201cS\u201d ve \u201cK\u201d. Ben, sadece hat\u0131rl\u0131yor mu yoksa yine umut mu ediyor anlamaya \u00e7al\u0131\u015farak dikkatlice y\u00fcz\u00fcne bakt\u0131m.\u00f6ylesine dal\u0131p gitmi\u015fti ki ne d\u00fc\u015f\u00fcnd\u00fc\u011f\u00fcn\u00fc, bir \u015fey d\u00fc\u015f\u00fcn\u00fcp d\u00fc\u015f\u00fcnmedi\u011fini anlamak imk\u00e2ns\u0131zd\u0131 bu y\u00fcze bakarak.Kendisini g\u00f6t\u00fcrecek vapur k\u0131y\u0131ya yana\u015fmaya \u00e7al\u0131\u015f\u0131rken zang\u0131r zang\u0131r titriyordu. G\u00fc\u00e7 de olsa vapura bindi. Sonra g\u00fcvertede bana el sallarken onu son kez g\u00f6r\u00fcyor oldu\u011fumu hissettim. Kendisini soranlara durumu a\u00e7\u0131klama g\u00f6revini bana havale etmi\u015fti. Geri d\u00f6nmemek \u00fczere \u00e7ekip gidiyordu. <\/p>\n","protected":false},"excerpt":{"rendered":"<p>Sonra k\u0131y\u0131da, Barbaros Hayrettin \u0130skelesi\u2019nin yak\u0131n\u0131nda, bir limon a\u011fac\u0131n\u0131n korudu\u011fu banka kendi eliyle kaz\u0131d\u0131\u011f\u0131 kalbi ve i\u00e7indeki harfleri g\u00f6sterdi. \u201cS\u201d ve \u201cK\u201d. Ben, sadece hat\u0131rl\u0131yor mu<span class=\"excerpt-hellip\"> [\u2026]<\/span><\/p>\n","protected":false},"featured_media":0,"template":"","meta":{"_monsterinsights_skip_tracking":false,"_monsterinsights_sitenote_active":false,"_monsterinsights_sitenote_note":"","_monsterinsights_sitenote_category":0},"product_brand":[],"product_cat":[12291,12711],"product_tag":[],"class_list":{"0":"post-707948","1":"product","2":"type-product","3":"status-publish","5":"product_cat-edebiyat","6":"product_cat-roman-oyku","7":"pa_cilt-ciltsiz","8":"pa_tur-kitap","9":"pa_yayinevi-utopya-yayinevi","10":"pa_yazar-ibrahim-pasaoglu","12":"first","13":"instock","14":"sale","15":"shipping-taxable","16":"purchasable","17":"product-type-simple"},"_links":{"self":[{"href":"https:\/\/roveyayinevi.com.tr\/index.php\/wp-json\/wp\/v2\/product\/707948","targetHints":{"allow":["GET"]}}],"collection":[{"href":"https:\/\/roveyayinevi.com.tr\/index.php\/wp-json\/wp\/v2\/product"}],"about":[{"href":"https:\/\/roveyayinevi.com.tr\/index.php\/wp-json\/wp\/v2\/types\/product"}],"wp:attachment":[{"href":"https:\/\/roveyayinevi.com.tr\/index.php\/wp-json\/wp\/v2\/media?parent=707948"}],"wp:term":[{"taxonomy":"product_brand","embeddable":true,"href":"https:\/\/roveyayinevi.com.tr\/index.php\/wp-json\/wp\/v2\/product_brand?post=707948"},{"taxonomy":"product_cat","embeddable":true,"href":"https:\/\/roveyayinevi.com.tr\/index.php\/wp-json\/wp\/v2\/product_cat?post=707948"},{"taxonomy":"product_tag","embeddable":true,"href":"https:\/\/roveyayinevi.com.tr\/index.php\/wp-json\/wp\/v2\/product_tag?post=707948"}],"curies":[{"name":"wp","href":"https:\/\/api.w.org\/{rel}","templated":true}]}}