{"id":707945,"date":"2025-08-27T16:10:27","date_gmt":"2025-08-27T13:10:27","guid":{"rendered":"https:\/\/roveyayinevi.com.tr\/index.php\/urun\/freud-olmak-bir-psikanalistin-gelisimi\/"},"modified":"2026-04-16T02:16:43","modified_gmt":"2026-04-15T23:16:43","slug":"freud-olmak-bir-psikanalistin-gelisimi","status":"publish","type":"product","link":"https:\/\/roveyayinevi.com.tr\/index.php\/urun\/freud-olmak-bir-psikanalistin-gelisimi\/","title":{"rendered":"Freud Olmak: Bir Psikanalistin Geli\u015fimi"},"content":{"rendered":"<p>Psikanalizin yan\u0131 s\u0131ra edebiyat ve yay\u0131nc\u0131l\u0131k alan\u0131ndaki \u00e7al\u0131\u015fmalar\u0131yla tan\u0131nan Adam Phillips s\u0131ra d\u0131\u015f\u0131 bir Freud biyografisi sunuyor okura. Ki\u015finin hayat hikayesini temel alan bir tedavi y\u00f6ntemi olan psikanalizin kurucusu olan Freud\u2019un, do\u011fumundan 50 ya\u015f\u0131na kadarki hayat hik\u00e2yesi, Freud\u2019un nas\u0131l Freud oldu\u011funun hik\u00e2yesi ayn\u0131 zamanda.B\u00f6ylece Freud\u2019dan sonra onu kendi bak\u0131\u015f a\u00e7\u0131s\u0131ndan de\u011ferlendireceksek, onun ya da herhangi bir ba\u015fkas\u0131n\u0131n ya\u015fam\u0131na dair bilgimize \u2013ve asl\u0131nda onun ya\u015fam\u0131n\u0131 bilme arzumuza\u2013 biraz ironi katmal\u0131y\u0131z. \u00c7\u00fcnk\u00fc Freud\u2019un sorgulad\u0131\u011f\u0131 ve bize farkl\u0131 okumay\u0131 \u00f6\u011fretti\u011fi tam da ya\u015famlar\u0131m\u0131z ve ba\u015fkalar\u0131n\u0131n ya\u015famlar\u0131yla ilgili kendi kendimize anlatt\u0131\u011f\u0131m\u0131z hikayelerdir. <\/p>\n","protected":false},"excerpt":{"rendered":"<p>Psikanalizin yan\u0131 s\u0131ra edebiyat ve yay\u0131nc\u0131l\u0131k alan\u0131ndaki \u00e7al\u0131\u015fmalar\u0131yla tan\u0131nan Adam Phillips s\u0131ra d\u0131\u015f\u0131 bir Freud biyografisi sunuyor okura. Ki\u015finin hayat hikayesini temel alan bir tedavi y\u00f6ntemi<span class=\"excerpt-hellip\"> [\u2026]<\/span><\/p>\n","protected":false},"featured_media":0,"template":"","meta":{"_monsterinsights_skip_tracking":false,"_monsterinsights_sitenote_active":false,"_monsterinsights_sitenote_note":"","_monsterinsights_sitenote_category":0},"product_brand":[],"product_cat":[13772,12364],"product_tag":[],"class_list":{"0":"post-707945","1":"product","2":"type-product","3":"status-publish","5":"product_cat-basvuru-kitaplari","6":"product_cat-genel-konular","7":"pa_cilt-ciltsiz","8":"pa_tur-kitap","9":"pa_yayinevi-yapi-kredi-yayinlari","10":"pa_yazar-adam-phillips","12":"first","13":"instock","14":"sale","15":"shipping-taxable","16":"purchasable","17":"product-type-simple"},"_links":{"self":[{"href":"https:\/\/roveyayinevi.com.tr\/index.php\/wp-json\/wp\/v2\/product\/707945","targetHints":{"allow":["GET"]}}],"collection":[{"href":"https:\/\/roveyayinevi.com.tr\/index.php\/wp-json\/wp\/v2\/product"}],"about":[{"href":"https:\/\/roveyayinevi.com.tr\/index.php\/wp-json\/wp\/v2\/types\/product"}],"wp:attachment":[{"href":"https:\/\/roveyayinevi.com.tr\/index.php\/wp-json\/wp\/v2\/media?parent=707945"}],"wp:term":[{"taxonomy":"product_brand","embeddable":true,"href":"https:\/\/roveyayinevi.com.tr\/index.php\/wp-json\/wp\/v2\/product_brand?post=707945"},{"taxonomy":"product_cat","embeddable":true,"href":"https:\/\/roveyayinevi.com.tr\/index.php\/wp-json\/wp\/v2\/product_cat?post=707945"},{"taxonomy":"product_tag","embeddable":true,"href":"https:\/\/roveyayinevi.com.tr\/index.php\/wp-json\/wp\/v2\/product_tag?post=707945"}],"curies":[{"name":"wp","href":"https:\/\/api.w.org\/{rel}","templated":true}]}}