{"id":707944,"date":"2025-08-27T16:10:26","date_gmt":"2025-08-27T13:10:26","guid":{"rendered":"https:\/\/roveyayinevi.com.tr\/index.php\/urun\/gizli-yuz\/"},"modified":"2026-04-16T02:16:43","modified_gmt":"2026-04-15T23:16:43","slug":"gizli-yuz","status":"publish","type":"product","link":"https:\/\/roveyayinevi.com.tr\/index.php\/urun\/gizli-yuz\/","title":{"rendered":"Gizli Y\u00fcz"},"content":{"rendered":"<p>Orhan Pamuk\u2019un yazd\u0131\u011f\u0131, \u00d6mer Kavur\u2019un y\u00f6netti\u011fi Gizli Y\u00fcz, T\u00fcrk sinemas\u0131n\u0131n s\u0131ra d\u0131\u015f\u0131, unutulmaz filmleri aras\u0131ndad\u0131r.Pamuk \u2019un Kara Kitap\u2019tan al\u0131p geli\u015ftirdi\u011fi bir hik\u00e2yeye dayanan bu film, g\u00f6sterime girdi\u011fi 1991 y\u0131l\u0131nda Antalya Film Festivali\u2019nde En \u0130yi Film ve En \u0130yi Senaryo, Montr\u00e9al Yeni Sinema Festivali\u2019nde ise En \u0130yi Film \u00d6d\u00fclleri\u2019ni kazand\u0131.Gizli Y\u00fcz\u2019\u00fcn metnini, filmden se\u00e7ilmi\u015f foto\u011fraflarla birlikte, Orhan Pamuk\u2019un senaryonun olu\u015fumunu anlatan \u00f6ns\u00f6z\u00fcyle birlikte yay\u0131ml\u0131yoruz.\u201cKimlik, hat\u0131rlamak ve a\u015fk konular\u0131ndaki bu hik\u00e2yeyi kurarken, t\u0131pk\u0131 bir roman\u0131 yazarken oldu\u011fu gibi, \u00f6nceden hesapta olmayan bir y\u0131\u011f\u0131n yan \u00f6\u011fe, konucuk, tema, ki\u015fi, e\u015fya, yer, \u0131v\u0131r z\u0131v\u0131r kalemimin ucuna kendili\u011finden geldiler: Unutulmu\u015f kasabalar, \u00e7ayhaneler, masalar, saat kuleleri, hayatta kar\u015f\u0131la\u015ft\u0131\u011f\u0131m tuhaf insanlar, kasaplar, ortal\u0131k\u00e7\u0131 kad\u0131nlar, \u015eeyh Galip\u2019ten m\u0131sralar, a\u011fa\u00e7lar&#8230;Yazmak, o \u00e7ok s\u00f6ylenen basmakal\u0131p deyi\u015fle, bir yolculu\u011fa \u00e7\u0131kmaksa e\u011fer, yazmak mutlulu\u011fu da yolculuk boyunca kar\u015f\u0131n\u0131za \u00e7\u0131k\u0131veren bu yol arkada\u015flar\u0131n\u0131 kendi d\u00fcnyan\u0131za kazand\u0131rabilmenin sevinci olmal\u0131.\u201d <\/p>\n","protected":false},"excerpt":{"rendered":"<p>Orhan Pamuk\u2019un yazd\u0131\u011f\u0131, \u00d6mer Kavur\u2019un y\u00f6netti\u011fi Gizli Y\u00fcz, T\u00fcrk sinemas\u0131n\u0131n s\u0131ra d\u0131\u015f\u0131, unutulmaz filmleri aras\u0131ndad\u0131r.Pamuk \u2019un Kara Kitap\u2019tan al\u0131p geli\u015ftirdi\u011fi bir hik\u00e2yeye dayanan bu film, g\u00f6sterime<span class=\"excerpt-hellip\"> [\u2026]<\/span><\/p>\n","protected":false},"featured_media":0,"template":"","meta":{"_monsterinsights_skip_tracking":false,"_monsterinsights_sitenote_active":false,"_monsterinsights_sitenote_note":"","_monsterinsights_sitenote_category":0},"product_brand":[],"product_cat":[12291,14272],"product_tag":[],"class_list":{"0":"post-707944","1":"product","2":"type-product","3":"status-publish","5":"product_cat-edebiyat","6":"product_cat-tiyatro","7":"pa_cilt-ciltsiz","8":"pa_tur-kitap","9":"pa_yayinevi-yapi-kredi-yayinlari","10":"pa_yazar-orhan-pamuk","12":"first","13":"instock","14":"sale","15":"shipping-taxable","16":"purchasable","17":"product-type-simple"},"_links":{"self":[{"href":"https:\/\/roveyayinevi.com.tr\/index.php\/wp-json\/wp\/v2\/product\/707944","targetHints":{"allow":["GET"]}}],"collection":[{"href":"https:\/\/roveyayinevi.com.tr\/index.php\/wp-json\/wp\/v2\/product"}],"about":[{"href":"https:\/\/roveyayinevi.com.tr\/index.php\/wp-json\/wp\/v2\/types\/product"}],"wp:attachment":[{"href":"https:\/\/roveyayinevi.com.tr\/index.php\/wp-json\/wp\/v2\/media?parent=707944"}],"wp:term":[{"taxonomy":"product_brand","embeddable":true,"href":"https:\/\/roveyayinevi.com.tr\/index.php\/wp-json\/wp\/v2\/product_brand?post=707944"},{"taxonomy":"product_cat","embeddable":true,"href":"https:\/\/roveyayinevi.com.tr\/index.php\/wp-json\/wp\/v2\/product_cat?post=707944"},{"taxonomy":"product_tag","embeddable":true,"href":"https:\/\/roveyayinevi.com.tr\/index.php\/wp-json\/wp\/v2\/product_tag?post=707944"}],"curies":[{"name":"wp","href":"https:\/\/api.w.org\/{rel}","templated":true}]}}