{"id":707943,"date":"2025-08-27T16:10:26","date_gmt":"2025-08-27T13:10:26","guid":{"rendered":"https:\/\/roveyayinevi.com.tr\/index.php\/urun\/insansiz-konagin-ikonu\/"},"modified":"2026-04-16T02:16:43","modified_gmt":"2026-04-15T23:16:43","slug":"insansiz-konagin-ikonu","status":"publish","type":"product","link":"https:\/\/roveyayinevi.com.tr\/index.php\/urun\/insansiz-konagin-ikonu\/","title":{"rendered":"\u0130nsans\u0131z Kona\u011f\u0131n \u0130konu"},"content":{"rendered":"<p>Ali Teoman\u2019\u0131n ikinci kitab\u0131 \u0130nsans\u0131z Kona\u011f\u0131n \u0130konu 1992 Milliyet \u00d6yk\u00fc \u00d6d\u00fcl\u00fcn\u00fc alm\u0131\u015f ve 1993\u2019te yay\u0131mlanm\u0131\u015ft\u0131. Kitap 23 y\u0131l sonra Yap\u0131 Kredi Yay\u0131nlar\u0131 taraf\u0131ndan okurlar\u0131yla bulu\u015fuyor. \ufffc<\/p>\n","protected":false},"excerpt":{"rendered":"<p>Ali Teoman\u2019\u0131n ikinci kitab\u0131 \u0130nsans\u0131z Kona\u011f\u0131n \u0130konu 1992 Milliyet \u00d6yk\u00fc \u00d6d\u00fcl\u00fcn\u00fc alm\u0131\u015f ve 1993\u2019te yay\u0131mlanm\u0131\u015ft\u0131. Kitap 23 y\u0131l sonra Yap\u0131 Kredi Yay\u0131nlar\u0131 taraf\u0131ndan okurlar\u0131yla bulu\u015fuyor. \ufffc<\/p>\n","protected":false},"featured_media":0,"template":"","meta":{"_monsterinsights_skip_tracking":false,"_monsterinsights_sitenote_active":false,"_monsterinsights_sitenote_note":"","_monsterinsights_sitenote_category":0},"product_brand":[],"product_cat":[12291,12711],"product_tag":[],"class_list":{"0":"post-707943","1":"product","2":"type-product","3":"status-publish","5":"product_cat-edebiyat","6":"product_cat-roman-oyku","7":"pa_cilt-ciltsiz","8":"pa_tur-kitap","9":"pa_yayinevi-yapi-kredi-yayinlari","10":"pa_yazar-ali-teoman","12":"first","13":"instock","14":"sale","15":"shipping-taxable","16":"purchasable","17":"product-type-simple"},"_links":{"self":[{"href":"https:\/\/roveyayinevi.com.tr\/index.php\/wp-json\/wp\/v2\/product\/707943","targetHints":{"allow":["GET"]}}],"collection":[{"href":"https:\/\/roveyayinevi.com.tr\/index.php\/wp-json\/wp\/v2\/product"}],"about":[{"href":"https:\/\/roveyayinevi.com.tr\/index.php\/wp-json\/wp\/v2\/types\/product"}],"wp:attachment":[{"href":"https:\/\/roveyayinevi.com.tr\/index.php\/wp-json\/wp\/v2\/media?parent=707943"}],"wp:term":[{"taxonomy":"product_brand","embeddable":true,"href":"https:\/\/roveyayinevi.com.tr\/index.php\/wp-json\/wp\/v2\/product_brand?post=707943"},{"taxonomy":"product_cat","embeddable":true,"href":"https:\/\/roveyayinevi.com.tr\/index.php\/wp-json\/wp\/v2\/product_cat?post=707943"},{"taxonomy":"product_tag","embeddable":true,"href":"https:\/\/roveyayinevi.com.tr\/index.php\/wp-json\/wp\/v2\/product_tag?post=707943"}],"curies":[{"name":"wp","href":"https:\/\/api.w.org\/{rel}","templated":true}]}}