{"id":707940,"date":"2025-08-27T16:10:25","date_gmt":"2025-08-27T13:10:25","guid":{"rendered":"https:\/\/roveyayinevi.com.tr\/index.php\/urun\/ali-kopter-1-vay-basima-gelenler\/"},"modified":"2026-04-16T02:16:43","modified_gmt":"2026-04-15T23:16:43","slug":"ali-kopter-1-vay-basima-gelenler","status":"publish","type":"product","link":"https:\/\/roveyayinevi.com.tr\/index.php\/urun\/ali-kopter-1-vay-basima-gelenler\/","title":{"rendered":"Ali Kopter 1 &#8211; Vay Ba\u015f\u0131ma Gelenler"},"content":{"rendered":"<p>Ben Ali Kopter. Helikopter de\u011fil, Ali Kopter. Ad\u0131m Ali, soyad\u0131m Kopter. Bilmem ka\u00e7 sene \u00f6nce Soyad\u0131 Kanunu \u00e7\u0131kt\u0131\u011f\u0131nda bize bu soyad\u0131n\u0131 vermi\u015fler&#8230;Arkada\u015flar\u0131m\u0131n helikopter g\u00f6rd\u00fcklerinde, \u00b4Alikopter Ge\u00e7iyor, Alikopter Ge\u00e7iyor\u00b4 esprilerine al\u0131\u015ft\u0131m art\u0131k&#8230; Ne yapal\u0131m, kaderimde varsa \u00e7ekerim&#8230;\ufffcTan\u0131t\u0131m Metni<\/p>\n","protected":false},"excerpt":{"rendered":"<p>Ben Ali Kopter. Helikopter de\u011fil, Ali Kopter. Ad\u0131m Ali, soyad\u0131m Kopter. Bilmem ka\u00e7 sene \u00f6nce Soyad\u0131 Kanunu \u00e7\u0131kt\u0131\u011f\u0131nda bize bu soyad\u0131n\u0131 vermi\u015fler&#8230;Arkada\u015flar\u0131m\u0131n helikopter g\u00f6rd\u00fcklerinde, \u00b4Alikopter Ge\u00e7iyor,<span class=\"excerpt-hellip\"> [\u2026]<\/span><\/p>\n","protected":false},"featured_media":0,"template":"","meta":{"_monsterinsights_skip_tracking":false,"_monsterinsights_sitenote_active":false,"_monsterinsights_sitenote_note":"","_monsterinsights_sitenote_category":0},"product_brand":[],"product_cat":[12274],"product_tag":[],"class_list":{"0":"post-707940","1":"product","2":"type-product","3":"status-publish","5":"product_cat-cocuk-ve-genclik-kitaplari","6":"pa_cilt-ciltsiz","7":"pa_tur-kitap","8":"pa_yayinevi-ugurbocegi-yayinlari","9":"pa_yazar-sebnem-guler-karacan","11":"first","12":"instock","13":"sale","14":"shipping-taxable","15":"purchasable","16":"product-type-simple"},"_links":{"self":[{"href":"https:\/\/roveyayinevi.com.tr\/index.php\/wp-json\/wp\/v2\/product\/707940","targetHints":{"allow":["GET"]}}],"collection":[{"href":"https:\/\/roveyayinevi.com.tr\/index.php\/wp-json\/wp\/v2\/product"}],"about":[{"href":"https:\/\/roveyayinevi.com.tr\/index.php\/wp-json\/wp\/v2\/types\/product"}],"wp:attachment":[{"href":"https:\/\/roveyayinevi.com.tr\/index.php\/wp-json\/wp\/v2\/media?parent=707940"}],"wp:term":[{"taxonomy":"product_brand","embeddable":true,"href":"https:\/\/roveyayinevi.com.tr\/index.php\/wp-json\/wp\/v2\/product_brand?post=707940"},{"taxonomy":"product_cat","embeddable":true,"href":"https:\/\/roveyayinevi.com.tr\/index.php\/wp-json\/wp\/v2\/product_cat?post=707940"},{"taxonomy":"product_tag","embeddable":true,"href":"https:\/\/roveyayinevi.com.tr\/index.php\/wp-json\/wp\/v2\/product_tag?post=707940"}],"curies":[{"name":"wp","href":"https:\/\/api.w.org\/{rel}","templated":true}]}}