{"id":707933,"date":"2025-08-27T16:10:21","date_gmt":"2025-08-27T13:10:21","guid":{"rendered":"https:\/\/roveyayinevi.com.tr\/index.php\/urun\/benim-yildizim\/"},"modified":"2026-04-16T02:16:43","modified_gmt":"2026-04-15T23:16:43","slug":"benim-yildizim","status":"publish","type":"product","link":"https:\/\/roveyayinevi.com.tr\/index.php\/urun\/benim-yildizim\/","title":{"rendered":"Benim Y\u0131ld\u0131z\u0131m"},"content":{"rendered":"<p>H\u0131r\u00e7\u0131n Prenses Goncag\u00fcl\u2019\u00fcn yazar\u0131 Fulvia Degl\u2019Innocenti\u2019den hayaller \u00fczerine sevimli bir kitap&#8230;K\u00fc\u00e7\u00fck ejderhan\u0131n ger\u00e7ekle\u015fmesini istedi\u011fi bir s\u00fcr\u00fc hayali vard\u0131.              Hemencecik b\u00fcy\u00fcmek istiyordu, babas\u0131 gibi koca koca alevler p\u00fcsk\u00fcrtmek, dedesiyle Kara Vadi\u2019ye gitmek ve \u00f6zellikle de b\u00fct\u00fcn cesaretini toplay\u0131p okulun en g\u00fczel k\u0131z\u0131 mavi g\u00f6zl\u00fc tatl\u0131 ejderhayla konu\u015fabilmek&#8230;K\u00fc\u00e7\u00fck ejderha kayan y\u0131ld\u0131zlarla p\u0131r\u0131l p\u0131r\u0131l parlayan g\u00f6ky\u00fcz\u00fcn\u00fcn alt\u0131nda b\u00fct\u00fcn bunlar\u0131 d\u00fc\u015f\u00fcn\u00fcrken, bir y\u0131ld\u0131z\u0131n g\u00f6zden kayboldu\u011funu fark eder ve hemen pe\u015fine d\u00fc\u015fer. Gabriele Antonini\u2019nin resimledi\u011fi Benim Y\u0131ld\u0131z\u0131m\u2019\u0131 Filiz \u00d6zdem \u00e7evirdi.\u201cNereye ka\u00e7\u0131yorsun y\u0131ld\u0131zc\u0131k?\u201d diye ba\u011f\u0131rd\u0131 g\u00f6zden kaybolan bir y\u0131ld\u0131z\u0131n ard\u0131ndan. Ama k\u00fc\u00e7\u00fck ejderha, y\u0131ld\u0131z\u0131n nereye d\u00fc\u015ft\u00fc\u011f\u00fcn\u00fc gayet iyi g\u00f6rm\u00fc\u015ft\u00fc. Ard\u0131nda b\u0131rakt\u0131\u011f\u0131 \u0131\u015f\u0131\u011f\u0131 h\u00e2l\u00e2 g\u00f6r\u00fcr gibiydi.\u201d <\/p>\n","protected":false},"excerpt":{"rendered":"<p>H\u0131r\u00e7\u0131n Prenses Goncag\u00fcl\u2019\u00fcn yazar\u0131 Fulvia Degl\u2019Innocenti\u2019den hayaller \u00fczerine sevimli bir kitap&#8230;K\u00fc\u00e7\u00fck ejderhan\u0131n ger\u00e7ekle\u015fmesini istedi\u011fi bir s\u00fcr\u00fc hayali vard\u0131. Hemencecik b\u00fcy\u00fcmek istiyordu, babas\u0131 gibi koca koca alevler<span class=\"excerpt-hellip\"> [\u2026]<\/span><\/p>\n","protected":false},"featured_media":0,"template":"","meta":{"_monsterinsights_skip_tracking":false,"_monsterinsights_sitenote_active":false,"_monsterinsights_sitenote_note":"","_monsterinsights_sitenote_category":0},"product_brand":[],"product_cat":[12274,12284],"product_tag":[],"class_list":{"0":"post-707933","1":"product","2":"type-product","3":"status-publish","5":"product_cat-cocuk-ve-genclik-kitaplari","6":"product_cat-hikayeler","7":"pa_cilt-ciltsiz","8":"pa_tur-kitap","9":"pa_yayinevi-yapi-kredi-yayinlari","10":"pa_yazar-nilay-ozer","12":"first","13":"instock","14":"sale","15":"shipping-taxable","16":"purchasable","17":"product-type-simple"},"_links":{"self":[{"href":"https:\/\/roveyayinevi.com.tr\/index.php\/wp-json\/wp\/v2\/product\/707933","targetHints":{"allow":["GET"]}}],"collection":[{"href":"https:\/\/roveyayinevi.com.tr\/index.php\/wp-json\/wp\/v2\/product"}],"about":[{"href":"https:\/\/roveyayinevi.com.tr\/index.php\/wp-json\/wp\/v2\/types\/product"}],"wp:attachment":[{"href":"https:\/\/roveyayinevi.com.tr\/index.php\/wp-json\/wp\/v2\/media?parent=707933"}],"wp:term":[{"taxonomy":"product_brand","embeddable":true,"href":"https:\/\/roveyayinevi.com.tr\/index.php\/wp-json\/wp\/v2\/product_brand?post=707933"},{"taxonomy":"product_cat","embeddable":true,"href":"https:\/\/roveyayinevi.com.tr\/index.php\/wp-json\/wp\/v2\/product_cat?post=707933"},{"taxonomy":"product_tag","embeddable":true,"href":"https:\/\/roveyayinevi.com.tr\/index.php\/wp-json\/wp\/v2\/product_tag?post=707933"}],"curies":[{"name":"wp","href":"https:\/\/api.w.org\/{rel}","templated":true}]}}