{"id":707930,"date":"2025-08-27T16:10:19","date_gmt":"2025-08-27T13:10:19","guid":{"rendered":"https:\/\/roveyayinevi.com.tr\/index.php\/urun\/butun-eserleri-1-nermi-uygur\/"},"modified":"2026-04-16T02:16:43","modified_gmt":"2026-04-15T23:16:43","slug":"butun-eserleri-1-nermi-uygur","status":"publish","type":"product","link":"https:\/\/roveyayinevi.com.tr\/index.php\/urun\/butun-eserleri-1-nermi-uygur\/","title":{"rendered":"B\u00fct\u00fcn Eserleri-1\/ Nermi Uygur"},"content":{"rendered":"<p>Kitaplar\u0131 y\u0131llard\u0131r Yap\u0131 Kredi Yay\u0131nlar\u0131 taraf\u0131ndan yay\u0131mlanan d\u00fc\u015f\u00fcn\u00fcr Nermi Uygur&#8217;un iki ciltte toplanacak b\u00fct\u00fcn eserlerinin ilki YKY Delta dizisinde Bet\u00fcl \u00c7otuks\u00f6ken&#8217;in \u00f6ns\u00f6z\u00fcyle yay\u0131mland\u0131. B\u00fct\u00fcn Eserleri-I&#8217;de mant\u0131k, dil, edebiyat, sanat, k\u00fclt\u00fcr felsefesi gibi alanlarda elli y\u0131l boyunca d\u00fc\u015f\u00fcnce \u00fcreten Nermi Uygur&#8217;un 1958-1979 y\u0131llar\u0131 aras\u0131nda yay\u0131mlanm\u0131\u015f \u015fu kitaplar\u0131 kronolojik bir s\u0131rayla yer al\u0131yor: Edmund Husserl&#8217;de Ba\u015fkas\u0131n\u0131n Beni Sorunu, Dilin G\u00fcc\u00fc, Felsefenin \u00c7a\u011fr\u0131s\u0131, D\u00fcnyag\u00f6r\u00fc\u015f\u00fc, G\u00fcne\u015fle, \u0130nsan A\u00e7\u0131s\u0131ndan Edebiyat, T\u00fcrk Felsefesinin Boyutlar\u0131, Kuram-Eylem Ba\u011flam\u0131: \u00c7\u00f6z\u00fcmleyici Bir Felsefe Denemesi, Dil Y\u00f6n\u00fcnden Fizik Felsefesi. <\/p>\n","protected":false},"excerpt":{"rendered":"<p>Kitaplar\u0131 y\u0131llard\u0131r Yap\u0131 Kredi Yay\u0131nlar\u0131 taraf\u0131ndan yay\u0131mlanan d\u00fc\u015f\u00fcn\u00fcr Nermi Uygur&#8217;un iki ciltte toplanacak b\u00fct\u00fcn eserlerinin ilki YKY Delta dizisinde Bet\u00fcl \u00c7otuks\u00f6ken&#8217;in \u00f6ns\u00f6z\u00fcyle yay\u0131mland\u0131. B\u00fct\u00fcn Eserleri-I&#8217;de mant\u0131k,<span class=\"excerpt-hellip\"> [\u2026]<\/span><\/p>\n","protected":false},"featured_media":0,"template":"","meta":{"_monsterinsights_skip_tracking":false,"_monsterinsights_sitenote_active":false,"_monsterinsights_sitenote_note":"","_monsterinsights_sitenote_category":0},"product_brand":[],"product_cat":[12777,12291],"product_tag":[],"class_list":{"0":"post-707930","1":"product","2":"type-product","3":"status-publish","5":"product_cat-deneme","6":"product_cat-edebiyat","7":"pa_cilt-ciltli","8":"pa_tur-kitap","9":"pa_yayinevi-yapi-kredi-yayinlari","10":"pa_yazar-nermi-uygur","12":"first","13":"instock","14":"sale","15":"shipping-taxable","16":"purchasable","17":"product-type-simple"},"_links":{"self":[{"href":"https:\/\/roveyayinevi.com.tr\/index.php\/wp-json\/wp\/v2\/product\/707930","targetHints":{"allow":["GET"]}}],"collection":[{"href":"https:\/\/roveyayinevi.com.tr\/index.php\/wp-json\/wp\/v2\/product"}],"about":[{"href":"https:\/\/roveyayinevi.com.tr\/index.php\/wp-json\/wp\/v2\/types\/product"}],"wp:attachment":[{"href":"https:\/\/roveyayinevi.com.tr\/index.php\/wp-json\/wp\/v2\/media?parent=707930"}],"wp:term":[{"taxonomy":"product_brand","embeddable":true,"href":"https:\/\/roveyayinevi.com.tr\/index.php\/wp-json\/wp\/v2\/product_brand?post=707930"},{"taxonomy":"product_cat","embeddable":true,"href":"https:\/\/roveyayinevi.com.tr\/index.php\/wp-json\/wp\/v2\/product_cat?post=707930"},{"taxonomy":"product_tag","embeddable":true,"href":"https:\/\/roveyayinevi.com.tr\/index.php\/wp-json\/wp\/v2\/product_tag?post=707930"}],"curies":[{"name":"wp","href":"https:\/\/api.w.org\/{rel}","templated":true}]}}