{"id":707928,"date":"2025-08-27T16:10:19","date_gmt":"2025-08-27T13:10:19","guid":{"rendered":"https:\/\/roveyayinevi.com.tr\/index.php\/urun\/ekokoy-ithaca\/"},"modified":"2026-04-16T02:16:43","modified_gmt":"2026-04-15T23:16:43","slug":"ekokoy-ithaca","status":"publish","type":"product","link":"https:\/\/roveyayinevi.com.tr\/index.php\/urun\/ekokoy-ithaca\/","title":{"rendered":"Ekok\u00f6y \u0130thaca"},"content":{"rendered":"<p>Goethe\u2019nin \u201cYapabilece\u011finiz ya da d\u00fc\u015fleyebilece\u011finiz ne varsa ona ba\u015flay\u0131n. Cesarette zeka, g\u00fc\u00e7 ve sihir vard\u0131r. Hemen ba\u015flay\u0131n.\u201d c\u00fcmlesini \u00e7al\u0131\u015fma masas\u0131n\u0131n ba\u015fucuna asan Liz Walker, ne zaman bir g\u00fc\u00e7l\u00fckle kar\u015f\u0131la\u015fsa, d\u00f6n\u00fcp bu s\u00f6z\u00fc okuyor ve yeniden motive oluyordu. Ne kafesten \u00e7\u0131k\u0131p \u00f6zg\u00fcrle\u015fmek, ne de Platon\u2019un ma\u011faras\u0131ndan ka\u00e7\u0131p y\u00fcz\u00fcn\u00fc g\u00fcne\u015fe d\u00f6nmek kolay. ABD\u2019de iki kad\u0131n, bir ekok\u00f6y kurma d\u00fc\u015f\u00fcyle yola \u00e7\u0131kt\u0131klar\u0131nda da \u00f6nlerine binbir t\u00fcrl\u00fc engel \u00e7\u0131kt\u0131 ama Ekok\u00f6y \u0130thaca her zorlu\u011fu a\u015farak kuruldu.Liz Walker \u2018ye\u015fil ya\u015fam\u2019 s\u00fcrd\u00fcren birisinin etkisinin dalgalar halinde yay\u0131larak pek \u00e7ok ba\u015fka ya\u015fam\u0131 etkileyece\u011fini d\u00fc\u015f\u00fcn\u00fcyor. Tuttu\u011fu g\u00fcnl\u00fckten \u00e7\u0131kard\u0131\u011f\u0131 notlar b\u00f6ylece gezegenin herhangi ba\u015fka bir yerinde benzer d\u00fc\u015fleri payla\u015fanlara umut veriyor. Ekok\u00f6y kurman\u0131n tek bir yolu ya da tek bir \u015fekli yok. Zaten b\u00f6yle bir tektiple\u015fmeye de ihtiyac\u0131 yok. Her toplulu\u011fun, her k\u00fclt\u00fcr\u00fcn ve farkl\u0131 co\u011frafyalar\u0131n birbirine hi\u00e7 de benzemeyen yollar\u0131, y\u00f6ntemleri olabilir. \u0130lham almak, dayan\u0131\u015fmak ve payla\u015fmak, i\u015fte bunlar bu zenginli\u011fi benzersiz k\u0131l\u0131yor. G\u00fcn\u00fcm\u00fcz\u00fcn rekabet\u00e7i ve patent odakl\u0131 d\u00fcnyas\u0131n\u0131n aksine, her \u00f6\u011frendi\u011fini ko\u015fulsuz olarak da\u011f\u0131tan, alternatif bir d\u00fcnya \u00f6n\u00fcm\u00fczde aralan\u0131yor.Yeni \u0130nsan Yay\u0131nevi, Ekok\u00f6yler: Yeni Rotam\u0131z kitab\u0131yla genel anlamda ekok\u00f6ylerin de\u011ferleri neler olabilir tart\u0131\u015fmas\u0131n\u0131 ba\u015flatm\u0131\u015ft\u0131. \u015eimdi Ekok\u00f6y \u0130thaca ile \u00f6znel bir deneyimi kitapla\u015ft\u0131rd\u0131. Farkl\u0131 co\u011frafyalardan farkl\u0131 deneyimlerle bu yolculu\u011fu s\u00fcrd\u00fcrmeye niyetliyiz.\u201cBa\u015far\u0131ya ula\u015fm\u0131\u015f bir ekok\u00f6y\u00fcn kurucular\u0131ndan birisi taraf\u0131ndan kaleme al\u0131nm\u0131\u015f bu anlaml\u0131 ve i\u00e7ten bak\u0131\u015f a\u00e7\u0131s\u0131, kendi ekok\u00f6y\u00fcn\u00fc ya da toplulu\u011funu kurmay\u0131 planlayan herkes taraf\u0131ndan okunmal\u0131d\u0131r.\u201d Diana Leafe Christian (Creating a Life Together yazar\u0131)<\/p>\n","protected":false},"excerpt":{"rendered":"<p>Goethe\u2019nin \u201cYapabilece\u011finiz ya da d\u00fc\u015fleyebilece\u011finiz ne varsa ona ba\u015flay\u0131n. Cesarette zeka, g\u00fc\u00e7 ve sihir vard\u0131r. Hemen ba\u015flay\u0131n.\u201d c\u00fcmlesini \u00e7al\u0131\u015fma masas\u0131n\u0131n ba\u015fucuna asan Liz Walker, ne zaman<span class=\"excerpt-hellip\"> [\u2026]<\/span><\/p>\n","protected":false},"featured_media":0,"template":"","meta":{"_monsterinsights_skip_tracking":false,"_monsterinsights_sitenote_active":false,"_monsterinsights_sitenote_note":"","_monsterinsights_sitenote_category":0},"product_brand":[],"product_cat":[12364,16266],"product_tag":[],"class_list":{"0":"post-707928","1":"product","2":"type-product","3":"status-publish","5":"product_cat-genel-konular","6":"product_cat-referans-kaynak-kitap","7":"pa_cilt-ciltsiz","8":"pa_tur-kitap","9":"pa_yayinevi-yeni-insan-yayinlari","10":"pa_yazar-liz-walker","12":"first","13":"instock","14":"sale","15":"shipping-taxable","16":"purchasable","17":"product-type-simple"},"_links":{"self":[{"href":"https:\/\/roveyayinevi.com.tr\/index.php\/wp-json\/wp\/v2\/product\/707928","targetHints":{"allow":["GET"]}}],"collection":[{"href":"https:\/\/roveyayinevi.com.tr\/index.php\/wp-json\/wp\/v2\/product"}],"about":[{"href":"https:\/\/roveyayinevi.com.tr\/index.php\/wp-json\/wp\/v2\/types\/product"}],"wp:attachment":[{"href":"https:\/\/roveyayinevi.com.tr\/index.php\/wp-json\/wp\/v2\/media?parent=707928"}],"wp:term":[{"taxonomy":"product_brand","embeddable":true,"href":"https:\/\/roveyayinevi.com.tr\/index.php\/wp-json\/wp\/v2\/product_brand?post=707928"},{"taxonomy":"product_cat","embeddable":true,"href":"https:\/\/roveyayinevi.com.tr\/index.php\/wp-json\/wp\/v2\/product_cat?post=707928"},{"taxonomy":"product_tag","embeddable":true,"href":"https:\/\/roveyayinevi.com.tr\/index.php\/wp-json\/wp\/v2\/product_tag?post=707928"}],"curies":[{"name":"wp","href":"https:\/\/api.w.org\/{rel}","templated":true}]}}