{"id":707926,"date":"2025-08-27T16:10:17","date_gmt":"2025-08-27T13:10:17","guid":{"rendered":"https:\/\/roveyayinevi.com.tr\/index.php\/urun\/duman-2\/"},"modified":"2026-04-16T02:16:43","modified_gmt":"2026-04-15T23:16:43","slug":"duman-2","status":"publish","type":"product","link":"https:\/\/roveyayinevi.com.tr\/index.php\/urun\/duman-2\/","title":{"rendered":"Duman"},"content":{"rendered":"<p>D\u00fcnyaca \u00fcnl\u00fc yazar ve sanat ele\u015ftirmeni John Berger ile nevi \u015fahs\u0131na m\u00fcnhas\u0131r \u00e7izer Sel\u00e7uk Demirel\u2019den bir ortak yap\u0131t daha: \u201cDuman\u201d.Bu y\u0131l\u0131n hi\u00e7 \u015f\u00fcphesiz en s\u00fcrpriz kitaplar\u0131ndan birisi \u201cDuman\u201d.John Berger\u2019in t\u00fct\u00fcne \u00f6vg\u00fc d\u00fczercesine kulland\u0131\u011f\u0131 ironik metin(ler)i, Sel\u00e7uk Demirel\u2019in \u00e7o\u011funlukla kesif griye \u00e7alan karanl\u0131k \u00e7izimleriyle ta\u00e7land\u0131r\u0131lm\u0131\u015f.Duman\u2019da \u2018\u2018K\u00fcl tablalar\u0131 bir \u00e7es\u0327it konukseverlik ara\u00e7lar\u0131yd\u0131\u2019\u2019 diye yazan John Berger ve Sel\u00e7uk Demirel\u2019in desenleri zihnimizde soru i\u015faretleriyle kar\u0131\u015f\u0131k \u00fcnlemler \u00fcretiyor: Belki de as\u0131l sa\u011fl\u0131\u011fa zararl\u0131 olan \u015fey hayat\u0131n ta kendisidir!Unutmadan, Duman Cevat \u00c7apan\u2019\u0131n enfes \u00e7evirisiyle okuyucusuyla bulu\u015fuyor\u2026 <\/p>\n","protected":false},"excerpt":{"rendered":"<p>D\u00fcnyaca \u00fcnl\u00fc yazar ve sanat ele\u015ftirmeni John Berger ile nevi \u015fahs\u0131na m\u00fcnhas\u0131r \u00e7izer Sel\u00e7uk Demirel\u2019den bir ortak yap\u0131t daha: \u201cDuman\u201d.Bu y\u0131l\u0131n hi\u00e7 \u015f\u00fcphesiz en s\u00fcrpriz kitaplar\u0131ndan<span class=\"excerpt-hellip\"> [\u2026]<\/span><\/p>\n","protected":false},"featured_media":0,"template":"","meta":{"_monsterinsights_skip_tracking":false,"_monsterinsights_sitenote_active":false,"_monsterinsights_sitenote_note":"","_monsterinsights_sitenote_category":0},"product_brand":[],"product_cat":[12274,12284],"product_tag":[],"class_list":{"0":"post-707926","1":"product","2":"type-product","3":"status-publish","5":"product_cat-cocuk-ve-genclik-kitaplari","6":"product_cat-hikayeler","7":"pa_cilt-ciltsiz","8":"pa_tur-kitap","9":"pa_yayinevi-yapi-kredi-yayinlari","10":"pa_yazar-john-berger","12":"first","13":"instock","14":"sale","15":"shipping-taxable","16":"purchasable","17":"product-type-simple"},"_links":{"self":[{"href":"https:\/\/roveyayinevi.com.tr\/index.php\/wp-json\/wp\/v2\/product\/707926","targetHints":{"allow":["GET"]}}],"collection":[{"href":"https:\/\/roveyayinevi.com.tr\/index.php\/wp-json\/wp\/v2\/product"}],"about":[{"href":"https:\/\/roveyayinevi.com.tr\/index.php\/wp-json\/wp\/v2\/types\/product"}],"wp:attachment":[{"href":"https:\/\/roveyayinevi.com.tr\/index.php\/wp-json\/wp\/v2\/media?parent=707926"}],"wp:term":[{"taxonomy":"product_brand","embeddable":true,"href":"https:\/\/roveyayinevi.com.tr\/index.php\/wp-json\/wp\/v2\/product_brand?post=707926"},{"taxonomy":"product_cat","embeddable":true,"href":"https:\/\/roveyayinevi.com.tr\/index.php\/wp-json\/wp\/v2\/product_cat?post=707926"},{"taxonomy":"product_tag","embeddable":true,"href":"https:\/\/roveyayinevi.com.tr\/index.php\/wp-json\/wp\/v2\/product_tag?post=707926"}],"curies":[{"name":"wp","href":"https:\/\/api.w.org\/{rel}","templated":true}]}}