{"id":707924,"date":"2025-08-27T16:10:16","date_gmt":"2025-08-27T13:10:16","guid":{"rendered":"https:\/\/roveyayinevi.com.tr\/index.php\/urun\/cali-bey-igne-hanim-ve-mevsimler\/"},"modified":"2026-04-12T02:19:30","modified_gmt":"2026-04-11T23:19:30","slug":"cali-bey-igne-hanim-ve-mevsimler","status":"publish","type":"product","link":"https:\/\/roveyayinevi.com.tr\/index.php\/urun\/cali-bey-igne-hanim-ve-mevsimler\/","title":{"rendered":"\u00c7al\u0131 Bey, \u0130\u011fne Han\u0131m ve Mevsimler"},"content":{"rendered":"<p>Sonunda ilkbahar gelir. \u00c7al\u0131 Bey ile \u0130\u011fne Han\u0131m art\u0131k yuvalar\u0131ndan \u00e7\u0131k\u0131p g\u00fcne\u015fin ve yeni a\u00e7m\u0131\u015f \u00e7i\u00e7eklerin tad\u0131n\u0131 \u00e7\u0131karabileceklerdir. Haftalar ge\u00e7er. Yaz gelirken yan\u0131nda iki de s\u00fcrpriz getirir. Kirpi ailesine iki yavru kirpi daha kat\u0131l\u0131r. \u00c7al\u0131 Bey ile \u0130\u011fne Han\u0131m\u2019\u0131n ailesi geni\u015flerken bir yandan da ufakl\u0131klar b\u00fcy\u00fcr. Peki i\u00e7lerinden merakl\u0131 olan\u0131 ya\u015fad\u0131klar\u0131 okul bah\u00e7esinden d\u0131\u015far\u0131 \u00e7\u0131kmaya karar verirse ne olur dersiniz?.. \ufffcTan\u0131t\u0131m Metni<\/p>\n","protected":false},"excerpt":{"rendered":"<p>Sonunda ilkbahar gelir. \u00c7al\u0131 Bey ile \u0130\u011fne Han\u0131m art\u0131k yuvalar\u0131ndan \u00e7\u0131k\u0131p g\u00fcne\u015fin ve yeni a\u00e7m\u0131\u015f \u00e7i\u00e7eklerin tad\u0131n\u0131 \u00e7\u0131karabileceklerdir. Haftalar ge\u00e7er. Yaz gelirken yan\u0131nda iki de s\u00fcrpriz<span class=\"excerpt-hellip\"> [\u2026]<\/span><\/p>\n","protected":false},"featured_media":0,"template":"","meta":{"_monsterinsights_skip_tracking":false,"_monsterinsights_sitenote_active":false,"_monsterinsights_sitenote_note":"","_monsterinsights_sitenote_category":0},"product_brand":[],"product_cat":[12274,12284],"product_tag":[],"class_list":{"0":"post-707924","1":"product","2":"type-product","3":"status-publish","5":"product_cat-cocuk-ve-genclik-kitaplari","6":"product_cat-hikayeler","7":"pa_cilt-ciltsiz","8":"pa_tur-kitap","9":"pa_yayinevi-yapi-kredi-yayinlari","10":"pa_yazar-erminia-delloro","12":"first","13":"instock","14":"sale","15":"shipping-taxable","16":"purchasable","17":"product-type-simple"},"_links":{"self":[{"href":"https:\/\/roveyayinevi.com.tr\/index.php\/wp-json\/wp\/v2\/product\/707924","targetHints":{"allow":["GET"]}}],"collection":[{"href":"https:\/\/roveyayinevi.com.tr\/index.php\/wp-json\/wp\/v2\/product"}],"about":[{"href":"https:\/\/roveyayinevi.com.tr\/index.php\/wp-json\/wp\/v2\/types\/product"}],"wp:attachment":[{"href":"https:\/\/roveyayinevi.com.tr\/index.php\/wp-json\/wp\/v2\/media?parent=707924"}],"wp:term":[{"taxonomy":"product_brand","embeddable":true,"href":"https:\/\/roveyayinevi.com.tr\/index.php\/wp-json\/wp\/v2\/product_brand?post=707924"},{"taxonomy":"product_cat","embeddable":true,"href":"https:\/\/roveyayinevi.com.tr\/index.php\/wp-json\/wp\/v2\/product_cat?post=707924"},{"taxonomy":"product_tag","embeddable":true,"href":"https:\/\/roveyayinevi.com.tr\/index.php\/wp-json\/wp\/v2\/product_tag?post=707924"}],"curies":[{"name":"wp","href":"https:\/\/api.w.org\/{rel}","templated":true}]}}