{"id":707922,"date":"2025-08-27T16:10:16","date_gmt":"2025-08-27T13:10:16","guid":{"rendered":"https:\/\/roveyayinevi.com.tr\/index.php\/urun\/adim-adim-62-salata\/"},"modified":"2026-04-16T02:16:42","modified_gmt":"2026-04-15T23:16:42","slug":"adim-adim-62-salata","status":"publish","type":"product","link":"https:\/\/roveyayinevi.com.tr\/index.php\/urun\/adim-adim-62-salata\/","title":{"rendered":"Ad\u0131m Ad\u0131m 62 Salata"},"content":{"rendered":"<p>Mutfak, sa\u011fl\u0131kl\u0131 aray\u0131\u015f ve denemeler i\u00e7in \u00f6n\u00fc a\u00e7\u0131k bir alan. Geleneksel, \u00e7a\u011fda\u015f, uzak, yak\u0131n her t\u00fcrden malzemenin ve ki\u015fisel deneyimin sa\u011fl\u0131kl\u0131 yemekler haz\u0131rlamak i\u00e7in sundu\u011fu imk\u00e2nlar, sonsuz gibidir. Daha \u00f6nce \u201cAd\u0131m Ad\u0131m 62 \u00c7orba\u201d (T\u00fcrk\u00e7e ve \u0130ngilizce, 2011) adl\u0131 kitapta ba\u015far\u0131l\u0131 \u00f6neri ve uygulamalar\u0131yla ilgi g\u00f6ren Burak Aziz S\u00fcr\u00fck ve Cengiz \u00c7ak\u0131t, bu kez salatalar\u0131yla okurun ve damak erbab\u0131n\u0131n huzurundalar.Salata, 19. y\u00fczy\u0131l ortalar\u0131ndan beri eskiye oranla daha \u00e7ok yer i\u015fgal ediyor sofralar\u0131m\u0131zda ve yemek kitaplar\u0131m\u0131zda. Ye\u015filliklerle bezenmi\u015f eski ve geleneksel sofralarda da yenilik\u00e7i sofralarda da ustaca harmanlanm\u0131\u015f ana malzemeleri ve sosuyla salatalar da vazge\u00e7ilmez oldu. Asl\u0131nda yemek yan\u0131nda t\u00fcketilir bir yiyecek olarak alg\u0131lansa da \u00f6\u011f\u00fcnlerinde sofras\u0131na yaln\u0131z salata ile oturan ve onu ana yemek olarak kabul eden \u00e7ok insan var.Gen\u00e7 ve ba\u015far\u0131l\u0131 a\u015f\u00e7\u0131lar S\u00fcr\u00fck ve \u00c7ak\u0131t\u2019\u0131n, yerli ve Uzakdo\u011fu k\u00f6kenli malzemelerle yaratt\u0131\u011f\u0131 \u00e7ok g\u00fczel salatalar, bir\u00e7ok kez denendikten sonra Ad\u0131m Ad\u0131m 62 Salata (T\u00fcrk\u00e7e ve \u0130ngilizce, 2016) ad\u0131yla kitapla\u015ft\u0131r\u0131ld\u0131. Bunlar\u0131n hemen herkes\u00e7e uygulanabilir tariflerine, Hadiye Cang\u00f6k\u00e7e ve Yasemin Din\u00e7er-Serenk\u2019in damaklar\u0131m\u0131z\u0131 \u015fenlendiren foto\u011fraf ve sofra tasar\u0131mlar\u0131 e\u015flik ediyor. <\/p>\n","protected":false},"excerpt":{"rendered":"<p>Mutfak, sa\u011fl\u0131kl\u0131 aray\u0131\u015f ve denemeler i\u00e7in \u00f6n\u00fc a\u00e7\u0131k bir alan. Geleneksel, \u00e7a\u011fda\u015f, uzak, yak\u0131n her t\u00fcrden malzemenin ve ki\u015fisel deneyimin sa\u011fl\u0131kl\u0131 yemekler haz\u0131rlamak i\u00e7in sundu\u011fu imk\u00e2nlar,<span class=\"excerpt-hellip\"> [\u2026]<\/span><\/p>\n","protected":false},"featured_media":0,"template":"","meta":{"_monsterinsights_skip_tracking":false,"_monsterinsights_sitenote_active":false,"_monsterinsights_sitenote_note":"","_monsterinsights_sitenote_category":0},"product_brand":[],"product_cat":[12457],"product_tag":[],"class_list":{"0":"post-707922","1":"product","2":"type-product","3":"status-publish","5":"product_cat-yemek-kitaplari","6":"pa_cilt-ciltsiz","7":"pa_tur-kitap","8":"pa_yayinevi-yapi-kredi-yayinlari","9":"pa_yazar-cengiz-cakit","11":"first","12":"instock","13":"sale","14":"shipping-taxable","15":"purchasable","16":"product-type-simple"},"_links":{"self":[{"href":"https:\/\/roveyayinevi.com.tr\/index.php\/wp-json\/wp\/v2\/product\/707922","targetHints":{"allow":["GET"]}}],"collection":[{"href":"https:\/\/roveyayinevi.com.tr\/index.php\/wp-json\/wp\/v2\/product"}],"about":[{"href":"https:\/\/roveyayinevi.com.tr\/index.php\/wp-json\/wp\/v2\/types\/product"}],"wp:attachment":[{"href":"https:\/\/roveyayinevi.com.tr\/index.php\/wp-json\/wp\/v2\/media?parent=707922"}],"wp:term":[{"taxonomy":"product_brand","embeddable":true,"href":"https:\/\/roveyayinevi.com.tr\/index.php\/wp-json\/wp\/v2\/product_brand?post=707922"},{"taxonomy":"product_cat","embeddable":true,"href":"https:\/\/roveyayinevi.com.tr\/index.php\/wp-json\/wp\/v2\/product_cat?post=707922"},{"taxonomy":"product_tag","embeddable":true,"href":"https:\/\/roveyayinevi.com.tr\/index.php\/wp-json\/wp\/v2\/product_tag?post=707922"}],"curies":[{"name":"wp","href":"https:\/\/api.w.org\/{rel}","templated":true}]}}