{"id":707918,"date":"2025-08-27T16:10:14","date_gmt":"2025-08-27T13:10:14","guid":{"rendered":"https:\/\/roveyayinevi.com.tr\/index.php\/urun\/rintintin-4-palyaco\/"},"modified":"2026-04-16T02:16:42","modified_gmt":"2026-04-15T23:16:42","slug":"rintintin-4-palyaco","status":"publish","type":"product","link":"https:\/\/roveyayinevi.com.tr\/index.php\/urun\/rintintin-4-palyaco\/","title":{"rendered":"Rintintin 4 &#8211; Palya\u00e7o"},"content":{"rendered":"<p>Vah\u015fi Bat\u0131\u2019n\u0131n en \u015fap\u015fal k\u00f6pe\u011fi Rintintin yine i\u015f ba\u015f\u0131nda. Bu sefer ortal\u0131\u011f\u0131 birbirine katt\u0131\u011f\u0131 tek yer de hapishane de\u011fil \u00fcstelik, yeteneksiz palya\u00e7olar\u0131n, miskin bir aslan ile tembel bir filin g\u00f6steriler yapt\u0131\u011f\u0131 bir sirk de cabas\u0131\u2026Palya\u00e7olar, gardiyanlar, banka h\u0131rs\u0131zlar\u0131, yaramaz bir \u00e7ocuk ve Rintintin ile birlikte evlere \u015fenlik bir maceraya haz\u0131r olun.Rintintin serisinin en komik alb\u00fcmlerinden olan Palya\u00e7o, Eray Canberk \u00e7evirisiyle Yap\u0131 Kredi Yay\u0131nlar\u0131\u2019nda. <\/p>\n","protected":false},"excerpt":{"rendered":"<p>Vah\u015fi Bat\u0131\u2019n\u0131n en \u015fap\u015fal k\u00f6pe\u011fi Rintintin yine i\u015f ba\u015f\u0131nda. Bu sefer ortal\u0131\u011f\u0131 birbirine katt\u0131\u011f\u0131 tek yer de hapishane de\u011fil \u00fcstelik, yeteneksiz palya\u00e7olar\u0131n, miskin bir aslan ile<span class=\"excerpt-hellip\"> [\u2026]<\/span><\/p>\n","protected":false},"featured_media":0,"template":"","meta":{"_monsterinsights_skip_tracking":false,"_monsterinsights_sitenote_active":false,"_monsterinsights_sitenote_note":"","_monsterinsights_sitenote_category":0},"product_brand":[],"product_cat":[12689,12274],"product_tag":[],"class_list":{"0":"post-707918","1":"product","2":"type-product","3":"status-publish","5":"product_cat-cizgi-roman-cocuk-ve-genclik-kitaplari","6":"product_cat-cocuk-ve-genclik-kitaplari","7":"pa_cilt-ciltsiz","8":"pa_tur-kitap","9":"pa_yayinevi-yapi-kredi-yayinlari","10":"pa_yazar-j-leturgie","12":"first","13":"instock","14":"sale","15":"shipping-taxable","16":"purchasable","17":"product-type-simple"},"_links":{"self":[{"href":"https:\/\/roveyayinevi.com.tr\/index.php\/wp-json\/wp\/v2\/product\/707918","targetHints":{"allow":["GET"]}}],"collection":[{"href":"https:\/\/roveyayinevi.com.tr\/index.php\/wp-json\/wp\/v2\/product"}],"about":[{"href":"https:\/\/roveyayinevi.com.tr\/index.php\/wp-json\/wp\/v2\/types\/product"}],"wp:attachment":[{"href":"https:\/\/roveyayinevi.com.tr\/index.php\/wp-json\/wp\/v2\/media?parent=707918"}],"wp:term":[{"taxonomy":"product_brand","embeddable":true,"href":"https:\/\/roveyayinevi.com.tr\/index.php\/wp-json\/wp\/v2\/product_brand?post=707918"},{"taxonomy":"product_cat","embeddable":true,"href":"https:\/\/roveyayinevi.com.tr\/index.php\/wp-json\/wp\/v2\/product_cat?post=707918"},{"taxonomy":"product_tag","embeddable":true,"href":"https:\/\/roveyayinevi.com.tr\/index.php\/wp-json\/wp\/v2\/product_tag?post=707918"}],"curies":[{"name":"wp","href":"https:\/\/api.w.org\/{rel}","templated":true}]}}