{"id":707917,"date":"2025-08-27T16:10:13","date_gmt":"2025-08-27T13:10:13","guid":{"rendered":"https:\/\/roveyayinevi.com.tr\/index.php\/urun\/erkekler-kizlara-karsi\/"},"modified":"2026-04-16T02:16:42","modified_gmt":"2026-04-15T23:16:42","slug":"erkekler-kizlara-karsi","status":"publish","type":"product","link":"https:\/\/roveyayinevi.com.tr\/index.php\/urun\/erkekler-kizlara-karsi\/","title":{"rendered":"Erkekler K\u0131zlara Kar\u015f\u0131"},"content":{"rendered":"<p>Silvia Vecchini\u2019nin yazd\u0131\u011f\u0131 Erkekler K\u0131zlara Kar\u015f\u0131, \u00f6nyarg\u0131lar \u00fczerine bir kez daha d\u00fc\u015f\u00fcnmeye, \u00f6\u011fretilmi\u015f rolleri sorgulamaya y\u00f6nelik hem e\u011flenceli hem de d\u00fc\u015f\u00fcnd\u00fcr\u00fcc\u00fc bir kitap&#8230;Zoe adl\u0131 k\u0131z\u0131n okula gelmesiyle birlikte, Giovanni\u2019nin g\u00f6z\u00fcnde d\u00fcnya tepetaklak olmu\u015ftur. Okulda neyin erkeklere, neyin k\u0131zlara \u00f6zg\u00fc oldu\u011funu anlamak art\u0131k olanaks\u0131zd\u0131r. \u00dcstelik \u201cKesin Kurallar\u201d bunu a\u00e7\u0131k\u00e7a s\u00f6ylemektedir: \u201cErkekler, k\u0131zlara \u00f6zg\u00fc ve k\u0131zlar da erkeklere \u00f6zg\u00fc \u015feyleri asla yapmamal\u0131d\u0131r!\u201dAnnesi kamyon \u015fof\u00f6r\u00fc olan, dedesinin bakt\u0131\u011f\u0131 ve hi\u00e7 de k\u0131zlara \u00f6zg\u00fc diye bilinen \u015feylerle ilgilenmeyen bu k\u00fc\u00e7\u00fck k\u0131z, s\u0131n\u0131fta a\u00e7\u0131lan erkekler ve k\u0131zlar aras\u0131ndaki sava\u015f\u0131 hi\u00e7 mi hi\u00e7 anlamam\u0131\u015ft\u0131r!Silvia Vecchini\u2019nin yazd\u0131\u011f\u0131 Erkekler K\u0131zlara Kar\u015f\u0131, \u00f6nyarg\u0131lar \u00fczerine bir kez daha d\u00fc\u015f\u00fcnmeye, \u00f6\u011fretilmi\u015f rolleri sorgulamaya ve cinsiyet\u00e7i-ayr\u0131mc\u0131 kal\u0131plar\u0131 y\u0131kmaya davet eden hem e\u011flenceli hem de d\u00fc\u015f\u00fcnd\u00fcr\u00fcc\u00fc bir kitap&#8230; <\/p>\n","protected":false},"excerpt":{"rendered":"<p>Silvia Vecchini\u2019nin yazd\u0131\u011f\u0131 Erkekler K\u0131zlara Kar\u015f\u0131, \u00f6nyarg\u0131lar \u00fczerine bir kez daha d\u00fc\u015f\u00fcnmeye, \u00f6\u011fretilmi\u015f rolleri sorgulamaya y\u00f6nelik hem e\u011flenceli hem de d\u00fc\u015f\u00fcnd\u00fcr\u00fcc\u00fc bir kitap&#8230;Zoe adl\u0131 k\u0131z\u0131n okula<span class=\"excerpt-hellip\"> [\u2026]<\/span><\/p>\n","protected":false},"featured_media":0,"template":"","meta":{"_monsterinsights_skip_tracking":false,"_monsterinsights_sitenote_active":false,"_monsterinsights_sitenote_note":"","_monsterinsights_sitenote_category":0},"product_brand":[],"product_cat":[12274,12284],"product_tag":[],"class_list":{"0":"post-707917","1":"product","2":"type-product","3":"status-publish","5":"product_cat-cocuk-ve-genclik-kitaplari","6":"product_cat-hikayeler","7":"pa_cilt-ciltsiz","8":"pa_tur-kitap","9":"pa_yayinevi-yapi-kredi-yayinlari","10":"pa_yazar-silvia-vecchini","12":"first","13":"instock","14":"sale","15":"shipping-taxable","16":"purchasable","17":"product-type-simple"},"_links":{"self":[{"href":"https:\/\/roveyayinevi.com.tr\/index.php\/wp-json\/wp\/v2\/product\/707917","targetHints":{"allow":["GET"]}}],"collection":[{"href":"https:\/\/roveyayinevi.com.tr\/index.php\/wp-json\/wp\/v2\/product"}],"about":[{"href":"https:\/\/roveyayinevi.com.tr\/index.php\/wp-json\/wp\/v2\/types\/product"}],"wp:attachment":[{"href":"https:\/\/roveyayinevi.com.tr\/index.php\/wp-json\/wp\/v2\/media?parent=707917"}],"wp:term":[{"taxonomy":"product_brand","embeddable":true,"href":"https:\/\/roveyayinevi.com.tr\/index.php\/wp-json\/wp\/v2\/product_brand?post=707917"},{"taxonomy":"product_cat","embeddable":true,"href":"https:\/\/roveyayinevi.com.tr\/index.php\/wp-json\/wp\/v2\/product_cat?post=707917"},{"taxonomy":"product_tag","embeddable":true,"href":"https:\/\/roveyayinevi.com.tr\/index.php\/wp-json\/wp\/v2\/product_tag?post=707917"}],"curies":[{"name":"wp","href":"https:\/\/api.w.org\/{rel}","templated":true}]}}