{"id":707916,"date":"2025-08-27T16:10:13","date_gmt":"2025-08-27T13:10:13","guid":{"rendered":"https:\/\/roveyayinevi.com.tr\/index.php\/urun\/atli-sehirliler\/"},"modified":"2026-04-16T02:16:42","modified_gmt":"2026-04-15T23:16:42","slug":"atli-sehirliler","status":"publish","type":"product","link":"https:\/\/roveyayinevi.com.tr\/index.php\/urun\/atli-sehirliler\/","title":{"rendered":"Atl\u0131 \u015eehirliler"},"content":{"rendered":"<p>Hunlar\u0131n tarihi yaln\u0131zca siyasi, askeri ve diplomatik y\u00f6nleri olan zaferler, ma\u011flubiyetler, m\u00fccadeleler tarihi de\u011fildir. Avrupa co\u011frafyas\u0131nda Hunlar\u0131n hakimiyeti alt\u0131na giren kabileler, kavimler ile hemhudut oldu\u011fu m\u00fcnasebet tahsis etti\u011fi devletler bak\u0131m\u0131ndan \u201c\u00f6teki\u201dnin tarihi idi. Sava\u015f meydanlar\u0131nda ordular harp ederken, s\u00f6zlerde ve kalemlerde diller, inan\u00e7lar, k\u00fclt\u00fcrler, davran\u0131\u015flar, al\u0131\u015fkanl\u0131klar \u00e7arp\u0131\u015f\u0131yor, bi\u00e7imden bi\u00e7ime sokuluyordu. Bunlar\u0131n neticesinde olu\u015fan \u00f6nyarg\u0131lar ise hakikatin yerine ge\u00e7iyordu. \u00d6yle ki, Romal\u0131lar\u0131n ve miras\u00e7\u0131lar\u0131n\u0131n bak\u0131\u015f a\u00e7\u0131lar\u0131nda, kendi medeniyet daireleri d\u0131\u015f\u0131nda kalan, k\u00e2fir yahut d\u00fc\u015fman g\u00f6r\u00fclen, barbar addedilen unsurlar Hunlar ile \u00f6zde\u015fle\u015ftirilmeye ba\u015flan\u0131yordu. Avrupa co\u011frafyas\u0131nda emperyal bir devlet tesis eden, tarihte silinmez izler b\u0131rakan ve binlerce y\u0131ll\u0131k birikimin mahsul\u00fc k\u00fclt\u00fcre sahip &#8221;Hunlar\u0131 anlatan birka\u00e7 kelime nedir&#8221;, diye sorulsa cevap \u015f\u00fcphesiz; \u201cat\u201d, \u201cok\u201d ve \u201caskerlik\u201din \u015fekillendirdi\u011fi sosyo-ekonomik yap\u0131 ile sonsuz gibi alg\u0131lanan Bozk\u0131r\u0131n belirledi\u011fi tefekk\u00fcr d\u00fcnyas\u0131 olacakt\u0131r.  Bu kitapta;  yaz\u0131l\u0131 kaynaklardaki s\u0131n\u0131rl\u0131 bilgiler ile Hunlar\u0131n h\u00e2kimiyet ve faaliyet sahalar\u0131nda yap\u0131lan arkeolojik kaz\u0131lar sonucu elde edilen bulgular \u0131\u015f\u0131\u011f\u0131nda, Avrupa Hunlar\u0131n\u0131n hayat tarz\u0131 ortaya konmaya, ya\u015fad\u0131\u011f\u0131 \u00e7evre ve mek\u00e2ndan idar\u00ee yap\u0131lanmalar\u0131na kadar Hun toplum hayat\u0131 resmedilmeye, hukuk, inan\u00e7 gibi de\u011ferlerle, vazge\u00e7ilmez unsur haline gelen at ile ok-yay ba\u015fta olmak \u00fczere silahlara ve onlara y\u00fcklenilen m\u00e2n\u00e2lara dikkat \u00e7ekilmeye, Hun insan\u0131 ve toplumuna d\u00e2ir s\u00f6ylenebilecekler yans\u0131t\u0131lmaya ve isimleri hep sava\u015flarla an\u0131lan Hunlar\u0131 zafere g\u00f6t\u00fcren hususiyetlerin arka plan\u0131 g\u00f6z\u00f6n\u00fcne serilmeye \u00e7al\u0131\u015f\u0131lm\u0131\u015ft\u0131r. Ayr\u0131ca Atl\u0131-\u015fehirliler ad\u0131 ile eski T\u00fcrk hayat tarz\u0131n\u0131n ifadesi bak\u0131m\u0131ndan Atl\u0131 \u015eehirli K\u00fclt\u00fcr\u00fc tabirinin yeni bir mefhum olarak tart\u0131\u015f\u0131lmaya a\u00e7\u0131lmas\u0131 murat edilmi\u015ftir.<\/p>\n","protected":false},"excerpt":{"rendered":"<p>Hunlar\u0131n tarihi yaln\u0131zca siyasi, askeri ve diplomatik y\u00f6nleri olan zaferler, ma\u011flubiyetler, m\u00fccadeleler tarihi de\u011fildir. Avrupa co\u011frafyas\u0131nda Hunlar\u0131n hakimiyeti alt\u0131na giren kabileler, kavimler ile hemhudut oldu\u011fu m\u00fcnasebet<span class=\"excerpt-hellip\"> [\u2026]<\/span><\/p>\n","protected":false},"featured_media":0,"template":"","meta":{"_monsterinsights_skip_tracking":false,"_monsterinsights_sitenote_active":false,"_monsterinsights_sitenote_note":"","_monsterinsights_sitenote_category":0},"product_brand":[],"product_cat":[12370,12304],"product_tag":[],"class_list":{"0":"post-707916","1":"product","2":"type-product","3":"status-publish","5":"product_cat-arastirma-inceleme","6":"product_cat-tarih","7":"pa_cilt-ciltsiz","8":"pa_tur-kitap","9":"pa_yayinevi-yeditepe-yayinevi","10":"pa_yazar-ali-ahmetbeyoglu","12":"first","13":"instock","14":"sale","15":"shipping-taxable","16":"purchasable","17":"product-type-simple"},"_links":{"self":[{"href":"https:\/\/roveyayinevi.com.tr\/index.php\/wp-json\/wp\/v2\/product\/707916","targetHints":{"allow":["GET"]}}],"collection":[{"href":"https:\/\/roveyayinevi.com.tr\/index.php\/wp-json\/wp\/v2\/product"}],"about":[{"href":"https:\/\/roveyayinevi.com.tr\/index.php\/wp-json\/wp\/v2\/types\/product"}],"wp:attachment":[{"href":"https:\/\/roveyayinevi.com.tr\/index.php\/wp-json\/wp\/v2\/media?parent=707916"}],"wp:term":[{"taxonomy":"product_brand","embeddable":true,"href":"https:\/\/roveyayinevi.com.tr\/index.php\/wp-json\/wp\/v2\/product_brand?post=707916"},{"taxonomy":"product_cat","embeddable":true,"href":"https:\/\/roveyayinevi.com.tr\/index.php\/wp-json\/wp\/v2\/product_cat?post=707916"},{"taxonomy":"product_tag","embeddable":true,"href":"https:\/\/roveyayinevi.com.tr\/index.php\/wp-json\/wp\/v2\/product_tag?post=707916"}],"curies":[{"name":"wp","href":"https:\/\/api.w.org\/{rel}","templated":true}]}}