{"id":707911,"date":"2025-08-27T16:10:10","date_gmt":"2025-08-27T13:10:10","guid":{"rendered":"https:\/\/roveyayinevi.com.tr\/index.php\/urun\/ayisiginda-samata\/"},"modified":"2026-04-16T02:16:42","modified_gmt":"2026-04-15T23:16:42","slug":"ayisiginda-samata","status":"publish","type":"product","link":"https:\/\/roveyayinevi.com.tr\/index.php\/urun\/ayisiginda-samata\/","title":{"rendered":"Ay\u0131\u015f\u0131\u011f\u0131nda \u015eamata"},"content":{"rendered":"<p>Ay\u0131\u015f\u0131\u011f\u0131nda \u201c\u00c7al\u0131\u015fkur\u201d adl\u0131 \u00f6yk\u00fcs\u00fcnden Haldun Taner\u2019in oyunla\u015ft\u0131rd\u0131\u011f\u0131 ve ilk kez 1977\u2019de sahnelenen Ay\u0131\u015f\u0131\u011f\u0131nda \u015eamata, yazar\u0131n deyi\u015fiyle, \u201cyazar\u0131n ko\u015fullanmalar\u0131 ile seyircinin bamba\u015fka ko\u015fullanmalar\u0131 aras\u0131ndaki z\u0131tl\u0131\u011f\u0131 bir fars havas\u0131\u201d i\u00e7inde yans\u0131t\u0131r.Ay\u015feg\u00fcl Y\u00fcksel\u2019in bu oyunla ilgili de\u011ferlendirmesi \u015f\u00f6yledir:\u201cTaner, Ay\u0131\u015f\u0131\u011f\u0131nda \u015eamata ile, L\u00fctfen Dokunmay\u0131n\u2019dan bu yana s\u00fcrd\u00fcrd\u00fc\u011f\u00fc toplumdaki yanl\u0131\u015f ko\u015fulland\u0131rmalar\u0131 irdeleme ve do\u011fru olarak alg\u0131lanmas\u0131 gereken ger\u00e7ekleri maskeleyen \u201cyalan\u201d balonlar\u0131n\u0131 delme eyleminin bir ba\u015fka \u00e7arp\u0131c\u0131 \u00f6rne\u011fini vermektedir.Ay\u0131\u015f\u0131\u011f\u0131nda \u015eamata, Taner\u2019in t\u00fcm oyunlar\u0131n\u0131n temel \u00e7\u0131k\u0131\u015f noktas\u0131n\u0131 olu\u015fturan tersinleme yakla\u015f\u0131m\u0131n\u0131n tam verimle de\u011ferlendirildi\u011fi, oyunculara, Sersem Kocan\u0131n Kurnaz Kar\u0131s\u0131\u2019nda oldu\u011fu gibi b\u00fcy\u00fck olanaklar tan\u0131yan, g\u00fcld\u00fcr\u00fcc\u00fc ve d\u00fc\u015f\u00fcnd\u00fcr\u00fcc\u00fc bir oyundur.\u201d<\/p>\n","protected":false},"excerpt":{"rendered":"<p>Ay\u0131\u015f\u0131\u011f\u0131nda \u201c\u00c7al\u0131\u015fkur\u201d adl\u0131 \u00f6yk\u00fcs\u00fcnden Haldun Taner\u2019in oyunla\u015ft\u0131rd\u0131\u011f\u0131 ve ilk kez 1977\u2019de sahnelenen Ay\u0131\u015f\u0131\u011f\u0131nda \u015eamata, yazar\u0131n deyi\u015fiyle, \u201cyazar\u0131n ko\u015fullanmalar\u0131 ile seyircinin bamba\u015fka ko\u015fullanmalar\u0131 aras\u0131ndaki z\u0131tl\u0131\u011f\u0131 bir fars<span class=\"excerpt-hellip\"> [\u2026]<\/span><\/p>\n","protected":false},"featured_media":0,"template":"","meta":{"_monsterinsights_skip_tracking":false,"_monsterinsights_sitenote_active":false,"_monsterinsights_sitenote_note":"","_monsterinsights_sitenote_category":0},"product_brand":[],"product_cat":[12291,12292],"product_tag":[],"class_list":{"0":"post-707911","1":"product","2":"type-product","3":"status-publish","5":"product_cat-edebiyat","6":"product_cat-turk-edebiyati","7":"pa_cilt-ciltsiz","8":"pa_tur-kitap","9":"pa_yayinevi-yapi-kredi-yayinlari","10":"pa_yazar-haldun-taner","12":"first","13":"instock","14":"sale","15":"shipping-taxable","16":"purchasable","17":"product-type-simple"},"_links":{"self":[{"href":"https:\/\/roveyayinevi.com.tr\/index.php\/wp-json\/wp\/v2\/product\/707911","targetHints":{"allow":["GET"]}}],"collection":[{"href":"https:\/\/roveyayinevi.com.tr\/index.php\/wp-json\/wp\/v2\/product"}],"about":[{"href":"https:\/\/roveyayinevi.com.tr\/index.php\/wp-json\/wp\/v2\/types\/product"}],"wp:attachment":[{"href":"https:\/\/roveyayinevi.com.tr\/index.php\/wp-json\/wp\/v2\/media?parent=707911"}],"wp:term":[{"taxonomy":"product_brand","embeddable":true,"href":"https:\/\/roveyayinevi.com.tr\/index.php\/wp-json\/wp\/v2\/product_brand?post=707911"},{"taxonomy":"product_cat","embeddable":true,"href":"https:\/\/roveyayinevi.com.tr\/index.php\/wp-json\/wp\/v2\/product_cat?post=707911"},{"taxonomy":"product_tag","embeddable":true,"href":"https:\/\/roveyayinevi.com.tr\/index.php\/wp-json\/wp\/v2\/product_tag?post=707911"}],"curies":[{"name":"wp","href":"https:\/\/api.w.org\/{rel}","templated":true}]}}