{"id":707908,"date":"2025-08-27T16:10:09","date_gmt":"2025-08-27T13:10:09","guid":{"rendered":"https:\/\/roveyayinevi.com.tr\/index.php\/urun\/hafiye-yusuf\/"},"modified":"2026-04-16T02:16:42","modified_gmt":"2026-04-15T23:16:42","slug":"hafiye-yusuf","status":"publish","type":"product","link":"https:\/\/roveyayinevi.com.tr\/index.php\/urun\/hafiye-yusuf\/","title":{"rendered":"Hafiye Yusuf"},"content":{"rendered":"<p>Manavo\u011flu Yusuf, Cing\u00f6z Mustafa ve F\u0131ld\u0131rdak Necmi&#8230;\u00dc\u00e7 kafadar \u00e7\u0131t \u00e7\u0131karmaktan korkarak gemiye as\u0131l\u0131 halat merdiveni kullan\u0131p g\u00fcverteye \u00e7\u0131kt\u0131lar. Kaptan k\u00f6\u015fk\u00fcn\u00fcn kap\u0131s\u0131nda muhaf\u0131zl\u0131k yapan iki izbandut yap\u0131l\u0131 adam, g\u00f6zleri hafif kapal\u0131, yar\u0131 s\u0131zm\u0131\u015f bir halde g\u00fcya n\u00f6bet tutuyorlard\u0131.Yusuf, muhaf\u0131zlar\u0131 uyand\u0131rmamaya \u00e7al\u0131\u015farak kaptan k\u00f6\u015fk\u00fcn\u00fcn arkas\u0131ndan doland\u0131. K\u00fc\u00e7\u00fck kamara penceresinden i\u00e7eriyi g\u00f6rmeye \u00e7al\u0131\u015ft\u0131.\u0130\u00e7eride iki ki\u015fi vard\u0131. Birini daha \u00f6nce hi\u00e7 g\u00f6rmemi\u015fti ancak y\u00fcz\u00fcn\u00fcn sert \u00e7izgilerinden onunda korsanlar gibi merhametsiz birisi oldu\u011funu anlad\u0131. Yabanc\u0131n\u0131n yan\u0131nda ise ge\u00e7en gece g\u00f6rd\u00fc\u011f\u00fc, abus \u00e7ehreli, patates suratl\u0131 kaptan oturuyordu.\u0130\u015fte ailesinin katili, hayat\u0131n\u0131 mahveden adam oradayd\u0131. Yusuf t\u0131slar gibi m\u0131r\u0131ldand\u0131:Yakt\u0131m seni patates surat! Bakal\u0131m kad\u0131 efendiye yapt\u0131klar\u0131n\u0131 nas\u0131l a\u00e7\u0131klayacaks\u0131n?Kafadarlar aram\u0131\u015f olduklar\u0131n\u0131 bulduklar\u0131ndan keyif i\u00e7indeydiler. Ancak ne yaz\u0131k ki bu keyifleri birka\u00e7 dakika sonra balon gibi s\u00f6n\u00fcverdi.Tarihin i\u00e7inden canl\u0131, heyecanl\u0131, soluk solu\u011fa okunacak bir macera&#8230; Manavo\u011flu Yusuf&#8217;u \u00f6nce sarayl\u0131, ard\u0131ndan &#8220;Hafiye Yusuf&#8221; yapacak  olaylar\u0131n gizemli ve bir o kadar ilgin\u00e7 hikayesi&#8230;\ufffcTan\u0131t\u0131m Metni<\/p>\n","protected":false},"excerpt":{"rendered":"<p>Manavo\u011flu Yusuf, Cing\u00f6z Mustafa ve F\u0131ld\u0131rdak Necmi&#8230;\u00dc\u00e7 kafadar \u00e7\u0131t \u00e7\u0131karmaktan korkarak gemiye as\u0131l\u0131 halat merdiveni kullan\u0131p g\u00fcverteye \u00e7\u0131kt\u0131lar. Kaptan k\u00f6\u015fk\u00fcn\u00fcn kap\u0131s\u0131nda muhaf\u0131zl\u0131k yapan iki izbandut yap\u0131l\u0131<span class=\"excerpt-hellip\"> [\u2026]<\/span><\/p>\n","protected":false},"featured_media":0,"template":"","meta":{"_monsterinsights_skip_tracking":false,"_monsterinsights_sitenote_active":false,"_monsterinsights_sitenote_note":"","_monsterinsights_sitenote_category":0},"product_brand":[],"product_cat":[12364],"product_tag":[],"class_list":{"0":"post-707908","1":"product","2":"type-product","3":"status-publish","5":"product_cat-genel-konular","6":"pa_cilt-ciltsiz","7":"pa_tur-kitap","8":"pa_yayinevi-ugurbocegi-yayinlari","9":"pa_yazar-zehra-ayduz","11":"first","12":"instock","13":"sale","14":"shipping-taxable","15":"purchasable","16":"product-type-simple"},"_links":{"self":[{"href":"https:\/\/roveyayinevi.com.tr\/index.php\/wp-json\/wp\/v2\/product\/707908","targetHints":{"allow":["GET"]}}],"collection":[{"href":"https:\/\/roveyayinevi.com.tr\/index.php\/wp-json\/wp\/v2\/product"}],"about":[{"href":"https:\/\/roveyayinevi.com.tr\/index.php\/wp-json\/wp\/v2\/types\/product"}],"wp:attachment":[{"href":"https:\/\/roveyayinevi.com.tr\/index.php\/wp-json\/wp\/v2\/media?parent=707908"}],"wp:term":[{"taxonomy":"product_brand","embeddable":true,"href":"https:\/\/roveyayinevi.com.tr\/index.php\/wp-json\/wp\/v2\/product_brand?post=707908"},{"taxonomy":"product_cat","embeddable":true,"href":"https:\/\/roveyayinevi.com.tr\/index.php\/wp-json\/wp\/v2\/product_cat?post=707908"},{"taxonomy":"product_tag","embeddable":true,"href":"https:\/\/roveyayinevi.com.tr\/index.php\/wp-json\/wp\/v2\/product_tag?post=707908"}],"curies":[{"name":"wp","href":"https:\/\/api.w.org\/{rel}","templated":true}]}}