{"id":707907,"date":"2025-08-27T16:10:09","date_gmt":"2025-08-27T13:10:09","guid":{"rendered":"https:\/\/roveyayinevi.com.tr\/index.php\/urun\/ozgurlesmenin-yollari\/"},"modified":"2026-01-29T02:30:02","modified_gmt":"2026-01-28T23:30:02","slug":"ozgurlesmenin-yollari","status":"publish","type":"product","link":"https:\/\/roveyayinevi.com.tr\/index.php\/urun\/ozgurlesmenin-yollari\/","title":{"rendered":"\u00d6zg\u00fcrle\u015fmenin Yollar\u0131"},"content":{"rendered":"<p>Toplumsal hareketler, tarih boyunca ekonomi politik \u00e7at\u0131\u015fmalar \u00e7er\u00e7evesinde iktidar(lar)a kar\u015f\u0131 bir direni\u015f \u015feklinde ger\u00e7ekle\u015fmi\u015ftir. G\u00fcn\u00fcm\u00fczde, i\u015f\u00e7i s\u0131n\u0131f\u0131 eksenli hareketlerin etkinli\u011fi tarihsel blok taraf\u0131ndan zay\u0131flat\u0131lm\u0131\u015ft\u0131r. Buna kar\u015f\u0131n, &#8220;s\u0131n\u0131f&#8221; hareketi, &#8220;yeni&#8221; olarak tan\u0131mlanan k\u00fclt\u00fcrel kimlik eksenli hareketlerle birlikte farkl\u0131 alanlarda toplumsal m\u00fccadelesini s\u00fcrd\u00fcr\u00fcrken; kapitalizm de arkaplanda bir d\u00f6n\u00fc\u015f\u00fcm ya\u015fam\u0131\u015ft\u0131r. Bu ba\u011flamda, politikan\u0131n konusunun etnisite, toplumsal cinsiyet, cinsel y\u00f6nelimler, din vb. k\u00fclt\u00fcrel kimlik sorunlar\u0131n\u0131 da kapsar hale gelmesi yeni toplumsal hareketlerin ortaya \u00e7\u0131kmas\u0131na neden olmu\u015ftur. Dolay\u0131s\u0131yla, bu \u00e7al\u0131\u015fmada; Maksim Gorki&#8217;nin &#8220;Mevcut olan\u0131 sergilemek yetmez. Arzulanan ya da olanakl\u0131 olan\u0131 da d\u00fc\u015f\u00fcnmek gerekir&#8221; s\u00f6z\u00fcnden hareketle, T\u00fcrkiye&#8217;de &#8220;\u00f6zg\u00fcrle\u015fmenin yollar\u0131&#8221; olarak tan\u0131mlanan toplumsal hareketler geleneksel ve yeni medya \u00fczerinden tart\u0131\u015f\u0131lm\u0131\u015ft\u0131r. <\/p>\n","protected":false},"excerpt":{"rendered":"<p>Toplumsal hareketler, tarih boyunca ekonomi politik \u00e7at\u0131\u015fmalar \u00e7er\u00e7evesinde iktidar(lar)a kar\u015f\u0131 bir direni\u015f \u015feklinde ger\u00e7ekle\u015fmi\u015ftir. G\u00fcn\u00fcm\u00fczde, i\u015f\u00e7i s\u0131n\u0131f\u0131 eksenli hareketlerin etkinli\u011fi tarihsel blok taraf\u0131ndan zay\u0131flat\u0131lm\u0131\u015ft\u0131r. Buna kar\u015f\u0131n,<span class=\"excerpt-hellip\"> [\u2026]<\/span><\/p>\n","protected":false},"featured_media":0,"template":"","meta":{"_monsterinsights_skip_tracking":false,"_monsterinsights_sitenote_active":false,"_monsterinsights_sitenote_note":"","_monsterinsights_sitenote_category":0},"product_brand":[],"product_cat":[12337,14543],"product_tag":[],"class_list":{"0":"post-707907","1":"product","2":"type-product","3":"status-publish","5":"product_cat-politika-siyaset","6":"product_cat-turkiye-siyaseti-ve-politikasi","7":"pa_cilt-ciltsiz","8":"pa_tur-kitap","9":"pa_yayinevi-utopya-yayinevi","10":"pa_yazar-erdal-dagtas","12":"first","13":"instock","14":"sale","15":"shipping-taxable","16":"purchasable","17":"product-type-simple"},"_links":{"self":[{"href":"https:\/\/roveyayinevi.com.tr\/index.php\/wp-json\/wp\/v2\/product\/707907","targetHints":{"allow":["GET"]}}],"collection":[{"href":"https:\/\/roveyayinevi.com.tr\/index.php\/wp-json\/wp\/v2\/product"}],"about":[{"href":"https:\/\/roveyayinevi.com.tr\/index.php\/wp-json\/wp\/v2\/types\/product"}],"wp:attachment":[{"href":"https:\/\/roveyayinevi.com.tr\/index.php\/wp-json\/wp\/v2\/media?parent=707907"}],"wp:term":[{"taxonomy":"product_brand","embeddable":true,"href":"https:\/\/roveyayinevi.com.tr\/index.php\/wp-json\/wp\/v2\/product_brand?post=707907"},{"taxonomy":"product_cat","embeddable":true,"href":"https:\/\/roveyayinevi.com.tr\/index.php\/wp-json\/wp\/v2\/product_cat?post=707907"},{"taxonomy":"product_tag","embeddable":true,"href":"https:\/\/roveyayinevi.com.tr\/index.php\/wp-json\/wp\/v2\/product_tag?post=707907"}],"curies":[{"name":"wp","href":"https:\/\/api.w.org\/{rel}","templated":true}]}}