{"id":707905,"date":"2025-08-27T16:10:08","date_gmt":"2025-08-27T13:10:08","guid":{"rendered":"https:\/\/roveyayinevi.com.tr\/index.php\/urun\/ankarada-yayimlanan-sureli-yayinlar-kaynakcasi-1923-2015\/"},"modified":"2026-04-16T02:16:42","modified_gmt":"2026-04-15T23:16:42","slug":"ankarada-yayimlanan-sureli-yayinlar-kaynakcasi-1923-2015","status":"publish","type":"product","link":"https:\/\/roveyayinevi.com.tr\/index.php\/urun\/ankarada-yayimlanan-sureli-yayinlar-kaynakcasi-1923-2015\/","title":{"rendered":"Ankara\u2019da Yay\u0131mlanan S\u00fcreli Yay\u0131nlar Kaynak\u00e7as\u0131: 1923-2015"},"content":{"rendered":"<p>VEKAM Yay\u0131nlar\u0131 Ara\u015ft\u0131rma Dizisi\u2019nden \u00e7\u0131kan bu kaynak\u00e7a \u00e7al\u0131\u015fmas\u0131, Cumhuriyet d\u00f6neminde yay\u0131n ya\u015fam\u0131na Ankara\u2019da ba\u015flam\u0131\u015f, Ankara adresli dergi, gazete, y\u0131ll\u0131k vb. s\u00fcreli yay\u0131nlar\u0131 i\u00e7ermektedir. Kaynak\u00e7a\u2019da yer alan s\u00fcreli yay\u0131nlar\u0131n belirlenmesinde \u00f6zellikle T\u00fcrk Milli K\u00fct\u00fcphanesi dermesinden yararlan\u0131lm\u0131\u015f, bunun yan\u0131 s\u0131ra T\u00fcrkiye\u2019deki 20 farkl\u0131 k\u00fct\u00fcphane dermesi incelenmi\u015f ve ilgili oldu\u011fu d\u00fc\u015f\u00fcn\u00fclen bas\u0131l\u0131-elektronik yay\u0131nlar da de\u011ferlendirilmi\u015ftir. Kaynak\u00e7a\u2019da bulunan Ankara adresli t\u00fcm s\u00fcreli yay\u0131nlar\u0131n eri\u015filebilir olmas\u0131 yay\u0131n\u0131n \u00f6nemini ve katk\u0131s\u0131n\u0131 art\u0131ran bir \u00f6zelliktir. S\u00fcreli yay\u0131nlara hem s\u00fcreli yay\u0131n ad\u0131 ile hem de konusal eri\u015fim sa\u011flayabilmekte olan bu kitab\u0131n, \u00f6zellikle Ankara \u00fczerine ara\u015ft\u0131rma yapacaklar i\u00e7in son derece yararl\u0131 bir kaynak olaca\u011f\u0131 d\u00fc\u015f\u00fcn\u00fclmektedir.<\/p>\n","protected":false},"excerpt":{"rendered":"<p>VEKAM Yay\u0131nlar\u0131 Ara\u015ft\u0131rma Dizisi\u2019nden \u00e7\u0131kan bu kaynak\u00e7a \u00e7al\u0131\u015fmas\u0131, Cumhuriyet d\u00f6neminde yay\u0131n ya\u015fam\u0131na Ankara\u2019da ba\u015flam\u0131\u015f, Ankara adresli dergi, gazete, y\u0131ll\u0131k vb. s\u00fcreli yay\u0131nlar\u0131 i\u00e7ermektedir. Kaynak\u00e7a\u2019da yer alan<span class=\"excerpt-hellip\"> [\u2026]<\/span><\/p>\n","protected":false},"featured_media":0,"template":"","meta":{"_monsterinsights_skip_tracking":false,"_monsterinsights_sitenote_active":false,"_monsterinsights_sitenote_note":"","_monsterinsights_sitenote_category":0},"product_brand":[],"product_cat":[12364,16266],"product_tag":[],"class_list":{"0":"post-707905","1":"product","2":"type-product","3":"status-publish","5":"product_cat-genel-konular","6":"product_cat-referans-kaynak-kitap","7":"pa_cilt-ciltsiz","8":"pa_tur-kitap","9":"pa_yayinevi-vekam-koc-universitesi-vehbi-koc-ankara-arastirmalari-uygulama-ve-arastirma-merkezi","10":"pa_yazar-tolga-cakmak","12":"first","13":"instock","14":"sale","15":"shipping-taxable","16":"purchasable","17":"product-type-simple"},"_links":{"self":[{"href":"https:\/\/roveyayinevi.com.tr\/index.php\/wp-json\/wp\/v2\/product\/707905","targetHints":{"allow":["GET"]}}],"collection":[{"href":"https:\/\/roveyayinevi.com.tr\/index.php\/wp-json\/wp\/v2\/product"}],"about":[{"href":"https:\/\/roveyayinevi.com.tr\/index.php\/wp-json\/wp\/v2\/types\/product"}],"wp:attachment":[{"href":"https:\/\/roveyayinevi.com.tr\/index.php\/wp-json\/wp\/v2\/media?parent=707905"}],"wp:term":[{"taxonomy":"product_brand","embeddable":true,"href":"https:\/\/roveyayinevi.com.tr\/index.php\/wp-json\/wp\/v2\/product_brand?post=707905"},{"taxonomy":"product_cat","embeddable":true,"href":"https:\/\/roveyayinevi.com.tr\/index.php\/wp-json\/wp\/v2\/product_cat?post=707905"},{"taxonomy":"product_tag","embeddable":true,"href":"https:\/\/roveyayinevi.com.tr\/index.php\/wp-json\/wp\/v2\/product_tag?post=707905"}],"curies":[{"name":"wp","href":"https:\/\/api.w.org\/{rel}","templated":true}]}}