{"id":707904,"date":"2025-08-27T16:10:07","date_gmt":"2025-08-27T13:10:07","guid":{"rendered":"https:\/\/roveyayinevi.com.tr\/index.php\/urun\/gezgin-ile-kartanesi-komutan-karincanin-evinde\/"},"modified":"2026-04-16T02:16:42","modified_gmt":"2026-04-15T23:16:42","slug":"gezgin-ile-kartanesi-komutan-karincanin-evinde","status":"publish","type":"product","link":"https:\/\/roveyayinevi.com.tr\/index.php\/urun\/gezgin-ile-kartanesi-komutan-karincanin-evinde\/","title":{"rendered":"Gezgin ile Kartanesi Komutan Kar\u0131nca&#8217;n\u0131n Evinde"},"content":{"rendered":"<p>Komutan\u0131m! \u0130\u015fte bir tane daha!\u0130ki sevimli c\u00fcce cin Gezgin ile Kartanesi yery\u00fcz\u00fcne geldiklerinden beri bir me\u015fe a\u011fac\u0131n\u0131n kovu\u011funda ya\u015f\u0131yordu. Bir ilkbahar sabah\u0131, iki c\u00fcce cin gezintiye \u00e7\u0131kmaya karar verdi. Kartanesi, a\u011fac\u0131n g\u00f6vdesinden a\u015fa\u011f\u0131 indi inmesine ama bir kar\u0131nca ordusu taraf\u0131ndan ka\u00e7\u0131r\u0131lmas\u0131n m\u0131! Gezgin, arkada\u015f\u0131n\u0131n pe\u015fine d\u00fc\u015ft\u00fc hemen. Bakal\u0131m, Gezgin ile Kartanesi\u2019ni yery\u00fcz\u00fcnde daha neler bekliyor neler&#8230; Anne Ducourtial\u2019in yazd\u0131\u011f\u0131, Bruno Robert\u2019in resimledi\u011fi bu sevimli mi sevimli Gezgin ile Kartanesi serisi, Gezgin ile Kartanesi Komutan Kar\u0131nca\u2019n\u0131n Evinde adl\u0131 ikinci kitapla okumay\u0131 yeni \u00f6\u011frenenler i\u00e7in devam ediyor! <\/p>\n","protected":false},"excerpt":{"rendered":"<p>Komutan\u0131m! \u0130\u015fte bir tane daha!\u0130ki sevimli c\u00fcce cin Gezgin ile Kartanesi yery\u00fcz\u00fcne geldiklerinden beri bir me\u015fe a\u011fac\u0131n\u0131n kovu\u011funda ya\u015f\u0131yordu. Bir ilkbahar sabah\u0131, iki c\u00fcce cin gezintiye<span class=\"excerpt-hellip\"> [\u2026]<\/span><\/p>\n","protected":false},"featured_media":0,"template":"","meta":{"_monsterinsights_skip_tracking":false,"_monsterinsights_sitenote_active":false,"_monsterinsights_sitenote_note":"","_monsterinsights_sitenote_category":0},"product_brand":[],"product_cat":[12274,12284],"product_tag":[],"class_list":{"0":"post-707904","1":"product","2":"type-product","3":"status-publish","5":"product_cat-cocuk-ve-genclik-kitaplari","6":"product_cat-hikayeler","7":"pa_cilt-ciltsiz","8":"pa_tur-kitap","9":"pa_yayinevi-yapi-kredi-yayinlari","10":"pa_yazar-anne-ducourtial","12":"first","13":"instock","14":"sale","15":"shipping-taxable","16":"purchasable","17":"product-type-simple"},"_links":{"self":[{"href":"https:\/\/roveyayinevi.com.tr\/index.php\/wp-json\/wp\/v2\/product\/707904","targetHints":{"allow":["GET"]}}],"collection":[{"href":"https:\/\/roveyayinevi.com.tr\/index.php\/wp-json\/wp\/v2\/product"}],"about":[{"href":"https:\/\/roveyayinevi.com.tr\/index.php\/wp-json\/wp\/v2\/types\/product"}],"wp:attachment":[{"href":"https:\/\/roveyayinevi.com.tr\/index.php\/wp-json\/wp\/v2\/media?parent=707904"}],"wp:term":[{"taxonomy":"product_brand","embeddable":true,"href":"https:\/\/roveyayinevi.com.tr\/index.php\/wp-json\/wp\/v2\/product_brand?post=707904"},{"taxonomy":"product_cat","embeddable":true,"href":"https:\/\/roveyayinevi.com.tr\/index.php\/wp-json\/wp\/v2\/product_cat?post=707904"},{"taxonomy":"product_tag","embeddable":true,"href":"https:\/\/roveyayinevi.com.tr\/index.php\/wp-json\/wp\/v2\/product_tag?post=707904"}],"curies":[{"name":"wp","href":"https:\/\/api.w.org\/{rel}","templated":true}]}}