{"id":707903,"date":"2025-08-27T16:10:07","date_gmt":"2025-08-27T13:10:07","guid":{"rendered":"https:\/\/roveyayinevi.com.tr\/index.php\/urun\/cabuksiginlar\/"},"modified":"2026-04-12T02:19:30","modified_gmt":"2026-04-11T23:19:30","slug":"cabuksiginlar","status":"publish","type":"product","link":"https:\/\/roveyayinevi.com.tr\/index.php\/urun\/cabuksiginlar\/","title":{"rendered":"\u00c7abuks\u0131\u011f\u0131nlar"},"content":{"rendered":"<p>\u00c7abuks\u0131\u011f\u0131nlar\u0131 tan\u0131yor musunuz? Yok, hay\u0131r, haritalara bakmay\u0131n, eski atlaslara da, \u00e7\u00fcnk\u00fc \u00c7abuks\u0131\u011f\u0131n diye bir \u00fclke yok. \u00c7abuks\u0131\u011f\u0131nlar\u0131n evleri her yer ya da hi\u00e7bir yer, \u00f6zellikle de hi\u00e7bir yer. Neden \u00f6zellikle hi\u00e7bir yer? \u00c7\u00fcnk\u00fc bir yerde do\u011fanlar ve sadece do\u011fduklar\u0131 yerde evlerinde ya\u015fayanlar \u00c7abuks\u0131\u011f\u0131nlar\u0131 sevmiyorlar, hatta onlar\u0131n evlerine yak\u0131n yerlerde do\u011fanlar bile sevmiyor onlar\u0131&#8230;G\u00fcn\u00fcm\u00fcz\u00fcn en \u00e7etrefil insani sorunlar\u0131ndan bir tanesi g\u00f6\u00e7menler ve s\u0131\u011f\u0131nmac\u0131lar hi\u00e7 ku\u015fkusuz.Peki bu sorunun \u00e7\u00f6z\u00fcm\u00fc ne kadar insani?\u00c7abuks\u0131\u011f\u0131nlar\u2019da, yery\u00fcz\u00fcn\u00fcn bu ortak ac\u0131s\u0131n\u0131 ola\u011fan\u00fcst\u00fc bir h\u00fcz\u00fcnle i\u015fleyen Jean-Claude Grumberg\u2019in hikayesine Ronan Badel\u2019in muhte\u015fem \u00e7izimleri e\u015flik ediyor.B\u00fcy\u00fckler de, k\u00fc\u00e7\u00fckler de unutmamal\u0131: Bazen bir hikaye d\u00fcnyay\u0131 de\u011fi\u015ftirir&#8230; <\/p>\n","protected":false},"excerpt":{"rendered":"<p>\u00c7abuks\u0131\u011f\u0131nlar\u0131 tan\u0131yor musunuz? Yok, hay\u0131r, haritalara bakmay\u0131n, eski atlaslara da, \u00e7\u00fcnk\u00fc \u00c7abuks\u0131\u011f\u0131n diye bir \u00fclke yok. \u00c7abuks\u0131\u011f\u0131nlar\u0131n evleri her yer ya da hi\u00e7bir yer, \u00f6zellikle de<span class=\"excerpt-hellip\"> [\u2026]<\/span><\/p>\n","protected":false},"featured_media":0,"template":"","meta":{"_monsterinsights_skip_tracking":false,"_monsterinsights_sitenote_active":false,"_monsterinsights_sitenote_note":"","_monsterinsights_sitenote_category":0},"product_brand":[],"product_cat":[12274,12284],"product_tag":[],"class_list":{"0":"post-707903","1":"product","2":"type-product","3":"status-publish","5":"product_cat-cocuk-ve-genclik-kitaplari","6":"product_cat-hikayeler","7":"pa_cilt-ciltsiz","8":"pa_tur-kitap","9":"pa_yayinevi-yapi-kredi-yayinlari","10":"pa_yazar-jean-claude-grumberg","12":"first","13":"instock","14":"sale","15":"shipping-taxable","16":"purchasable","17":"product-type-simple"},"_links":{"self":[{"href":"https:\/\/roveyayinevi.com.tr\/index.php\/wp-json\/wp\/v2\/product\/707903","targetHints":{"allow":["GET"]}}],"collection":[{"href":"https:\/\/roveyayinevi.com.tr\/index.php\/wp-json\/wp\/v2\/product"}],"about":[{"href":"https:\/\/roveyayinevi.com.tr\/index.php\/wp-json\/wp\/v2\/types\/product"}],"wp:attachment":[{"href":"https:\/\/roveyayinevi.com.tr\/index.php\/wp-json\/wp\/v2\/media?parent=707903"}],"wp:term":[{"taxonomy":"product_brand","embeddable":true,"href":"https:\/\/roveyayinevi.com.tr\/index.php\/wp-json\/wp\/v2\/product_brand?post=707903"},{"taxonomy":"product_cat","embeddable":true,"href":"https:\/\/roveyayinevi.com.tr\/index.php\/wp-json\/wp\/v2\/product_cat?post=707903"},{"taxonomy":"product_tag","embeddable":true,"href":"https:\/\/roveyayinevi.com.tr\/index.php\/wp-json\/wp\/v2\/product_tag?post=707903"}],"curies":[{"name":"wp","href":"https:\/\/api.w.org\/{rel}","templated":true}]}}