{"id":707900,"date":"2025-08-27T16:10:05","date_gmt":"2025-08-27T13:10:05","guid":{"rendered":"https:\/\/roveyayinevi.com.tr\/index.php\/urun\/basarili-cocuk-cocuklarinizin-iyi-yetismesi-icin-neler-yapmalisniz\/"},"modified":"2026-04-16T02:16:42","modified_gmt":"2026-04-15T23:16:42","slug":"basarili-cocuk-cocuklarinizin-iyi-yetismesi-icin-neler-yapmalisniz","status":"publish","type":"product","link":"https:\/\/roveyayinevi.com.tr\/index.php\/urun\/basarili-cocuk-cocuklarinizin-iyi-yetismesi-icin-neler-yapmalisniz\/","title":{"rendered":"Ba\u015far\u0131l\u0131 \u00c7ocuk \u00c7ocuklar\u0131n\u0131z\u0131n \u0130yi Yeti\u015fmesi \u0130\u00e7in Neler Yapmal\u0131sn\u0131z?"},"content":{"rendered":"<p>\u00c7ocu\u011funuzun iyi bir geli\u015fim g\u00f6stermesi ve mutlu olmas\u0131 tabii ki sizin a\u00e7\u0131n\u0131zdan \u00e7ok \u00f6nemlidir. Fakat \u015funu unutmay\u0131n ki \u00e7ocu\u011funuzun ki\u015fili\u011fini siz tek ba\u015f\u0131n\u0131za yap\u0131land\u0131ramazs\u0131n\u0131z. Sizin kontrol\u00fcn\u00fcz\u00fcn d\u0131\u015f\u0131nda bir\u00e7ok etken \u00e7ocu\u011funuzun geli\u015fimini \u015fekillendirirler. \u00c7ocu\u011funuzun geli\u015fimi boyunca onun g\u00fcvenini en iyi nas\u0131l kazanabilir ve onda olumlu etkiyi nas\u0131l yaratabilirsiniz? Dr. William ve Martha Sears, sizi, sekiz \u00e7ocu\u011fa yapm\u0131\u015f olduklar\u0131 ebeveynliklerinin yan\u0131 s\u0131ra, otuz y\u0131la yak\u0131n bir s\u00fcredir y\u00fcr\u00fctmekte olduklar\u0131 doktorluk mesle\u011finde edinmi\u015f olduklar\u0131 deneyimlerinden elde ettikleri incelemelerle, kar\u015f\u0131lar\u0131na \u00e7\u0131kan f\u0131rsatlar\u0131 ba\u015far\u0131ya ula\u015fmak i\u00e7in nas\u0131l kullanabileceklerini bilen \u00e7ocuklarla tan\u0131\u015ft\u0131r\u0131yorlar. \ufffcTan\u0131t\u0131m Metni<\/p>\n","protected":false},"excerpt":{"rendered":"<p>\u00c7ocu\u011funuzun iyi bir geli\u015fim g\u00f6stermesi ve mutlu olmas\u0131 tabii ki sizin a\u00e7\u0131n\u0131zdan \u00e7ok \u00f6nemlidir. Fakat \u015funu unutmay\u0131n ki \u00e7ocu\u011funuzun ki\u015fili\u011fini siz tek ba\u015f\u0131n\u0131za yap\u0131land\u0131ramazs\u0131n\u0131z. Sizin kontrol\u00fcn\u00fcz\u00fcn<span class=\"excerpt-hellip\"> [\u2026]<\/span><\/p>\n","protected":false},"featured_media":0,"template":"","meta":{"_monsterinsights_skip_tracking":false,"_monsterinsights_sitenote_active":false,"_monsterinsights_sitenote_note":"","_monsterinsights_sitenote_category":0},"product_brand":[],"product_cat":[12755,12357],"product_tag":[],"class_list":{"0":"post-707900","1":"product","2":"type-product","3":"status-publish","5":"product_cat-gelisim-psikolojisi","6":"product_cat-psikoloji","7":"pa_cilt-ciltsiz","8":"pa_tur-kitap","9":"pa_yayinevi-yakamoz-yayinevi","10":"pa_yazar-william-sears-martha-sears","12":"first","13":"instock","14":"sale","15":"shipping-taxable","16":"purchasable","17":"product-type-simple"},"_links":{"self":[{"href":"https:\/\/roveyayinevi.com.tr\/index.php\/wp-json\/wp\/v2\/product\/707900","targetHints":{"allow":["GET"]}}],"collection":[{"href":"https:\/\/roveyayinevi.com.tr\/index.php\/wp-json\/wp\/v2\/product"}],"about":[{"href":"https:\/\/roveyayinevi.com.tr\/index.php\/wp-json\/wp\/v2\/types\/product"}],"wp:attachment":[{"href":"https:\/\/roveyayinevi.com.tr\/index.php\/wp-json\/wp\/v2\/media?parent=707900"}],"wp:term":[{"taxonomy":"product_brand","embeddable":true,"href":"https:\/\/roveyayinevi.com.tr\/index.php\/wp-json\/wp\/v2\/product_brand?post=707900"},{"taxonomy":"product_cat","embeddable":true,"href":"https:\/\/roveyayinevi.com.tr\/index.php\/wp-json\/wp\/v2\/product_cat?post=707900"},{"taxonomy":"product_tag","embeddable":true,"href":"https:\/\/roveyayinevi.com.tr\/index.php\/wp-json\/wp\/v2\/product_tag?post=707900"}],"curies":[{"name":"wp","href":"https:\/\/api.w.org\/{rel}","templated":true}]}}