{"id":707894,"date":"2025-08-27T16:10:02","date_gmt":"2025-08-27T13:10:02","guid":{"rendered":"https:\/\/roveyayinevi.com.tr\/index.php\/urun\/ataturk-ve-devrimler\/"},"modified":"2026-04-16T02:16:27","modified_gmt":"2026-04-15T23:16:27","slug":"ataturk-ve-devrimler","status":"publish","type":"product","link":"https:\/\/roveyayinevi.com.tr\/index.php\/urun\/ataturk-ve-devrimler\/","title":{"rendered":"Atat\u00fcrk ve Devrimler"},"content":{"rendered":"<p>Yap\u0131 Kredi Yay\u0131nlar\u0131 T\u00fcrkiye\u2019de \u00c7a\u011fda\u015fla\u015fma ve T\u00fcrkiye \u0130ktisat Tarihi gibi ba\u015fyap\u0131tlar\u0131yla Osmanl\u0131\u2019dan Cumhuriyet\u2019e ge\u00e7i\u015f d\u00f6neminde T\u00fcrkiye\u2019nin tarihsel ve toplumsal evrimini inceleyen Niyazi Berkes\u2019in kitaplar\u0131n\u0131 yay\u0131mlamaya devam ediyor. Atat\u00fcrk ve Devrimler, Niyazi Berkes\u2019in Mustafa Kemal Atat\u00fcrk\u2019\u00fc lay\u0131k\u0131 ile anlama konusunda farkl\u0131 zamanlarda kaleme al\u0131nm\u0131\u015f yaz\u0131lar\u0131ndan olu\u015fuyor.\u2018\u2018Atat\u00fcrk\u2019\u00fc tan\u0131mak, yaln\u0131z yapt\u0131klar\u0131n\u0131n sonu\u00e7lar\u0131n\u0131 listelemekle biten bir i\u015f de\u011fildir&#8230;\u2019\u2019<\/p>\n","protected":false},"excerpt":{"rendered":"<p>Yap\u0131 Kredi Yay\u0131nlar\u0131 T\u00fcrkiye\u2019de \u00c7a\u011fda\u015fla\u015fma ve T\u00fcrkiye \u0130ktisat Tarihi gibi ba\u015fyap\u0131tlar\u0131yla Osmanl\u0131\u2019dan Cumhuriyet\u2019e ge\u00e7i\u015f d\u00f6neminde T\u00fcrkiye\u2019nin tarihsel ve toplumsal evrimini inceleyen Niyazi Berkes\u2019in kitaplar\u0131n\u0131 yay\u0131mlamaya devam<span class=\"excerpt-hellip\"> [\u2026]<\/span><\/p>\n","protected":false},"featured_media":0,"template":"","meta":{"_monsterinsights_skip_tracking":false,"_monsterinsights_sitenote_active":false,"_monsterinsights_sitenote_note":"","_monsterinsights_sitenote_category":0},"product_brand":[],"product_cat":[12530,12304],"product_tag":[],"class_list":{"0":"post-707894","1":"product","2":"type-product","3":"status-publish","5":"product_cat-mustafa-kemal-ataturk","6":"product_cat-tarih","7":"pa_cilt-ciltsiz","8":"pa_tur-kitap","9":"pa_yayinevi-yapi-kredi-yayinlari","10":"pa_yazar-niyazi-berkes","12":"first","13":"instock","14":"sale","15":"shipping-taxable","16":"purchasable","17":"product-type-simple"},"_links":{"self":[{"href":"https:\/\/roveyayinevi.com.tr\/index.php\/wp-json\/wp\/v2\/product\/707894","targetHints":{"allow":["GET"]}}],"collection":[{"href":"https:\/\/roveyayinevi.com.tr\/index.php\/wp-json\/wp\/v2\/product"}],"about":[{"href":"https:\/\/roveyayinevi.com.tr\/index.php\/wp-json\/wp\/v2\/types\/product"}],"wp:attachment":[{"href":"https:\/\/roveyayinevi.com.tr\/index.php\/wp-json\/wp\/v2\/media?parent=707894"}],"wp:term":[{"taxonomy":"product_brand","embeddable":true,"href":"https:\/\/roveyayinevi.com.tr\/index.php\/wp-json\/wp\/v2\/product_brand?post=707894"},{"taxonomy":"product_cat","embeddable":true,"href":"https:\/\/roveyayinevi.com.tr\/index.php\/wp-json\/wp\/v2\/product_cat?post=707894"},{"taxonomy":"product_tag","embeddable":true,"href":"https:\/\/roveyayinevi.com.tr\/index.php\/wp-json\/wp\/v2\/product_tag?post=707894"}],"curies":[{"name":"wp","href":"https:\/\/api.w.org\/{rel}","templated":true}]}}