{"id":707892,"date":"2025-08-27T16:10:01","date_gmt":"2025-08-27T13:10:01","guid":{"rendered":"https:\/\/roveyayinevi.com.tr\/index.php\/urun\/gorulmeyenler\/"},"modified":"2026-04-16T02:16:27","modified_gmt":"2026-04-15T23:16:27","slug":"gorulmeyenler","status":"publish","type":"product","link":"https:\/\/roveyayinevi.com.tr\/index.php\/urun\/gorulmeyenler\/","title":{"rendered":"G\u00f6r\u00fclmeyenler"},"content":{"rendered":"<p>\u201cKimse bir aday\u0131 terk edemez&#8230;\u201dNorve\u00e7\u2019in ya\u015fayan en \u00f6nemli yazarlar\u0131ndan Roy Jacobsen\u2019den modern bir destan&#8230;G\u00f6r\u00fclmeyenler, \u00fclkenin kuzeyindeki k\u00fc\u00e7\u00fck bir adada denizin ve g\u00f6ky\u00fcz\u00fcn\u00fcn g\u00fc\u00e7leri aras\u0131na s\u0131k\u0131\u015fm\u0131\u015f be\u015f ki\u015filik bir bal\u0131k\u00e7\u0131 ailesinin 1913\u2019ten 1928\u2019e uzanan etkileyici hik\u00e2yesini sunuyor okura; do\u011fa da, Barr\u00f8y ailesine verdikleriyle ve ald\u0131klar\u0131yla, bir t\u00fcr antikahraman olarak yerini al\u0131yor romanda: Yaral\u0131 eller, \u0131s\u0131r\u0131c\u0131 so\u011fuk, el eme\u011fini bir anda parampar\u00e7a eden f\u0131rt\u0131nalar ve hi\u00e7 s\u00f6z\u00fc edilmeyen duygular&#8230; \u00d6d\u00fcll\u00fc yazar Jacobsen, i\u00e7e i\u015fleyen yal\u0131n anlat\u0131m\u0131yla belirsiz siluetleri g\u00f6r\u00fcn\u00fcr k\u0131larken, okuru k\u00fc\u00e7\u00fck \u015feyler\u2019in k\u0131r\u0131lganl\u0131\u011f\u0131na ve b\u00fcy\u00fckl\u00fc\u011f\u00fcne uyand\u0131r\u0131yor.Hans Barr\u00f8y \u00fc\u00e7 \u015fey d\u00fc\u015flemi\u015fti; motorlu bir tekne, daha b\u00fcy\u00fck bir ada ve ba\u015fka bir ya\u015fam. \u0130lk iki d\u00fc\u015f\u00fcn\u00fc s\u0131k s\u0131k anlat\u0131rd\u0131 tan\u0131d\u0131\u011f\u0131 tan\u0131mad\u0131\u011f\u0131 herkese, sonuncusundan hi\u00e7 s\u00f6z etmemi\u015fti, kendine bile. Maria da \u00fc\u00e7 \u015fey d\u00fc\u015flemi\u015fti: Daha \u00e7ok \u00e7ocuk, daha k\u00fc\u00e7\u00fck bir ada ve ba\u015fka bir ya\u015fam. Kocas\u0131n\u0131n tersine s\u0131k s\u0131k sonuncusunu d\u00fc\u015f\u00fcn\u00fcrd\u00fc ve ilk ikisi zamanla giderek silinip yittik\u00e7e \u00fc\u00e7\u00fcnc\u00fc b\u00fcy\u00fcm\u00fc\u015f, a\u011f\u0131rla\u015fm\u0131\u015ft\u0131. <\/p>\n","protected":false},"excerpt":{"rendered":"<p>\u201cKimse bir aday\u0131 terk edemez&#8230;\u201dNorve\u00e7\u2019in ya\u015fayan en \u00f6nemli yazarlar\u0131ndan Roy Jacobsen\u2019den modern bir destan&#8230;G\u00f6r\u00fclmeyenler, \u00fclkenin kuzeyindeki k\u00fc\u00e7\u00fck bir adada denizin ve g\u00f6ky\u00fcz\u00fcn\u00fcn g\u00fc\u00e7leri aras\u0131na s\u0131k\u0131\u015fm\u0131\u015f be\u015f<span class=\"excerpt-hellip\"> [\u2026]<\/span><\/p>\n","protected":false},"featured_media":0,"template":"","meta":{"_monsterinsights_skip_tracking":false,"_monsterinsights_sitenote_active":false,"_monsterinsights_sitenote_note":"","_monsterinsights_sitenote_category":0},"product_brand":[],"product_cat":[12291,12711],"product_tag":[],"class_list":{"0":"post-707892","1":"product","2":"type-product","3":"status-publish","5":"product_cat-edebiyat","6":"product_cat-roman-oyku","7":"pa_cilt-ciltsiz","8":"pa_tur-kitap","9":"pa_yayinevi-yapi-kredi-yayinlari","10":"pa_yazar-roy-jacobsen","12":"first","13":"instock","14":"sale","15":"shipping-taxable","16":"purchasable","17":"product-type-simple"},"_links":{"self":[{"href":"https:\/\/roveyayinevi.com.tr\/index.php\/wp-json\/wp\/v2\/product\/707892","targetHints":{"allow":["GET"]}}],"collection":[{"href":"https:\/\/roveyayinevi.com.tr\/index.php\/wp-json\/wp\/v2\/product"}],"about":[{"href":"https:\/\/roveyayinevi.com.tr\/index.php\/wp-json\/wp\/v2\/types\/product"}],"wp:attachment":[{"href":"https:\/\/roveyayinevi.com.tr\/index.php\/wp-json\/wp\/v2\/media?parent=707892"}],"wp:term":[{"taxonomy":"product_brand","embeddable":true,"href":"https:\/\/roveyayinevi.com.tr\/index.php\/wp-json\/wp\/v2\/product_brand?post=707892"},{"taxonomy":"product_cat","embeddable":true,"href":"https:\/\/roveyayinevi.com.tr\/index.php\/wp-json\/wp\/v2\/product_cat?post=707892"},{"taxonomy":"product_tag","embeddable":true,"href":"https:\/\/roveyayinevi.com.tr\/index.php\/wp-json\/wp\/v2\/product_tag?post=707892"}],"curies":[{"name":"wp","href":"https:\/\/api.w.org\/{rel}","templated":true}]}}