{"id":707891,"date":"2025-08-27T16:10:01","date_gmt":"2025-08-27T13:10:01","guid":{"rendered":"https:\/\/roveyayinevi.com.tr\/index.php\/urun\/armut-dibine-dusmeyince\/"},"modified":"2026-04-16T02:16:27","modified_gmt":"2026-04-15T23:16:27","slug":"armut-dibine-dusmeyince","status":"publish","type":"product","link":"https:\/\/roveyayinevi.com.tr\/index.php\/urun\/armut-dibine-dusmeyince\/","title":{"rendered":"Armut Dibine D\u00fc\u015fmeyince"},"content":{"rendered":"<p>Baz\u0131lar\u0131 birka\u00e7 bah\u00e7e \u00f6teye, baz\u0131lar\u0131 d\u00fcnyan\u0131n \u00f6b\u00fcr ucuna d\u00fc\u015fen \u00e7ocuklar\u0131n ve anne babalar\u0131n\u0131n hikayesi\u201cArmut dibine d\u00fc\u015fer\u201d yayg\u0131n bir \u00f6zdeyi\u015ftir. Peki ama ya d\u00fc\u015fmezse? Bize benzemelerini umarak d\u00fcnyaya getirdi\u011fimiz \u00e7ocuklar\u0131m\u0131z, bazen bizden k\u00f6kl\u00fc bi\u00e7imde farkl\u0131 olurlar. Kendisi de farkl\u0131 bir \u00e7ocuk olarak d\u00fcnyaya gelen Andrew Solomon, on y\u0131l boyunca \u00fc\u00e7 y\u00fczden fazla aileyle yapt\u0131\u011f\u0131 g\u00f6r\u00fc\u015fmelere dayanarak insanlar\u0131n birey ve ebeveyn olmak konusunda nas\u0131l cesur tercihlerde bulunduklar\u0131n\u0131 sergiliyor. Ku\u015faktan ku\u015fa\u011fa aktar\u0131lan dikey kimlikler ve toplumsal bir varl\u0131k olarak edindi\u011fimiz yatay kimlikler aras\u0131ndaki \u00e7at\u0131\u015fmalar\u0131, olduklar\u0131 gibi kabullendikleri \u00e7ocuklar\u0131yla birlikte b\u00fcy\u00fcyen anne babalar\u0131 anlat\u0131yor. Armut Dibine D\u00fc\u015fmeyince, t\u0131p biliminin bizi normalle\u015ftirme \u00e7abalar\u0131na kar\u015f\u0131n \u00e7e\u015fitlili\u011fimizi korumak i\u00e7in verdi\u011fimiz evrensel m\u00fccadelenin, insan sevgisinin ve \u015fefkatinin dokunakl\u0131 ve s\u00fcr\u00fckleyici bir anlat\u0131m\u0131.\u201cAndrew Solomon\u2019un ebeveynli\u011fin beraberinde getirebildi\u011fi en yo\u011fun g\u00fc\u00e7l\u00fcklerden bir\u00e7o\u011funu kapsayan ara\u015ft\u0131rmas\u0131, bizi insan farkl\u0131l\u0131\u011f\u0131na ili\u015fkin anlay\u0131\u015f\u0131m\u0131z\u0131 g\u00f6zden ge\u00e7irmeye zorluyor. Olgularla ve duygularla dolu bu an\u0131tsal kitab\u0131n belki de en b\u00fcy\u00fck arma\u011fan\u0131, insan\u0131 s\u00fcrekli d\u00fc\u015f\u00fcnmeye ve yeniden d\u00fc\u015f\u00fcnmeye y\u00f6neltmesi.\u201d &#8211; Philip Gourevitch\u201cHer on y\u0131lda ancak bir kez ortaya \u00e7\u0131kan an\u0131tsal bir kitap.\u201d &#8211; Steven Pinker\u201c\u00d6tekili\u011fin zarif bir anatomisi&#8230; Solomon sa\u011f\u0131r, c\u00fcce, trans-cinsiyetli ve Down sendromlu topluluklarda kar\u015f\u0131la\u015ft\u0131\u011f\u0131 destek ve empati kaynaklar\u0131n\u0131 dokunakl\u0131 bir dille yaz\u0131yor.\u201d- Jane Shilling, Daily Telegraph\u201cAndrew Solomon bize toplumumuzdaki kimlik gruplar\u0131na ili\u015fkin e\u015fsiz bir e\u011fitsel deneyim, kavray\u0131\u015f, empati ve ak\u0131l dolu bir deneyim sunuyor. Armut Dibine D\u00fc\u015fmeyince kitab\u0131n\u0131 okumak zihin a\u00e7\u0131c\u0131 bir deneyim.\u201d &#8211; Eric Kandel, Nobel Fizyoloji\/T\u0131p \u00d6d\u00fcl\u00fc sahibi <\/p>\n","protected":false},"excerpt":{"rendered":"<p>Baz\u0131lar\u0131 birka\u00e7 bah\u00e7e \u00f6teye, baz\u0131lar\u0131 d\u00fcnyan\u0131n \u00f6b\u00fcr ucuna d\u00fc\u015fen \u00e7ocuklar\u0131n ve anne babalar\u0131n\u0131n hikayesi\u201cArmut dibine d\u00fc\u015fer\u201d yayg\u0131n bir \u00f6zdeyi\u015ftir. Peki ama ya d\u00fc\u015fmezse? Bize benzemelerini umarak<span class=\"excerpt-hellip\"> [\u2026]<\/span><\/p>\n","protected":false},"featured_media":0,"template":"","meta":{"_monsterinsights_skip_tracking":false,"_monsterinsights_sitenote_active":false,"_monsterinsights_sitenote_note":"","_monsterinsights_sitenote_category":0},"product_brand":[],"product_cat":[12831,12324],"product_tag":[],"class_list":{"0":"post-707891","1":"product","2":"type-product","3":"status-publish","5":"product_cat-aile-ve-cocuk","6":"product_cat-sosyoloji","7":"pa_cilt-ciltsiz","8":"pa_tur-kitap","9":"pa_yayinevi-yapi-kredi-yayinlari","10":"pa_yazar-andrew-solomon","12":"first","13":"instock","14":"sale","15":"shipping-taxable","16":"purchasable","17":"product-type-simple"},"_links":{"self":[{"href":"https:\/\/roveyayinevi.com.tr\/index.php\/wp-json\/wp\/v2\/product\/707891","targetHints":{"allow":["GET"]}}],"collection":[{"href":"https:\/\/roveyayinevi.com.tr\/index.php\/wp-json\/wp\/v2\/product"}],"about":[{"href":"https:\/\/roveyayinevi.com.tr\/index.php\/wp-json\/wp\/v2\/types\/product"}],"wp:attachment":[{"href":"https:\/\/roveyayinevi.com.tr\/index.php\/wp-json\/wp\/v2\/media?parent=707891"}],"wp:term":[{"taxonomy":"product_brand","embeddable":true,"href":"https:\/\/roveyayinevi.com.tr\/index.php\/wp-json\/wp\/v2\/product_brand?post=707891"},{"taxonomy":"product_cat","embeddable":true,"href":"https:\/\/roveyayinevi.com.tr\/index.php\/wp-json\/wp\/v2\/product_cat?post=707891"},{"taxonomy":"product_tag","embeddable":true,"href":"https:\/\/roveyayinevi.com.tr\/index.php\/wp-json\/wp\/v2\/product_tag?post=707891"}],"curies":[{"name":"wp","href":"https:\/\/api.w.org\/{rel}","templated":true}]}}