{"id":707888,"date":"2025-08-27T16:09:59","date_gmt":"2025-08-27T13:09:59","guid":{"rendered":"https:\/\/roveyayinevi.com.tr\/index.php\/urun\/kadin-odakli\/"},"modified":"2026-04-16T02:16:27","modified_gmt":"2026-04-15T23:16:27","slug":"kadin-odakli","status":"publish","type":"product","link":"https:\/\/roveyayinevi.com.tr\/index.php\/urun\/kadin-odakli\/","title":{"rendered":"Kad\u0131n Odakl\u0131"},"content":{"rendered":"<p>Kad\u0131n Odakl\u0131, KO\u00c7-KAM yani Ko\u00e7 \u00dcniversitesi Toplumsal Cinsiyet ve Kad\u0131n \u00c7al\u0131\u015fmalar\u0131 Ara\u015ft\u0131rma ve Uygulama Merkezi\u2019nin ilk kitab\u0131d\u0131r. 2010 y\u0131l\u0131nda kurulan KO\u00c7-KAM; bilimsel ara\u015ft\u0131rmalar yapmak, e\u011fitim programlar\u0131 olu\u015fturmak ve y\u00fcr\u00fctmek, toplumsal cinsiyet alan\u0131nda kamuoyu fark\u0131ndal\u0131\u011f\u0131n\u0131 artt\u0131rmaya y\u00f6nelik toplant\u0131lar d\u00fczenlemek, ulusal ve uluslararas\u0131 kurum ve kurulu\u015flarla uygulama alan\u0131nda is birlikler kurmay\u0131 ama\u00e7layan bir ara\u015ft\u0131rma ve uygulama merkezidir. Ko\u00e7 Vakf\u0131\u2019n\u0131n deste\u011fiyle y\u00fcr\u00fct\u00fclen ve toplumsal cinsiyet alan\u0131nda yap\u0131lan bilimsel ara\u015ft\u0131rmalar\u0131 destekleyen KO\u00c7-KAM Ara\u015ft\u0131rma \u00d6d\u00fclleri Program\u0131, merkezin en \u00f6nemli faaliyetlerinden biridir. Kad\u0131n sorunlar\u0131n\u0131n b\u00fcy\u00fck bir \u00f6nem ta\u015f\u0131d\u0131\u011f\u0131 T\u00fcrkiye\u2019de toplumsal cinsiyet ara\u015ft\u0131rmalar\u0131n\u0131 te\u015fvik ederek bu ihtiyaca yan\u0131t vermeyi ama\u00e7layan program \u00e7er\u00e7evesinde bug\u00fcne kadar desteklenen 14 ara\u015ft\u0131rma Kad\u0131n Odakl\u0131\u2019da derlendi. Farkl\u0131 disiplinlerden ara\u015ft\u0131rmac\u0131lar\u0131n, \u00f6zg\u00fcn ara\u015ft\u0131rma raporlar\u0131ndan yola \u00e7\u0131karak haz\u0131rlad\u0131klar\u0131 metinler olduk\u00e7a geni\u015f bir konu yelpazesini kaps\u0131yor: \u201ckad\u0131n, g\u00f6\u00e7 ve emek,\u201d \u201ctoplumsal cinsiyet rolleri ve tutumlar\u0131,\u201d \u201ctoplumsal cinsiyet s\u00f6ylemleri, kad\u0131nl\u0131k ve erkeklik,\u201d \u201csu\u00e7un faili ve ma\u011fduru olarak kad\u0131n\u201d.Kad\u0131n Odakl\u0131 derleyenleri: Prof. Dr. \u00c7i\u011fdem Ka\u011f\u0131t\u00e7\u0131ba\u015f\u0131 (Ko\u00e7 \u00dcniversitesi Psikoloji B\u00f6l\u00fcm\u00fc \u00f6\u011fretim \u00fcyesi), Prof. Dr. Dilek Barlas (Ko\u00e7 \u00dcniversitesi Tarih B\u00f6l\u00fcm\u00fc \u00f6\u011fretim \u00fcyesi), Do\u00e7. Dr. H\u00fclya \u015eimga (Ko\u00e7 \u00dcniversitesi Felsefe B\u00f6l\u00fcm\u00fc \u00f6\u011fretim \u00fcyesi), Yrd. Do\u00e7. Murat \u00d6nok (Ko\u00e7 \u00dcniversitesi Hukuk Fak\u00fcltesi \u00f6\u011fretim \u00fcyesi) ve Dr. Zeynep G\u00fclru G\u00f6ker (KO\u00c7-KAM doktora sonras\u0131 ara\u015ft\u0131rma g\u00f6revlisi)KO\u00c7-KAM Ara\u015ft\u0131rma \u00d6d\u00fclleri Serisi, KO\u00c7-KAM Arast\u0131rma \u00d6d\u00fclleri Program\u0131 kapsam\u0131nda desteklenen yeni \u00e7al\u0131\u015fmalar\u0131n yer alaca\u011f\u0131 derlemelerle devam edecektir.<\/p>\n","protected":false},"excerpt":{"rendered":"<p>Kad\u0131n Odakl\u0131, KO\u00c7-KAM yani Ko\u00e7 \u00dcniversitesi Toplumsal Cinsiyet ve Kad\u0131n \u00c7al\u0131\u015fmalar\u0131 Ara\u015ft\u0131rma ve Uygulama Merkezi\u2019nin ilk kitab\u0131d\u0131r. 2010 y\u0131l\u0131nda kurulan KO\u00c7-KAM; bilimsel ara\u015ft\u0131rmalar yapmak, e\u011fitim programlar\u0131<span class=\"excerpt-hellip\"> [\u2026]<\/span><\/p>\n","protected":false},"featured_media":0,"template":"","meta":{"_monsterinsights_skip_tracking":false,"_monsterinsights_sitenote_active":false,"_monsterinsights_sitenote_note":"","_monsterinsights_sitenote_category":0},"product_brand":[],"product_cat":[12325,12324],"product_tag":[],"class_list":{"0":"post-707888","1":"product","2":"type-product","3":"status-publish","5":"product_cat-diger-sosyoloji","6":"product_cat-sosyoloji","7":"pa_cilt-ciltsiz","8":"pa_tur-kitap","9":"pa_yayinevi-vekam-koc-universitesi-vehbi-koc-ankara-arastirmalari-uygulama-ve-arastirma-merkezi","10":"pa_yazar-kolektif","12":"first","13":"instock","14":"sale","15":"shipping-taxable","16":"purchasable","17":"product-type-simple"},"_links":{"self":[{"href":"https:\/\/roveyayinevi.com.tr\/index.php\/wp-json\/wp\/v2\/product\/707888","targetHints":{"allow":["GET"]}}],"collection":[{"href":"https:\/\/roveyayinevi.com.tr\/index.php\/wp-json\/wp\/v2\/product"}],"about":[{"href":"https:\/\/roveyayinevi.com.tr\/index.php\/wp-json\/wp\/v2\/types\/product"}],"wp:attachment":[{"href":"https:\/\/roveyayinevi.com.tr\/index.php\/wp-json\/wp\/v2\/media?parent=707888"}],"wp:term":[{"taxonomy":"product_brand","embeddable":true,"href":"https:\/\/roveyayinevi.com.tr\/index.php\/wp-json\/wp\/v2\/product_brand?post=707888"},{"taxonomy":"product_cat","embeddable":true,"href":"https:\/\/roveyayinevi.com.tr\/index.php\/wp-json\/wp\/v2\/product_cat?post=707888"},{"taxonomy":"product_tag","embeddable":true,"href":"https:\/\/roveyayinevi.com.tr\/index.php\/wp-json\/wp\/v2\/product_tag?post=707888"}],"curies":[{"name":"wp","href":"https:\/\/api.w.org\/{rel}","templated":true}]}}