{"id":707887,"date":"2025-08-27T16:09:59","date_gmt":"2025-08-27T13:09:59","guid":{"rendered":"https:\/\/roveyayinevi.com.tr\/index.php\/urun\/kis-uykusu-2\/"},"modified":"2025-11-22T04:02:10","modified_gmt":"2025-11-22T01:02:10","slug":"kis-uykusu-2","status":"publish","type":"product","link":"https:\/\/roveyayinevi.com.tr\/index.php\/urun\/kis-uykusu-2\/","title":{"rendered":"K\u0131\u015f Uykusu"},"content":{"rendered":"<p>\u00c7a\u011fda\u015f \u0130ran edebiyat\u0131ndan modern bir ba\u015fyap\u0131t Goli Taraghi\u2019nin \u00fcnl\u00fc roman\u0131 \u201cK\u0131\u015f Uykusu\u201d T\u00fcrk\u00e7ede.\u0130ran Devrimi\u2019nin ard\u0131ndan yerle\u015fti\u011fi Paris\u2019te uluslararas\u0131 bir okuyucu kitlesi edinen Goli Taraghi\u2019nin bir\u00e7ok dile \u00e7evrilmi\u015f \u00fcnl\u00fc roman\u0131 K\u0131\u015f Uykusu nihayet T\u00fcrk\u00e7ede.K\u00fclrengi bir g\u00f6ky\u00fcz\u00fc alt\u0131nda sab\u0131rl\u0131, vakur, ma\u011frur, tatl\u0131 dilli karakterlerle dolu bir roman K\u0131\u015f Uykusu. Goli Taraghi ad\u0131m ad\u0131m yakla\u015fan b\u00fcy\u00fck de\u011fi\u015fimin yaratt\u0131\u011f\u0131 endi\u015felerle bo\u011fu\u015fan, hayat\u0131n gittik\u00e7e zorla\u015fan ko\u015fullar\u0131 kar\u015f\u0131s\u0131nda kalplerini temiz tutup ya\u015famay\u0131 s\u00fcrd\u00fcrmekten ba\u015fka se\u00e7ene\u011fi olmayan s\u0131radan insanlar\u0131n hik\u00e2yesini yal\u0131n ama g\u00f6rkemli bir \u015fiirsellikle anlat\u0131yor.Kom\u015fu co\u011frafyan\u0131n bize hi\u00e7 de uzak olmayan sesini duyuran dokunakl\u0131 bir roman K\u0131\u015f Uykusu; Makbule Aras\u2019\u0131n Fars\u00e7adan ustal\u0131kla \u00e7evirdi\u011fi modern bir ba\u015fyap\u0131t.Ke\u015fke \u015fimdi sabah olsayd\u0131. Ke\u015fke \u015fimdi ben ta\u015ftan, duvardan yaz\u0131n kokusunu alabilseydim. Radyoyu a\u00e7\u0131yorum. Haberler. Her \u015feyden habersizim. Bir adam bir kad\u0131n\u0131 \u00f6ld\u00fcrm\u00fc\u015f. Ba\u015fka bir adam kendini \u00f6ld\u00fcrm\u00fc\u015f. Sel basm\u0131\u015f. Sava\u015f devam etmekte. Kolluk g\u00fc\u00e7leri kazanm\u0131\u015f. D\u00fcnya yine ayn\u0131 d\u00fcnya. Susuyorum.<\/p>\n","protected":false},"excerpt":{"rendered":"<p>\u00c7a\u011fda\u015f \u0130ran edebiyat\u0131ndan modern bir ba\u015fyap\u0131t Goli Taraghi\u2019nin \u00fcnl\u00fc roman\u0131 \u201cK\u0131\u015f Uykusu\u201d T\u00fcrk\u00e7ede.\u0130ran Devrimi\u2019nin ard\u0131ndan yerle\u015fti\u011fi Paris\u2019te uluslararas\u0131 bir okuyucu kitlesi edinen Goli Taraghi\u2019nin bir\u00e7ok dile<span class=\"excerpt-hellip\"> [\u2026]<\/span><\/p>\n","protected":false},"featured_media":0,"template":"","meta":{"_monsterinsights_skip_tracking":false,"_monsterinsights_sitenote_active":false,"_monsterinsights_sitenote_note":"","_monsterinsights_sitenote_category":0},"product_brand":[],"product_cat":[12291,12711],"product_tag":[],"class_list":{"0":"post-707887","1":"product","2":"type-product","3":"status-publish","5":"product_cat-edebiyat","6":"product_cat-roman-oyku","7":"pa_cilt-ciltsiz","8":"pa_tur-kitap","9":"pa_yayinevi-yapi-kredi-yayinlari","10":"pa_yazar-goli-taraghi","12":"first","13":"instock","14":"sale","15":"shipping-taxable","16":"purchasable","17":"product-type-simple"},"_links":{"self":[{"href":"https:\/\/roveyayinevi.com.tr\/index.php\/wp-json\/wp\/v2\/product\/707887","targetHints":{"allow":["GET"]}}],"collection":[{"href":"https:\/\/roveyayinevi.com.tr\/index.php\/wp-json\/wp\/v2\/product"}],"about":[{"href":"https:\/\/roveyayinevi.com.tr\/index.php\/wp-json\/wp\/v2\/types\/product"}],"wp:attachment":[{"href":"https:\/\/roveyayinevi.com.tr\/index.php\/wp-json\/wp\/v2\/media?parent=707887"}],"wp:term":[{"taxonomy":"product_brand","embeddable":true,"href":"https:\/\/roveyayinevi.com.tr\/index.php\/wp-json\/wp\/v2\/product_brand?post=707887"},{"taxonomy":"product_cat","embeddable":true,"href":"https:\/\/roveyayinevi.com.tr\/index.php\/wp-json\/wp\/v2\/product_cat?post=707887"},{"taxonomy":"product_tag","embeddable":true,"href":"https:\/\/roveyayinevi.com.tr\/index.php\/wp-json\/wp\/v2\/product_tag?post=707887"}],"curies":[{"name":"wp","href":"https:\/\/api.w.org\/{rel}","templated":true}]}}