{"id":707884,"date":"2025-08-27T16:09:58","date_gmt":"2025-08-27T13:09:58","guid":{"rendered":"https:\/\/roveyayinevi.com.tr\/index.php\/urun\/komunist-enternasyonal-1919-1943\/"},"modified":"2026-04-16T02:16:27","modified_gmt":"2026-04-15T23:16:27","slug":"komunist-enternasyonal-1919-1943","status":"publish","type":"product","link":"https:\/\/roveyayinevi.com.tr\/index.php\/urun\/komunist-enternasyonal-1919-1943\/","title":{"rendered":"Kom\u00fcnist Enternasyonal (1919-1943)"},"content":{"rendered":"<p>\u201cEnternasyonal\u2019le kurtulur insanl\u0131k!\u201d D\u00fcnyadaki t\u00fcm kom\u00fcnistler, sosyalistler ve enternasyonalist sol d\u00fc\u015f\u00fcnceye sahip geni\u015f bir kesim, Enternasyonal Mar\u015f\u0131\u2019n\u0131n bu s\u00f6zlerini sahiplenirken, Kom\u00fcnist Enternasyonal ya da Komintern neden uzun s\u00fcre hayatta kalamad\u0131?\u201cGe\u00e7mi\u015ften Gelece\u011fe Sosyalizm\u201d dizisi kapsam\u0131nda yay\u0131nlad\u0131\u011f\u0131m\u0131z Kom\u00fcnist Enternasyonal (1919-1943), en temelde bu sorunun yan\u0131t\u0131n\u0131 ararken, beraberinde bir\u00e7ok tart\u0131\u015fma ba\u015fl\u0131\u011f\u0131 a\u00e7\u0131yor: D\u00fcnya partisinin kurulu\u015fu ve \u00f6rg\u00fctlenmesi nas\u0131l ya\u015fand\u0131? Ana \u00f6rg\u00fct, yan \u00f6rg\u00fctler, tek bir merkezden y\u00f6netim, inisiyatif alabilme ve g\u00fcd\u00fcml\u00fc olma tart\u0131\u015fmalar\u0131 neler getirdi?D\u00fcnya devrimi beklentisi geriye d\u00fc\u015ft\u00fc\u011f\u00fcnde neler oldu, Kom\u00fcnist Partilerin \u201cBol\u015fevikle\u015fmesi\u201d ne gibi sonu\u00e7lara yol a\u00e7t\u0131? Halk cephesi tart\u0131\u015fmalar\u0131 nas\u0131l ba\u015flad\u0131, Komintern fa\u015fizme kar\u015f\u0131 nas\u0131l bir tav\u0131r ald\u0131? Sava\u015f s\u0131nav\u0131 neden da\u011f\u0131lma getirdi, yurtseverlik tart\u0131\u015fmalar\u0131 nas\u0131l sonu\u00e7land\u0131? Kapitalizmin krizi, devletin siyasi bi\u00e7imleri ve iktisadi rol\u00fcne dair neler tart\u0131\u015f\u0131ld\u0131? Komintern\u2019deki farkl\u0131 KP\u2019ler ulusal soruna nas\u0131l yakla\u015ft\u0131, radikal ink\u00e2r ile taktik y\u00fcceltme aras\u0131nda ipler nas\u0131l gerildi?T\u00fcm bu sorular\u0131n ve daha fazlas\u0131n\u0131n \u0131\u015f\u0131\u011f\u0131nda; kazan\u0131mlar\u0131 ve zaaflar\u0131, eksileri ve art\u0131lar\u0131yla Komintern\u2019e dair b\u00fct\u00fcnl\u00fckl\u00fc bir okuma\u2026 <\/p>\n","protected":false},"excerpt":{"rendered":"<p>\u201cEnternasyonal\u2019le kurtulur insanl\u0131k!\u201d D\u00fcnyadaki t\u00fcm kom\u00fcnistler, sosyalistler ve enternasyonalist sol d\u00fc\u015f\u00fcnceye sahip geni\u015f bir kesim, Enternasyonal Mar\u015f\u0131\u2019n\u0131n bu s\u00f6zlerini sahiplenirken, Kom\u00fcnist Enternasyonal ya da Komintern neden<span class=\"excerpt-hellip\"> [\u2026]<\/span><\/p>\n","protected":false},"featured_media":0,"template":"","meta":{"_monsterinsights_skip_tracking":false,"_monsterinsights_sitenote_active":false,"_monsterinsights_sitenote_note":"","_monsterinsights_sitenote_category":0},"product_brand":[],"product_cat":[12337,14528],"product_tag":[],"class_list":{"0":"post-707884","1":"product","2":"type-product","3":"status-publish","5":"product_cat-politika-siyaset","6":"product_cat-siyaset-tarihi","7":"pa_cilt-ciltsiz","8":"pa_tur-kitap","9":"pa_yayinevi-yordam-kitap","10":"pa_yazar-serge-wolikow","12":"first","13":"instock","14":"sale","15":"shipping-taxable","16":"purchasable","17":"product-type-simple"},"_links":{"self":[{"href":"https:\/\/roveyayinevi.com.tr\/index.php\/wp-json\/wp\/v2\/product\/707884","targetHints":{"allow":["GET"]}}],"collection":[{"href":"https:\/\/roveyayinevi.com.tr\/index.php\/wp-json\/wp\/v2\/product"}],"about":[{"href":"https:\/\/roveyayinevi.com.tr\/index.php\/wp-json\/wp\/v2\/types\/product"}],"wp:attachment":[{"href":"https:\/\/roveyayinevi.com.tr\/index.php\/wp-json\/wp\/v2\/media?parent=707884"}],"wp:term":[{"taxonomy":"product_brand","embeddable":true,"href":"https:\/\/roveyayinevi.com.tr\/index.php\/wp-json\/wp\/v2\/product_brand?post=707884"},{"taxonomy":"product_cat","embeddable":true,"href":"https:\/\/roveyayinevi.com.tr\/index.php\/wp-json\/wp\/v2\/product_cat?post=707884"},{"taxonomy":"product_tag","embeddable":true,"href":"https:\/\/roveyayinevi.com.tr\/index.php\/wp-json\/wp\/v2\/product_tag?post=707884"}],"curies":[{"name":"wp","href":"https:\/\/api.w.org\/{rel}","templated":true}]}}