{"id":707883,"date":"2025-08-27T16:09:57","date_gmt":"2025-08-27T13:09:57","guid":{"rendered":"https:\/\/roveyayinevi.com.tr\/index.php\/urun\/kutulamarede-esaret-esir-bir-ingiliz-generalin-kaleminden\/"},"modified":"2026-04-16T02:16:27","modified_gmt":"2026-04-15T23:16:27","slug":"kutulamarede-esaret-esir-bir-ingiliz-generalin-kaleminden","status":"publish","type":"product","link":"https:\/\/roveyayinevi.com.tr\/index.php\/urun\/kutulamarede-esaret-esir-bir-ingiliz-generalin-kaleminden\/","title":{"rendered":"Kutulamare\u2019de Esaret : Esir Bir \u0130ngiliz Generalin Kaleminden"},"content":{"rendered":"<p>Osmanl\u0131 Ordusu, Birinci D\u00fcnya Sava\u015f\u0131&#8217;nda iki b\u00fcy\u00fck zafer kazanabildi. Bunlardan biricisi \u00c7anakkale zaferi, di\u011feri ise, bu kitab\u0131n konusunu olu\u015fturan K\u00fbtulam\u00e2re ku\u015fatmas\u0131d\u0131r. T\u00fcrk&#8217;\u00fcn tarih yazd\u0131\u011f\u0131 \u00c7anakkale zaferini hemen hemen herkes bilir. Ancak K\u00fbtulam\u00e2re&#8217;yi fazla bilmeyiz.  \u0130ngilizler, &#8220;Mezopotamya Seferi&#8221; ad\u0131 verdikleri Irak cephesinde, Osmanl\u0131&#8217;ya kar\u015f\u0131 bir\u00e7ok muharebede \u00fcst\u00fcnl\u00fck elde etmi\u015f olmalar\u0131na ra\u011fmen, en son yapm\u0131\u015f olduklar\u0131 Selmanipak taarruzuyla birlikte zor duruma d\u00fc\u015fm\u00fc\u015f ve K\u00fbtulam\u00e2re ku\u015fatmas\u0131yla birlikte de bug\u00fcn bile unutamad\u0131klar\u0131 bir ma\u011flubiyet ya\u015fam\u0131\u015flard\u0131r.  Basra&#8217;n\u0131n i\u015fgali ile ba\u015flay\u0131p K\u00fbtulam\u00e2re ku\u015fatmas\u0131n\u0131n sona ermesine kadar olan sava\u015flar dizisinde, \u015euayyibe sava\u015f\u0131ndan itibaren bu sava\u015flar\u0131 Sir Charles Vere Ferrers Townshend komuta etmi\u015fti. Townshend, bu sava\u015flar s\u0131ras\u0131nda tuttu\u011fu g\u00fcnl\u00fc\u011f\u00fcn\u00fc daha sonra d\u00fcz\u00fcnleyerek strateji ve taktik konular\u0131n\u0131 i\u00e7eren geni\u015f bir giri\u015fle birlikte &#8220;My Campaing in Mesopotamia&#8221; ad\u0131yla 1920&#8217;de Londra&#8217;da yay\u0131nland\u0131. Yay\u0131na haz\u0131rlad\u0131\u011f\u0131m\u0131z bu eserde Townshend, Irak cephesi \u00fczerine ayr\u0131nt\u0131l\u0131 bilgilerin yan\u0131 s\u0131ra, \u0130stanbul&#8217;da kald\u0131\u011f\u0131 d\u00f6nem i\u00e7erisinde, buran\u0131n siyas\u00ee atmosferi hakk\u0131nda da \u00e7e\u015fitli bilgiler vermekte ve de\u011ferlendirmelerde bulunmaktad\u0131r. <\/p>\n","protected":false},"excerpt":{"rendered":"<p>Osmanl\u0131 Ordusu, Birinci D\u00fcnya Sava\u015f\u0131&#8217;nda iki b\u00fcy\u00fck zafer kazanabildi. Bunlardan biricisi \u00c7anakkale zaferi, di\u011feri ise, bu kitab\u0131n konusunu olu\u015fturan K\u00fbtulam\u00e2re ku\u015fatmas\u0131d\u0131r. T\u00fcrk&#8217;\u00fcn tarih yazd\u0131\u011f\u0131 \u00c7anakkale zaferini<span class=\"excerpt-hellip\"> [\u2026]<\/span><\/p>\n","protected":false},"featured_media":0,"template":"","meta":{"_monsterinsights_skip_tracking":false,"_monsterinsights_sitenote_active":false,"_monsterinsights_sitenote_note":"","_monsterinsights_sitenote_category":0},"product_brand":[],"product_cat":[12312,12304],"product_tag":[],"class_list":{"0":"post-707883","1":"product","2":"type-product","3":"status-publish","5":"product_cat-diger","6":"product_cat-tarih","7":"pa_cilt-ciltsiz","8":"pa_tur-kitap","9":"pa_yayinevi-yeditepe-yayinevi","10":"pa_yazar-charles-v-f-townshend","12":"first","13":"instock","14":"sale","15":"shipping-taxable","16":"purchasable","17":"product-type-simple"},"_links":{"self":[{"href":"https:\/\/roveyayinevi.com.tr\/index.php\/wp-json\/wp\/v2\/product\/707883","targetHints":{"allow":["GET"]}}],"collection":[{"href":"https:\/\/roveyayinevi.com.tr\/index.php\/wp-json\/wp\/v2\/product"}],"about":[{"href":"https:\/\/roveyayinevi.com.tr\/index.php\/wp-json\/wp\/v2\/types\/product"}],"wp:attachment":[{"href":"https:\/\/roveyayinevi.com.tr\/index.php\/wp-json\/wp\/v2\/media?parent=707883"}],"wp:term":[{"taxonomy":"product_brand","embeddable":true,"href":"https:\/\/roveyayinevi.com.tr\/index.php\/wp-json\/wp\/v2\/product_brand?post=707883"},{"taxonomy":"product_cat","embeddable":true,"href":"https:\/\/roveyayinevi.com.tr\/index.php\/wp-json\/wp\/v2\/product_cat?post=707883"},{"taxonomy":"product_tag","embeddable":true,"href":"https:\/\/roveyayinevi.com.tr\/index.php\/wp-json\/wp\/v2\/product_tag?post=707883"}],"curies":[{"name":"wp","href":"https:\/\/api.w.org\/{rel}","templated":true}]}}