{"id":707879,"date":"2025-08-27T16:09:55","date_gmt":"2025-08-27T13:09:55","guid":{"rendered":"https:\/\/roveyayinevi.com.tr\/index.php\/urun\/hareket-halinde-bir-hayat\/"},"modified":"2025-11-13T04:02:35","modified_gmt":"2025-11-13T01:02:35","slug":"hareket-halinde-bir-hayat","status":"publish","type":"product","link":"https:\/\/roveyayinevi.com.tr\/index.php\/urun\/hareket-halinde-bir-hayat\/","title":{"rendered":"Hareket Halinde Bir Hayat"},"content":{"rendered":"<p>D\u00fcnya \u00e7ap\u0131nda \u00fcn kazanmas\u0131n\u0131 sa\u011flayan kitaplar\u0131nda beyin ve sinir sisteminin tuhafl\u0131klar\u0131n\u0131, insan\u0131n birbirinden zor durumlara uyum sa\u011flayabilme becerisini anlatan Oliver Sacks, bu sefer kendini oda\u011fa al\u0131yor.Sadece y\u0131llarca hayret ve keyifle okudu\u011fumuz vaka tarih\u00e7elerinin yazar\u0131 n\u00f6rolog Sacks\u2019\u0131 de\u011fil, son an\u0131na kadar dolu dolu ya\u015fanm\u0131\u015f bir hayat\u0131n \u00f6znesi olan Sacks\u2019\u0131 da tan\u0131yoruz Hareket Halinde\u2019de: Ailesiyle ili\u015fkisinden \u0130ngiltere ve Amerika aras\u0131nda b\u00f6l\u00fcnen hayat\u0131na, motosiklet, seyahat ve a\u011f\u0131rl\u0131k kald\u0131rma tutkusundan sevgililerine ve tan\u0131d\u0131\u011f\u0131 \u00fcnl\u00fc \u00fcns\u00fcz pek \u00e7ok s\u0131rad\u0131\u015f\u0131 insana, Sacks hayat\u0131ndan her y\u00f6n\u00fcyle, d\u00fcr\u00fcst\u00e7e ve heyecanla bahsediyor. Motosikletini tek ba\u015f\u0131na s\u00fcrmeyi sevdi\u011fi yollarda, hayat\u0131n\u0131n sonuna dek hastalar\u0131n\u0131 ilgisiz b\u0131rakmad\u0131\u011f\u0131 hekimlik hayat\u0131nda, yazd\u0131\u011f\u0131 binlerce sayfada durmak dinlenmek nedir bilmeyen bir insan\u0131n, daima hareket halinde bir hayat\u0131n hikayesi.\u201cSamimi bir kitap&#8230; Ya\u015fam ve merhametle dolup ta\u015f\u0131yor.\u201d \u2013 New York Times\u201cM\u00fcthi\u015f&#8230; Sacks kendini de ba\u015fkalar\u0131n\u0131 inceledi\u011fi gibi inceliyor: \u015eefkatle, cesaretle, zekice, her halini kabullenerek ve d\u00fcr\u00fcst\u00e7e.\u201d \u2013 Wall Street Journal <\/p>\n","protected":false},"excerpt":{"rendered":"<p>D\u00fcnya \u00e7ap\u0131nda \u00fcn kazanmas\u0131n\u0131 sa\u011flayan kitaplar\u0131nda beyin ve sinir sisteminin tuhafl\u0131klar\u0131n\u0131, insan\u0131n birbirinden zor durumlara uyum sa\u011flayabilme becerisini anlatan Oliver Sacks, bu sefer kendini oda\u011fa al\u0131yor.Sadece<span class=\"excerpt-hellip\"> [\u2026]<\/span><\/p>\n","protected":false},"featured_media":0,"template":"","meta":{"_monsterinsights_skip_tracking":false,"_monsterinsights_sitenote_active":false,"_monsterinsights_sitenote_note":"","_monsterinsights_sitenote_category":0},"product_brand":[],"product_cat":[14009,12291],"product_tag":[],"class_list":{"0":"post-707879","1":"product","2":"type-product","3":"status-publish","5":"product_cat-biyografi-otobiyografi-edebiyat","6":"product_cat-edebiyat","7":"pa_cilt-ciltsiz","8":"pa_tur-kitap","9":"pa_yayinevi-yapi-kredi-yayinlari","10":"pa_yazar-oliver-sacks","12":"first","13":"instock","14":"sale","15":"shipping-taxable","16":"purchasable","17":"product-type-simple"},"_links":{"self":[{"href":"https:\/\/roveyayinevi.com.tr\/index.php\/wp-json\/wp\/v2\/product\/707879","targetHints":{"allow":["GET"]}}],"collection":[{"href":"https:\/\/roveyayinevi.com.tr\/index.php\/wp-json\/wp\/v2\/product"}],"about":[{"href":"https:\/\/roveyayinevi.com.tr\/index.php\/wp-json\/wp\/v2\/types\/product"}],"wp:attachment":[{"href":"https:\/\/roveyayinevi.com.tr\/index.php\/wp-json\/wp\/v2\/media?parent=707879"}],"wp:term":[{"taxonomy":"product_brand","embeddable":true,"href":"https:\/\/roveyayinevi.com.tr\/index.php\/wp-json\/wp\/v2\/product_brand?post=707879"},{"taxonomy":"product_cat","embeddable":true,"href":"https:\/\/roveyayinevi.com.tr\/index.php\/wp-json\/wp\/v2\/product_cat?post=707879"},{"taxonomy":"product_tag","embeddable":true,"href":"https:\/\/roveyayinevi.com.tr\/index.php\/wp-json\/wp\/v2\/product_tag?post=707879"}],"curies":[{"name":"wp","href":"https:\/\/api.w.org\/{rel}","templated":true}]}}