{"id":707878,"date":"2025-08-27T16:09:55","date_gmt":"2025-08-27T13:09:55","guid":{"rendered":"https:\/\/roveyayinevi.com.tr\/index.php\/urun\/cocuk-yasasi\/"},"modified":"2026-04-16T02:16:27","modified_gmt":"2026-04-15T23:16:27","slug":"cocuk-yasasi","status":"publish","type":"product","link":"https:\/\/roveyayinevi.com.tr\/index.php\/urun\/cocuk-yasasi\/","title":{"rendered":"\u00c7ocuk Yasas\u0131"},"content":{"rendered":"<p>Londra\u2019da ya\u015fayan, Y\u00fcksek Divan Aile Hukuku Dairesi\u2019nin en ba\u015far\u0131l\u0131 ve \u00fcnl\u00fc h\u00e2kimlerinden Fiona Maye, \u00f6zel hayat\u0131ndaki kriz kar\u015f\u0131s\u0131nda \u00e7aresizdir: Kocas\u0131 Jack onu gen\u00e7 bir kad\u0131n i\u00e7in terk etmektedir. Fiona tam bu s\u0131rada kendini Adam Henry davas\u0131n\u0131n h\u00e2kimi olarak bulur. On yedi ya\u015f\u0131nda bir l\u00f6semi hastas\u0131 olan Adam, tedavisi i\u00e7in elzem olan kan naklini g\u00fcnah oldu\u011fu gerek\u00e7esiyle reddetmektedir. Onun ki\u015fisel haklar\u0131na sayg\u0131 g\u00f6stermekle bu haklar\u0131 \u00e7i\u011fneyerek hayat\u0131n\u0131 kurtarmak aras\u0131nda kalan Fiona, bir sonuca varabilmek i\u00e7in Adam\u2019la g\u00f6r\u00fc\u015fmeye karar verir. Bu g\u00f6r\u00fc\u015fme ikisinin de hayat\u0131n\u0131 de\u011fi\u015ftirecektir.\u201c\u00c7ocuk Yasas\u0131\u201d, inan\u00e7larla kanunlar\u0131n k\u0131r\u0131lganl\u0131\u011f\u0131na ve insanlar aras\u0131ndaki mesafelere dair, i\u00e7e i\u015fleyen, unutulmayacak bir roman. Roza Hakmen\u2019in T\u00fcrk\u00e7esiyle.\u201cHayat\u0131m\u0131n en s\u0131rad\u0131\u015f\u0131, g\u00fc\u00e7l\u00fc ve dokunakl\u0131 okuma deneyimlerinden biri&#8230; B\u00fct\u00fcn\u00fcyle \u00e7arp\u0131c\u0131, hassas dengeler \u00fcst\u00fcne kurulmu\u015f, kusursuz i\u015flenmi\u015f ve \u00e7ok g\u00fczel yaz\u0131lm\u0131\u015f bir roman.\u201d Alberto Manguel\u201cYa\u015fayan en iyi yazarlardan biri olan Ian McEwan\u2019dan \u00f6nemli bir roman daha.\u201d Washington Post <\/p>\n","protected":false},"excerpt":{"rendered":"<p>Londra\u2019da ya\u015fayan, Y\u00fcksek Divan Aile Hukuku Dairesi\u2019nin en ba\u015far\u0131l\u0131 ve \u00fcnl\u00fc h\u00e2kimlerinden Fiona Maye, \u00f6zel hayat\u0131ndaki kriz kar\u015f\u0131s\u0131nda \u00e7aresizdir: Kocas\u0131 Jack onu gen\u00e7 bir kad\u0131n i\u00e7in<span class=\"excerpt-hellip\"> [\u2026]<\/span><\/p>\n","protected":false},"featured_media":0,"template":"","meta":{"_monsterinsights_skip_tracking":false,"_monsterinsights_sitenote_active":false,"_monsterinsights_sitenote_note":"","_monsterinsights_sitenote_category":0},"product_brand":[],"product_cat":[12291,12866],"product_tag":[],"class_list":{"0":"post-707878","1":"product","2":"type-product","3":"status-publish","5":"product_cat-edebiyat","6":"product_cat-ingiliz-edebiyati","7":"pa_cilt-ciltsiz","8":"pa_tur-kitap","9":"pa_yayinevi-yapi-kredi-yayinlari","10":"pa_yazar-ian-mcewan","12":"first","13":"instock","14":"sale","15":"shipping-taxable","16":"purchasable","17":"product-type-simple"},"_links":{"self":[{"href":"https:\/\/roveyayinevi.com.tr\/index.php\/wp-json\/wp\/v2\/product\/707878","targetHints":{"allow":["GET"]}}],"collection":[{"href":"https:\/\/roveyayinevi.com.tr\/index.php\/wp-json\/wp\/v2\/product"}],"about":[{"href":"https:\/\/roveyayinevi.com.tr\/index.php\/wp-json\/wp\/v2\/types\/product"}],"wp:attachment":[{"href":"https:\/\/roveyayinevi.com.tr\/index.php\/wp-json\/wp\/v2\/media?parent=707878"}],"wp:term":[{"taxonomy":"product_brand","embeddable":true,"href":"https:\/\/roveyayinevi.com.tr\/index.php\/wp-json\/wp\/v2\/product_brand?post=707878"},{"taxonomy":"product_cat","embeddable":true,"href":"https:\/\/roveyayinevi.com.tr\/index.php\/wp-json\/wp\/v2\/product_cat?post=707878"},{"taxonomy":"product_tag","embeddable":true,"href":"https:\/\/roveyayinevi.com.tr\/index.php\/wp-json\/wp\/v2\/product_tag?post=707878"}],"curies":[{"name":"wp","href":"https:\/\/api.w.org\/{rel}","templated":true}]}}