{"id":707875,"date":"2025-08-27T16:09:53","date_gmt":"2025-08-27T13:09:53","guid":{"rendered":"https:\/\/roveyayinevi.com.tr\/index.php\/urun\/aslan-asker-kaspar\/"},"modified":"2026-04-16T02:16:27","modified_gmt":"2026-04-15T23:16:27","slug":"aslan-asker-kaspar","status":"publish","type":"product","link":"https:\/\/roveyayinevi.com.tr\/index.php\/urun\/aslan-asker-kaspar\/","title":{"rendered":"Aslan Asker Kaspar"},"content":{"rendered":"<p>Her \u015feyden \u00f6te, bar\u0131\u015fa bir a\u011f\u0131t&#8230;\u201cKaspar, cesur askerin kurallar ka\u011f\u0131d\u0131n\u0131 a\u00e7t\u0131 ve hepsini tek tek okudu. Sonra en ba\u015ftan bir daha okudu, sonra bir daha, \u00fc\u00e7 kere, be\u015f kere, on kere daha tekrarlad\u0131. Ona g\u00f6re b\u00fct\u00fcn dikkatini cesur askerin kurallar\u0131na vermek, kendisini daha iyi hissetmesini sa\u011fl\u0131yordu. Ne var ki kalbindeki sanc\u0131y\u0131 yeniden hissetmesi i\u00e7in, g\u00f6zlerini d\u00fcrb\u00fcn\u00fcn\u00fcn merceklerine dayamas\u0131 yeterliydi.\u201dHayvanlar\u0131 ve \u00e7ocuklar\u0131 \u00e7ok seven, hem veteriner hem yazar Guido Sgardoli\u2019den okurlar\u0131n kalbine kaz\u0131nacak, 2007-Penne \u00d6d\u00fcl\u00fc\u2019n\u00fc alan bir roman: Aslan Asker Kaspar&#8230;Sava\u015f s\u0131ras\u0131nda da\u011fa n\u00f6bete g\u00f6nderilen ve orada unutulan bir askerin ihtiyar bir k\u00f6yl\u00fc, bir inek ve bir fareyle dostlu\u011fu&#8230;2009\u2019da Andersen En \u0130yi Yazar \u00d6d\u00fcl\u00fc\u2019n\u00fc alan, 2015\u2019te bir gen\u00e7lik roman\u0131yla yine Andersen \u00d6d\u00fcl\u00fc\u2019n\u00fc kazanan Sgardoli\u2019den hayat\u0131n anlam\u0131 ve dostluk \u00fczerine yal\u0131n ve \u00e7arp\u0131c\u0131 bir ba\u015fyap\u0131t&#8230; <\/p>\n","protected":false},"excerpt":{"rendered":"<p>Her \u015feyden \u00f6te, bar\u0131\u015fa bir a\u011f\u0131t&#8230;\u201cKaspar, cesur askerin kurallar ka\u011f\u0131d\u0131n\u0131 a\u00e7t\u0131 ve hepsini tek tek okudu. Sonra en ba\u015ftan bir daha okudu, sonra bir daha, \u00fc\u00e7<span class=\"excerpt-hellip\"> [\u2026]<\/span><\/p>\n","protected":false},"featured_media":0,"template":"","meta":{"_monsterinsights_skip_tracking":false,"_monsterinsights_sitenote_active":false,"_monsterinsights_sitenote_note":"","_monsterinsights_sitenote_category":0},"product_brand":[],"product_cat":[12274,12284],"product_tag":[],"class_list":{"0":"post-707875","1":"product","2":"type-product","3":"status-publish","5":"product_cat-cocuk-ve-genclik-kitaplari","6":"product_cat-hikayeler","7":"pa_cilt-ciltsiz","8":"pa_tur-kitap","9":"pa_yayinevi-yapi-kredi-yayinlari","10":"pa_yazar-guido-sgardoli","12":"first","13":"instock","14":"sale","15":"shipping-taxable","16":"purchasable","17":"product-type-simple"},"_links":{"self":[{"href":"https:\/\/roveyayinevi.com.tr\/index.php\/wp-json\/wp\/v2\/product\/707875","targetHints":{"allow":["GET"]}}],"collection":[{"href":"https:\/\/roveyayinevi.com.tr\/index.php\/wp-json\/wp\/v2\/product"}],"about":[{"href":"https:\/\/roveyayinevi.com.tr\/index.php\/wp-json\/wp\/v2\/types\/product"}],"wp:attachment":[{"href":"https:\/\/roveyayinevi.com.tr\/index.php\/wp-json\/wp\/v2\/media?parent=707875"}],"wp:term":[{"taxonomy":"product_brand","embeddable":true,"href":"https:\/\/roveyayinevi.com.tr\/index.php\/wp-json\/wp\/v2\/product_brand?post=707875"},{"taxonomy":"product_cat","embeddable":true,"href":"https:\/\/roveyayinevi.com.tr\/index.php\/wp-json\/wp\/v2\/product_cat?post=707875"},{"taxonomy":"product_tag","embeddable":true,"href":"https:\/\/roveyayinevi.com.tr\/index.php\/wp-json\/wp\/v2\/product_tag?post=707875"}],"curies":[{"name":"wp","href":"https:\/\/api.w.org\/{rel}","templated":true}]}}