{"id":707870,"date":"2025-08-27T16:09:51","date_gmt":"2025-08-27T13:09:51","guid":{"rendered":"https:\/\/roveyayinevi.com.tr\/index.php\/urun\/nukleer-felaketlerle-yasamak\/"},"modified":"2026-04-16T02:16:26","modified_gmt":"2026-04-15T23:16:26","slug":"nukleer-felaketlerle-yasamak","status":"publish","type":"product","link":"https:\/\/roveyayinevi.com.tr\/index.php\/urun\/nukleer-felaketlerle-yasamak\/","title":{"rendered":"N\u00fckleer Felaketlerle Ya\u015famak"},"content":{"rendered":"<p>N\u00fckleer santral kazalar\u0131 t\u00fcm gezegeni tehdit ediyor. Geli\u015fmi\u015f ge\u00e7inen Rusya\u2019s\u0131ndan, Japonyas\u0131\u2019na, ABD\u2019sinden Fransa\u2019s\u0131na kadar, herhangi bir kaza sonras\u0131 santralde \u00e7al\u0131\u015ft\u0131r\u0131lan i\u015f\u00e7iden, b\u00f6lge halk\u0131na ve hem o \u00fclkenin hem yak\u0131n co\u011frafyadaki \u00fclkelerin vatanda\u015flar\u0131n\u0131n hem de kontamine olmu\u015f \u00fcr\u00fcnleri sat\u0131n olmak zorunda b\u0131rak\u0131lan \u00e7ok uzak \u00fclkelerin t\u00fcketicilerine kadar herkes b\u00fcy\u00fck yalanlar, bilgi saklamalar\u0131 ve en temel sa\u011fl\u0131k haklar\u0131ndan dahi mahrum b\u0131rak\u0131lmaktad\u0131r.B\u00fct\u00fcn bunlar\u0131 de\u011ferlendirmek i\u00e7in, \u00fczerinden ge\u00e7en makul s\u00fcrelerle verilerin daha belirginle\u015fti\u011fi \u00c7ernobil ve Fuki\u015fima kazalar\u0131nda nas\u0131l uyguland\u0131\u011f\u0131n\u0131 bu kitapta okuyacaks\u0131n\u0131z. \u00d6ylesine ki Japonya gibi bir \u00fclkede, n\u00fckleer kazadan sonra yap\u0131lacak ilk i\u015f olan iyot tabletlerin da\u011f\u0131t\u0131m\u0131 bile yap\u0131lmam\u0131\u015ft\u0131r ve sonu\u00e7lar\u0131 daha \u015fimdiden \u00e7ok a\u011f\u0131r olmu\u015ftur.Peki \u00c7ernobil\u2019de ya\u015fananlar, Fuki\u015fima\u2019da ba\u015far\u0131ya al\u0131\u015fm\u0131\u015f ve teknolojiye belki de d\u00fcnyada en \u00e7ok inanan Japonlara ders oldu mu? Kitap bu kar\u015f\u0131la\u015ft\u0131rman\u0131n da izini s\u00fcrerek, bir yan\u0131yla da g\u00fc\u00e7 sahiplerinin e\u011filimlerinin, sivil toplumun etkilili\u011finin, t\u0131p camias\u0131n\u0131n \u00f6rg\u00fctl\u00fc\u011f\u00fcn\u00fcn, bilim insanlar\u0131n\u0131n ba\u011f\u0131ms\u0131zl\u0131\u011f\u0131n\u0131n ve gazetecilerin cesaretinin \u00f6nemini sorguluyor. Biz \u00f6zellikle T\u00fcrkiye\u2019de art\u0131k \u00e7ok iyi biliyoruz ki vatan hainli\u011fi ile sevgisi aras\u0131ndaki \u00e7izgi, iktidar\u0131n tercihine kalm\u0131\u015ft\u0131r. Bir \u015fekilde her iki kazadan da en \u00e7ok zarar\u0131 g\u00f6rme ihtimali olan insanlar\u0131n, \u00f6rtbas etmelere de\u011fil, sonu\u00e7lar\u0131yla oynanm\u0131\u015f raporlara de\u011fil, n\u00fckleer lobisinin finanse etti\u011fi ara\u015ft\u0131rmalara ve bo\u015f umutlara de\u011fil, g\u00fcvenilir bilgilere ve deste\u011fe ihtiyac\u0131 vard\u0131r. Kald\u0131 ki b\u00fct\u00fcn kazan\u0131n 300 y\u0131la kadar s\u00fcrecek etkilerini ortadan kald\u0131rmak i\u00e7in, yine bu en \u00e7ok zarar g\u00f6ren yurtta\u015flar\u0131n vergileri kullan\u0131l\u0131yor.N\u00fckleer serpintinin cinsi, yar\u0131lanma \u00f6mr\u00fc ve bunlar\u0131n bitkiler, hayvanlar genel olarak do\u011fal ekosistem \u00fczerindeki etkileri ise insan merkezli d\u00fc\u015f\u00fcnenlerin dahi ihmal edemeyece\u011fi d\u00fczeydedir \u00e7\u00fcnk\u00fc bunlar\u0131n \u00e7o\u011fu d\u00f6n\u00fcp dola\u015f\u0131p besin ya da su olarak insanlar taraf\u0131ndan t\u00fcketilmektedir. Ancak d\u00fcnyaya ba\u015fka bir g\u00f6zl\u00fckle bakmay\u0131 becerebilenler i\u00e7in, \u00f6m\u00fcrleri \u00e7ok k\u0131sa olan mavi kelebeklerin nas\u0131l etkilendi\u011fi de \u00f6nem ta\u015f\u0131r. \u00d6m\u00fcrlerinin k\u0131salmas\u0131, kanat uzunluklar\u0131n azalmas\u0131n\u0131n yan\u0131 s\u0131ra yeni nesillerdeki mutasyonlar, gelecek i\u00e7in \u00e7ok kayg\u0131 vericidir.\u0130ronik bir geli\u015fme ise, n\u00fckleerden elde edece\u011fimiz enerji olmazsa ya\u015fam durur sloganlar\u0131 atan lobicilerin s\u00f6ylediklerin tam tersine, kazadan sonra 17 adet n\u00fckleer g\u00fc\u00e7 santralini (toplam reakt\u00f6r say\u0131s\u0131 48) kapatan, hem de bu kadar teknoloji ve elektrik ba\u011f\u0131ml\u0131s\u0131 bir \u00fclke olan Japonya o zamandan beri n\u00fckleer enerjiye muhta\u00e7 olmadan ya\u015fam\u0131\u015ft\u0131r ve bug\u00fcn de tekrar \u00e7al\u0131\u015ft\u0131r\u0131lan 2 reakt\u00f6r d\u0131\u015f\u0131nda n\u00fckleersiz ya\u015famaktad\u0131r.B\u00fct\u00fcn bu kazalar\u0131n bize \u00f6\u011fretti\u011fi bir \u00f6nemli unsur ise, t\u0131pk\u0131 k\u00fcresel iklim de\u011fi\u015fikli\u011fi gibi, n\u00fckleer santraller de bulunduklar\u0131 devletlerin sorumlulu\u011fundan fazlas\u0131n\u0131, yani b\u00fct\u00fcn gezegende ya\u015fayanlar\u0131 ilgilendiriyor. Bu nedenle hangi \u00fclkede yap\u0131l\u0131rsa yap\u0131ls\u0131n, yar\u0131n onun olumsuz etkilerine maruz kalacak t\u00fcm insanlar\u0131n bunlara direnmeye hakk\u0131 vard\u0131r.<\/p>\n","protected":false},"excerpt":{"rendered":"<p>N\u00fckleer santral kazalar\u0131 t\u00fcm gezegeni tehdit ediyor. Geli\u015fmi\u015f ge\u00e7inen Rusya\u2019s\u0131ndan, Japonyas\u0131\u2019na, ABD\u2019sinden Fransa\u2019s\u0131na kadar, herhangi bir kaza sonras\u0131 santralde \u00e7al\u0131\u015ft\u0131r\u0131lan i\u015f\u00e7iden, b\u00f6lge halk\u0131na ve hem o<span class=\"excerpt-hellip\"> [\u2026]<\/span><\/p>\n","protected":false},"featured_media":0,"template":"","meta":{"_monsterinsights_skip_tracking":false,"_monsterinsights_sitenote_active":false,"_monsterinsights_sitenote_note":"","_monsterinsights_sitenote_category":0},"product_brand":[],"product_cat":[23323,12364],"product_tag":[],"class_list":{"0":"post-707870","1":"product","2":"type-product","3":"status-publish","5":"product_cat-ekoloji","6":"product_cat-genel-konular","7":"pa_cilt-ciltsiz","8":"pa_tur-kitap","9":"pa_yayinevi-yeni-insan-yayinlari","10":"pa_yazar-angelika-claussen","12":"first","13":"instock","14":"sale","15":"shipping-taxable","16":"purchasable","17":"product-type-simple"},"_links":{"self":[{"href":"https:\/\/roveyayinevi.com.tr\/index.php\/wp-json\/wp\/v2\/product\/707870","targetHints":{"allow":["GET"]}}],"collection":[{"href":"https:\/\/roveyayinevi.com.tr\/index.php\/wp-json\/wp\/v2\/product"}],"about":[{"href":"https:\/\/roveyayinevi.com.tr\/index.php\/wp-json\/wp\/v2\/types\/product"}],"wp:attachment":[{"href":"https:\/\/roveyayinevi.com.tr\/index.php\/wp-json\/wp\/v2\/media?parent=707870"}],"wp:term":[{"taxonomy":"product_brand","embeddable":true,"href":"https:\/\/roveyayinevi.com.tr\/index.php\/wp-json\/wp\/v2\/product_brand?post=707870"},{"taxonomy":"product_cat","embeddable":true,"href":"https:\/\/roveyayinevi.com.tr\/index.php\/wp-json\/wp\/v2\/product_cat?post=707870"},{"taxonomy":"product_tag","embeddable":true,"href":"https:\/\/roveyayinevi.com.tr\/index.php\/wp-json\/wp\/v2\/product_tag?post=707870"}],"curies":[{"name":"wp","href":"https:\/\/api.w.org\/{rel}","templated":true}]}}