{"id":707869,"date":"2025-08-27T16:09:50","date_gmt":"2025-08-27T13:09:50","guid":{"rendered":"https:\/\/roveyayinevi.com.tr\/index.php\/urun\/40-hadis\/"},"modified":"2026-04-16T02:16:26","modified_gmt":"2026-04-15T23:16:26","slug":"40-hadis","status":"publish","type":"product","link":"https:\/\/roveyayinevi.com.tr\/index.php\/urun\/40-hadis\/","title":{"rendered":"40 Hadis"},"content":{"rendered":"<p>Ge\u00e7enlerde, hepimizin sevdi\u011fi g\u00fczel davran\u0131\u015flar\u0131 nereden \u00f6\u011frendi\u011fimizi d\u00fc\u015f\u00fcnd\u00fcm. Bu sorunun cevab\u0131 i\u00e7in etraf\u0131ma daha dikkatli bakt\u0131m, b\u00fcy\u00fcklerime sordum. Anlad\u0131m ki, ho\u015fumuza giden b\u00fct\u00fcn g\u00fczel davran\u0131\u015flar\u0131, Peygamberimizden (aleyhissalat\u00fc vesselam), yani O\u2019nun hadislerinden \u00f6\u011frenmi\u015fiz. Hatta dedem dedi ki: \u201cPeygamberimiz (asm), hadislerinden k\u0131rk tanesini \u00f6\u011freneni \u00e7ok severmi\u015f.\u201d Bunu duyar duymaz, \u201cBen de \u201840 Hadis\u2019 \u00f6\u011frenmeliyim\u201d dedim. Ve ba\u015flad\u0131m, hadis kitaplar\u0131n\u0131 okumaya. \u00c7ok harika hadisler \u00f6\u011frendim, \u00f6\u011frendik\u00e7e heyecanland\u0131m. Bunlar\u0131 seninle de payla\u015fmak istedim.Kitapta yer alan hadis-i \u015ferifler \u00f6zellikle okul \u00f6ncesi ve ilkokul d\u00f6nemi \u00e7ocuklar\u0131n\u0131n anlama, kavrama ve muhakeme becerileri g\u00f6z \u00f6n\u00fcne al\u0131narak se\u00e7ilmi\u015ftir. G\u00fcnl\u00fck hayatta olumlu davran\u0131\u015f becerisini kazand\u0131racak hadisler \u00f6zellikle tercih edilmi\u015ftir. \u00d6\u011frenme ve ak\u0131lda kal\u0131c\u0131l\u0131\u011f\u0131 art\u0131rmak i\u00e7in \u201c\u015fiirsel k\u0131sa d\u00f6rtl\u00fck\u201dlerden olu\u015fan bir anlat\u0131m tarz\u0131 kullan\u0131lm\u0131\u015ft\u0131r. Bir karakter e\u015fli\u011finde ve g\u00f6rsel unsurlarla zenginle\u015ftirilmi\u015f bu eser, manev\u00ee e\u011fitimi destekleyici niteliktedir.<\/p>\n","protected":false},"excerpt":{"rendered":"<p>Ge\u00e7enlerde, hepimizin sevdi\u011fi g\u00fczel davran\u0131\u015flar\u0131 nereden \u00f6\u011frendi\u011fimizi d\u00fc\u015f\u00fcnd\u00fcm. Bu sorunun cevab\u0131 i\u00e7in etraf\u0131ma daha dikkatli bakt\u0131m, b\u00fcy\u00fcklerime sordum. Anlad\u0131m ki, ho\u015fumuza giden b\u00fct\u00fcn g\u00fczel davran\u0131\u015flar\u0131, Peygamberimizden<span class=\"excerpt-hellip\"> [\u2026]<\/span><\/p>\n","protected":false},"featured_media":0,"template":"","meta":{"_monsterinsights_skip_tracking":false,"_monsterinsights_sitenote_active":false,"_monsterinsights_sitenote_note":"","_monsterinsights_sitenote_category":0},"product_brand":[],"product_cat":[12274,18802],"product_tag":[],"class_list":{"0":"post-707869","1":"product","2":"type-product","3":"status-publish","5":"product_cat-cocuk-ve-genclik-kitaplari","6":"product_cat-din-egitimi","7":"pa_cilt-ciltsiz","8":"pa_tur-kitap","9":"pa_yayinevi-ugurbocegi-yayinlari","10":"pa_yazar-mehmet-yasar","12":"first","13":"instock","14":"sale","15":"shipping-taxable","16":"purchasable","17":"product-type-simple"},"_links":{"self":[{"href":"https:\/\/roveyayinevi.com.tr\/index.php\/wp-json\/wp\/v2\/product\/707869","targetHints":{"allow":["GET"]}}],"collection":[{"href":"https:\/\/roveyayinevi.com.tr\/index.php\/wp-json\/wp\/v2\/product"}],"about":[{"href":"https:\/\/roveyayinevi.com.tr\/index.php\/wp-json\/wp\/v2\/types\/product"}],"wp:attachment":[{"href":"https:\/\/roveyayinevi.com.tr\/index.php\/wp-json\/wp\/v2\/media?parent=707869"}],"wp:term":[{"taxonomy":"product_brand","embeddable":true,"href":"https:\/\/roveyayinevi.com.tr\/index.php\/wp-json\/wp\/v2\/product_brand?post=707869"},{"taxonomy":"product_cat","embeddable":true,"href":"https:\/\/roveyayinevi.com.tr\/index.php\/wp-json\/wp\/v2\/product_cat?post=707869"},{"taxonomy":"product_tag","embeddable":true,"href":"https:\/\/roveyayinevi.com.tr\/index.php\/wp-json\/wp\/v2\/product_tag?post=707869"}],"curies":[{"name":"wp","href":"https:\/\/api.w.org\/{rel}","templated":true}]}}