{"id":707868,"date":"2025-08-27T16:09:50","date_gmt":"2025-08-27T13:09:50","guid":{"rendered":"https:\/\/roveyayinevi.com.tr\/index.php\/urun\/benim-sessiz-arkadasim\/"},"modified":"2026-04-16T02:16:26","modified_gmt":"2026-04-15T23:16:26","slug":"benim-sessiz-arkadasim","status":"publish","type":"product","link":"https:\/\/roveyayinevi.com.tr\/index.php\/urun\/benim-sessiz-arkadasim\/","title":{"rendered":"Benim Sessiz Arkada\u015f\u0131m"},"content":{"rendered":"<p>\u00c7ocu\u011fun dilinden ve \u00e7ocu\u011fun bakt\u0131\u011f\u0131 yerden anlat\u0131lan hikayelerin terap\u00f6tik yani iyile\u015ftirici ve tedavi edici etkisi vard\u0131r. \u00c7ocuklara y\u00f6nelik terapilerde, hikayeler s\u0131kl\u0131kla kullan\u0131l\u0131r. Terap\u00f6tik hikayeler, \u00e7ocuk i\u00e7in \u00f6\u011fretici, tedavi edici, i\u00e7g\u00f6r\u00fc kazand\u0131r\u0131c\u0131, kendini ifade etmesini kolayla\u015ft\u0131ran, hayal g\u00fcc\u00fcn\u00fc geli\u015ftiren ve travmalar\u0131yla ba\u015fetmesini sa\u011flayan bir etki g\u00f6sterir.\u0130nsanlar korkunca aynaya baksalard\u0131 ne g\u00f6r\u00fcrlerdi acaba? Eminim \u00e7ok korkarlard\u0131. Ben korkmu\u015ftum&#8230;G\u00f6zleri kocaman olmu\u015f, kirpiklerini birbirine hi\u00e7 dokundurmadan bana bak\u0131yordu.&#8221;K\u0131z\u0131m\u0131 g\u00f6rd\u00fcn\u00fcz m\u00fc? Ne olur s\u00f6yleyin?&#8221; dedi beni g\u00f6stererek&#8230; &#8220;Bu boylarda, san\u0131r\u0131m ayn\u0131 ya\u015ftalar, bir ka\u00e7 g\u00fcn \u00f6nce birlikte oynad\u0131klar\u0131n\u0131 g\u00f6renler olmu\u015f, o y\u00fczden size geldim. Uzun kahverengi sa\u00e7lar\u0131 var, \u00fczerinde de k\u0131rm\u0131z\u0131 bir h\u0131rka&#8230; Konu\u015fam\u0131yor, duyam\u0131yor. Yard\u0131m bile isteyemez, \u00e7ok korkuyorum, l\u00fcfen bana yard\u0131m edin.&#8221; Annem tela\u015flan\u0131yor. \u00dczg\u00fcn ve korkmu\u015f bir insan g\u00f6rd\u00fc\u011f\u00fcnde kim \u00fcz\u00fclmez ki&#8230;Annem beni de al\u0131yor ve hep birlikte sessiz arkada\u015f\u0131m\u0131 aramaya ba\u015fl\u0131yoruz. Onu bulmak i\u00e7in t\u00fcm g\u00fcc\u00fcmle ba\u011f\u0131r\u0131yorum&#8230; Annesi \u015fa\u015fk\u0131n \u015fa\u015fk\u0131n y\u00fcz\u00fcme bak\u0131yor. &#8220;O seni duyamaz ki, ba\u011f\u0131rman\u0131n bir faydas\u0131 yok&#8221; diyor. Olsun, duymasa da hisseder bence&#8230; Kaybolan her insan arand\u0131\u011f\u0131n\u0131 hissetmek ister&#8230;\ufffcTan\u0131t\u0131m Metni<\/p>\n","protected":false},"excerpt":{"rendered":"<p>\u00c7ocu\u011fun dilinden ve \u00e7ocu\u011fun bakt\u0131\u011f\u0131 yerden anlat\u0131lan hikayelerin terap\u00f6tik yani iyile\u015ftirici ve tedavi edici etkisi vard\u0131r. \u00c7ocuklara y\u00f6nelik terapilerde, hikayeler s\u0131kl\u0131kla kullan\u0131l\u0131r. Terap\u00f6tik hikayeler, \u00e7ocuk i\u00e7in<span class=\"excerpt-hellip\"> [\u2026]<\/span><\/p>\n","protected":false},"featured_media":0,"template":"","meta":{"_monsterinsights_skip_tracking":false,"_monsterinsights_sitenote_active":false,"_monsterinsights_sitenote_note":"","_monsterinsights_sitenote_category":0},"product_brand":[],"product_cat":[12274,12284],"product_tag":[],"class_list":{"0":"post-707868","1":"product","2":"type-product","3":"status-publish","5":"product_cat-cocuk-ve-genclik-kitaplari","6":"product_cat-hikayeler","7":"pa_cilt-ciltsiz","8":"pa_tur-kitap","9":"pa_yayinevi-ugurbocegi-yayinlari","10":"pa_yazar-banu-yasar","12":"first","13":"instock","14":"sale","15":"shipping-taxable","16":"purchasable","17":"product-type-simple"},"_links":{"self":[{"href":"https:\/\/roveyayinevi.com.tr\/index.php\/wp-json\/wp\/v2\/product\/707868","targetHints":{"allow":["GET"]}}],"collection":[{"href":"https:\/\/roveyayinevi.com.tr\/index.php\/wp-json\/wp\/v2\/product"}],"about":[{"href":"https:\/\/roveyayinevi.com.tr\/index.php\/wp-json\/wp\/v2\/types\/product"}],"wp:attachment":[{"href":"https:\/\/roveyayinevi.com.tr\/index.php\/wp-json\/wp\/v2\/media?parent=707868"}],"wp:term":[{"taxonomy":"product_brand","embeddable":true,"href":"https:\/\/roveyayinevi.com.tr\/index.php\/wp-json\/wp\/v2\/product_brand?post=707868"},{"taxonomy":"product_cat","embeddable":true,"href":"https:\/\/roveyayinevi.com.tr\/index.php\/wp-json\/wp\/v2\/product_cat?post=707868"},{"taxonomy":"product_tag","embeddable":true,"href":"https:\/\/roveyayinevi.com.tr\/index.php\/wp-json\/wp\/v2\/product_tag?post=707868"}],"curies":[{"name":"wp","href":"https:\/\/api.w.org\/{rel}","templated":true}]}}