{"id":707865,"date":"2025-08-27T16:09:48","date_gmt":"2025-08-27T13:09:48","guid":{"rendered":"https:\/\/roveyayinevi.com.tr\/index.php\/urun\/tom-gates-evet-hayir-belki\/"},"modified":"2026-04-16T02:16:26","modified_gmt":"2026-04-15T23:16:26","slug":"tom-gates-evet-hayir-belki","status":"publish","type":"product","link":"https:\/\/roveyayinevi.com.tr\/index.php\/urun\/tom-gates-evet-hayir-belki\/","title":{"rendered":"Tom Gates Evet! Hay\u0131r Belki"},"content":{"rendered":"<p>Parlak fikirleri, muhte\u015fem bahaneleri, inan\u0131lmaz \u00e7izimleri ve harika d\u00fcnyas\u0131yla Tom Gates yeniden aram\u0131zda!Haydi Tom, b\u0131rak \u015fu elindeki deniz yosunu ve odun aromal\u0131 cips paketini de \u201cGiri\u015fimcilik G\u00fcn\u00fc\u201d i\u00e7in bize ne gibi parlak fikirlerin oldu\u011funu anlat. Acaba ev yap\u0131m\u0131 pastalar m\u0131, tuvalet rulosundan kalemlikler mi daha \u00e7ok ilgi g\u00f6recek a\u00e7may\u0131 planlad\u0131\u011f\u0131n\u0131z sat\u0131\u015f stand\u0131nda?Hap\u015fuuu!!! Olamaz. Bay Bilgili\u2019yi ve Me\u015felik Okulu\u2019nu hastal\u0131ktan k\u0131r\u0131p ge\u00e7iren \u015fu i\u011fren\u00e7 M\u0130KROP salg\u0131n\u0131 \u015fimdi de Tom\u2019u mu pen\u00e7esine d\u00fc\u015f\u00fcr\u00fcyor?Bah\u00e7edeki o g\u00fczelim \u00e7i\u00e7ek tarh\u0131n\u0131 kim mahvetmi\u015f olabilir? Kom\u015funun k\u00f6pe\u011fi mi yoksa turbo-jet g\u00fcc\u00fcnde f\u0131\u015fk\u0131rtmaya ayarlanm\u0131\u015f ba\u015f\u0131na buyruk bir bah\u00e7e hortumu mu?Ortal\u0131k mikroptan k\u0131r\u0131l\u0131rken, Tom\u2019lar\u0131n evinde bir temizlik faaliyeti var ki hi\u00e7 sormay\u0131n! Ahh, hele yok mu o evi i\u015fgal eden D\u00f6k\u00fcnt\u00fcler!? Tom&#8217;un \u00e7ok sevdi\u011fi \u00e7izgi romanlar\u0131 tehlikede! Annesi hepsini ikinci el pazar\u0131nda elden \u00e7\u0131karmaya kararl\u0131 g\u00f6r\u00fcn\u00fcyor. Peki ya o g\u00f6z\u00fcnden bile saklad\u0131\u011f\u0131 \u00e7izgi romanlar\u0131n\u0131n Tom\u2019a 100 adet karamelli gofret almaya yetecek kadar para kazand\u0131raca\u011f\u0131n\u0131 s\u00f6ylesek\u2026Tom Gates\u2019in kahkaha garantili yepyeni maceras\u0131nda okurlar\u0131 her zamanki gibi yine m\u00fcthi\u015f bir doodle s\u00fcrprizi bekliyor: \u0130sim karalamas\u0131. Acaba Tom hangi arkada\u015f\u0131n\u0131 g\u00fczel bir Canavara ya da u\u00e7an bir Ejderhaya d\u00f6n\u00fc\u015ft\u00fcrse? \u015e\u015f\u015f\u015ft! \u00c7izgi roman dosyas\u0131 yapman\u0131n p\u00fcf noktalar\u0131n\u0131n payla\u015f\u0131ld\u0131\u011f\u0131 b\u00f6l\u00fcmden bahsetmek yokBa\u015fta &#8220;Roald Dahl En Komik Kitap \u00d6d\u00fcl\u00fc&#8221; olmak \u00fczere, &#8220;Red House&#8221;, &#8220;Waterstones \u00c7ocuk Kitaplar\u0131 \u00d6d\u00fcl\u00fc&#8221; gibi pek \u00e7ok \u00f6d\u00fcle de\u011fer g\u00f6r\u00fclen &#8220;Tom Gates&#8221; dizisinin 8. maceras\u0131 yine akl\u0131n\u0131z\u0131 ba\u015f\u0131n\u0131zdan alacak.O zaman ne duruyorsunuz, kahkaha ve e\u011flence tufan\u0131 ba\u015flas\u0131n!<\/p>\n","protected":false},"excerpt":{"rendered":"<p>Parlak fikirleri, muhte\u015fem bahaneleri, inan\u0131lmaz \u00e7izimleri ve harika d\u00fcnyas\u0131yla Tom Gates yeniden aram\u0131zda!Haydi Tom, b\u0131rak \u015fu elindeki deniz yosunu ve odun aromal\u0131 cips paketini de \u201cGiri\u015fimcilik<span class=\"excerpt-hellip\"> [\u2026]<\/span><\/p>\n","protected":false},"featured_media":0,"template":"","meta":{"_monsterinsights_skip_tracking":false,"_monsterinsights_sitenote_active":false,"_monsterinsights_sitenote_note":"","_monsterinsights_sitenote_category":0},"product_brand":[],"product_cat":[12275,12274],"product_tag":[],"class_list":{"0":"post-707865","1":"product","2":"type-product","3":"status-publish","5":"product_cat-6-12-yas-kitaplari","6":"product_cat-cocuk-ve-genclik-kitaplari","7":"pa_cilt-ciltli","8":"pa_tur-kitap","9":"pa_yayinevi-tudem-yayinlari","10":"pa_yazar-liz-pichon","12":"first","13":"instock","14":"sale","15":"shipping-taxable","16":"purchasable","17":"product-type-simple"},"_links":{"self":[{"href":"https:\/\/roveyayinevi.com.tr\/index.php\/wp-json\/wp\/v2\/product\/707865","targetHints":{"allow":["GET"]}}],"collection":[{"href":"https:\/\/roveyayinevi.com.tr\/index.php\/wp-json\/wp\/v2\/product"}],"about":[{"href":"https:\/\/roveyayinevi.com.tr\/index.php\/wp-json\/wp\/v2\/types\/product"}],"wp:attachment":[{"href":"https:\/\/roveyayinevi.com.tr\/index.php\/wp-json\/wp\/v2\/media?parent=707865"}],"wp:term":[{"taxonomy":"product_brand","embeddable":true,"href":"https:\/\/roveyayinevi.com.tr\/index.php\/wp-json\/wp\/v2\/product_brand?post=707865"},{"taxonomy":"product_cat","embeddable":true,"href":"https:\/\/roveyayinevi.com.tr\/index.php\/wp-json\/wp\/v2\/product_cat?post=707865"},{"taxonomy":"product_tag","embeddable":true,"href":"https:\/\/roveyayinevi.com.tr\/index.php\/wp-json\/wp\/v2\/product_tag?post=707865"}],"curies":[{"name":"wp","href":"https:\/\/api.w.org\/{rel}","templated":true}]}}